{"id":3,"date":"2021-03-05T14:50:49","date_gmt":"2021-03-05T12:50:49","guid":{"rendered":"https:\/\/monditaly.com\/kauppa\/?page_id=3"},"modified":"2021-09-28T10:31:15","modified_gmt":"2021-09-28T07:31:15","slug":"tietosuojaseloste","status":"publish","type":"page","link":"https:\/\/monditaly.com\/kauppa\/tietosuojaseloste\/","title":{"rendered":"Tietosuojaseloste"},"content":{"rendered":"<h1 class=\"wp-block-heading\">Tietosuojaseloste &#8211; Privacy Policy<\/h1><p><\/p><p>T\u00e4m\u00e4 on EU:n yleisen tietosuoja-asetuksen (679\/2016) 12 ja 13 artiklan ja henkil\u00f6tietolain<br>(523\/1999) 10 \u00a7:n ja 24 \u00a7:n mukainen yhdistetty tietosuojaseloste ja informointiasiakirja<br>potentiaalisille asiakkaille, henkil\u00f6kunnalle, palvelun toimittajille ja muille sidosryhmille sek\u00e4<br>verkkosivuston k\u00e4ytt\u00e4jille.<\/p><p>This is EU General Data Protection Regulation (GDPR) privacy policy for Monditaly Finland<br>and Monditaly Wines &amp; Spirits clients, possible clients, staff, service providers and other<br>parties and anyone who uses this website.<\/p><p>P\u00e4ivitetty: 21.9.2021<\/p><h3 class=\"wp-block-heading\">1. Rekisterinpit\u00e4j\u00e4<\/h3><p>Monditaly Finland Oy \/ Monditaly Wines &amp; Spirits Oy, Juurakkokuja 4, 01510 VANTAA<\/p><h3 class=\"wp-block-heading\">2. Rekisteriasioita koskevat yhteydenotot<\/h3><p>S\u00e4hk\u00f6posti: administration@monditaly.com<\/p><h3 class=\"wp-block-heading\">3. Rekisterin nimi<\/h3><p>Monditaly Finland \/ Monditaly Wines and Spirits<\/p><h3 class=\"wp-block-heading\">4. Henkil\u00f6tietojen k\u00e4sittelyn tarkoitus (rekisterin k\u00e4ytt\u00f6tarkoitus)<\/h3><p>Tallennettuja tietoja ker\u00e4t\u00e4\u00e4n, k\u00e4sitell\u00e4\u00e4n ja k\u00e4ytet\u00e4\u00e4n vain siin\u00e4 m\u00e4\u00e4rin kuin k\u00e4sittely on<br>tarpeellista seuraavia tarkoituksia varten: asiakkaan, palveluntoimittajan, sidosryhmien ja<br>verkkosivuston k\u00e4ytt\u00e4jien suostumuksella yhteydenpitoon, asiakassuhteen hoitamiseen ja<br>kehitt\u00e4miseen, asiakas- ja markkinointiviestint\u00e4\u00e4n, palvelun kehitt\u00e4mistarkoituksiin sek\u00e4<br>verkkosivujen k\u00e4ytett\u00e4vyyden ja toimivuuden varmistamiseen, v\u00e4\u00e4rink\u00e4yt\u00f6sten est\u00e4miseen ja<br>noudattaaksemme lakis\u00e4\u00e4teisi\u00e4 velvoitteita.<\/p><h3 class=\"wp-block-heading\">5. Rekisterin tietosis\u00e4lt\u00f6<\/h3><p>Rekister\u00f6it\u00e4vi\u00e4 tietoja ovat: Asiakkaan sivulla antamat tiedot. S\u00e4\u00e4nn\u00f6nmukaiset tietol\u00e4hteet:<br>Asiakkaan oma uutiskirjeen tilaus tai t\u00e4ytetyn lomakkeen kautta Ota Yhteytt\u00e4 osiossa.<\/p><h3 class=\"wp-block-heading\">6. Ev\u00e4steet<\/h3><p>Ev\u00e4steet ovat teknisi\u00e4 toiminnalle t\u00e4rkeit\u00e4 ev\u00e4steit\u00e4, jotka mahdollistavat verkkosivuston<br>toimivuuden ja sivuston joustavan k\u00e4yt\u00f6n.<\/p><p>Haluamme my\u00f6s k\u00e4ytt\u00e4\u00e4 kolmannen osapuolen tarjoamia (esim. Google) statistiikkaan<br>ja sivuston kehitt\u00e4miseen liittyvi\u00e4 ev\u00e4steit\u00e4, jotka eiv\u00e4t ole ehdottoman v\u00e4ltt\u00e4m\u00e4tt\u00f6mi\u00e4<br>verkkosivustomme toimivuuden kannalta, joten niiden k\u00e4ytt\u00f6\u00f6n pyyd\u00e4mme<br>suostumustasi, saavuttuasi ensimm\u00e4isen kerran verkkosivustollemme. Voit est\u00e4\u00e4 n\u00e4iden<br>ev\u00e4steiden k\u00e4yt\u00f6n milloin vain ev\u00e4steasetuksista tai selaimesi asetuksista.<\/p><p>Mik\u00e4li sinulla on tili ja kirjaudut sivustolle, asetamme v\u00e4liaikaisen ev\u00e4steen, joka<br>p\u00e4\u00e4ttelee tukeeko selaimesi ev\u00e4steit\u00e4 vai ei. T\u00e4m\u00e4 ev\u00e4ste ei sis\u00e4ll\u00e4 henkil\u00f6tietoja ja se<br>poistetaan, kun selainikkuna suljetaan.<\/p><p>Kun kirjaudut sis\u00e4\u00e4n asetamme ev\u00e4steit\u00e4, jotka tallentavat kirjautumis- sek\u00e4<br>n\u00e4ytt\u00f6asetuksesi. Kirjautumisev\u00e4steet poistetaan kahden vuorokauden kuluessa,<br>n\u00e4ytt\u00f6asetuksiin liittyv\u00e4t ev\u00e4steet poistuvat vuoden p\u00e4\u00e4st\u00e4. Mik\u00e4li valitset \u201cMuista minut\u201d<br>kirjautumisen yhteydess\u00e4, kirjautumistietojasi s\u00e4ilytet\u00e4\u00e4n kahden viikon ajan. Mik\u00e4li<br>kirjaudut ulos, kirjautumiseen liittyv\u00e4t ev\u00e4steet poistetaan samassa yhteydess\u00e4.<\/p><p>Voit muokata ev\u00e4steasetukset my\u00f6s t\u00e4st\u00e4:<br><\/p><div id=\"cmplz-manage-consent-container-nojavascript\">Olet ladannut ev\u00e4stek\u00e4yt\u00e4nn\u00f6n ilman JavaScript-tukea.&nbsp;AMP:ssa voit k\u00e4ytt\u00e4\u00e4 hallinnoida suostumuspainiketta sivun alareunassa.<\/div><div id=\"cmplz-manage-consent-container\" name=\"cmplz-manage-consent-container\" class=\"cmplz-manage-consent-container\"><\/div><h3 class=\"wp-block-heading\">7. S\u00e4\u00e4nn\u00f6nmukaiset tietojen luovutukset ja tietojen siirto EU:n tai Euroopan<br>talousalueen ulkopuolelle<\/h3><p>Monditaly Finland Oy ei luovuta tietoja kolmannelle osapuolelle, paitsi lains\u00e4\u00e4d\u00e4nn\u00f6n niin<br>velvoittaessa.<\/p><p>Henkil\u00f6tietoja ei siirret\u00e4 EU:n tai ETA:n ulkopuolelle, ellei se ole tietojen k\u00e4sittelyn teknisen<br>toteuttamisen vuoksi tarpeellista. Uutiskirje tietoja s\u00e4ilytet\u00e4\u00e4n MailChimp-palvelussa EU- ja<br>ETA-alueen ulkopuolella. MailChimp on sitoutunut suojaamaan rekisterin<br>tietosuoja-asetuksen edellytt\u00e4m\u00e4ll\u00e4 tavalla. Lis\u00e4tietoa MailChimpin tietojens\u00e4ilytyksest\u00e4:<br>http:\/\/mailchimp.com\/legal\/privacy\/<\/p><h3 class=\"wp-block-heading\">8. Rekisterin suojauksen periaatteet<\/h3><p>Rekisteri\u00e4 s\u00e4ilytet\u00e4\u00e4n s\u00e4hk\u00f6isesti. Rekisteri on asianmukaisesti suojattu ulkopuolisilta<br>palomuurein ja muin teknisin suojakeinoin. Rekisteri\u00e4 ei s\u00e4ilytet\u00e4 paperitulosteena.<br>Ainoastaan nimetyill\u00e4 henkil\u00f6ill\u00e4 on oikeus k\u00e4ytt\u00e4\u00e4 ja yll\u00e4pit\u00e4\u00e4 rekisterin tietoja. K\u00e4ytt\u00e4ji\u00e4<br>sitoo vaitiolovelvollisuus.<\/p><h3 class=\"wp-block-heading\">9. Tarkastus-, korjaus- ja kielto-oikeus<\/h3><p>Asiakkaalla on oikeus tarkastaa, korjata ja kielt\u00e4\u00e4 rekisteriin tallennettuja itse\u00e4\u00e4n koskevia<br>tietoja, samoin kuin perua uutiskirjetilauksensa milloin vain.<\/p><p>Tarkastus- ja korjauspyynt\u00f6 sek\u00e4 kielto tulee tehd\u00e4 kirjallisesti ja osoittaa yritykselle.<\/p><p><\/p>","protected":false},"excerpt":{"rendered":"<p>Tietosuojaseloste &#8211; Privacy Policy T\u00e4m\u00e4 on EU:n yleisen tietosuoja-asetuksen (679\/2016) 12 ja 13 artiklan ja henkil\u00f6tietolain(523\/1999) 10 \u00a7:n ja 24 \u00a7:n mukainen yhdistetty tietosuojaseloste ja informointiasiakirjapotentiaalisille asiakkaille, henkil\u00f6kunnalle, palvelun toimittajille ja muille sidosryhmille sek\u00e4verkkosivuston k\u00e4ytt\u00e4jille. This is EU General Data Protection Regulation (GDPR) privacy policy for Monditaly Finlandand Monditaly Wines &amp; Spirits clients, possible clients, [&#8230;]\n","protected":false},"author":1,"featured_media":0,"parent":0,"menu_order":0,"comment_status":"closed","ping_status":"open","template":"","meta":{"footnotes":""},"class_list":["post-3","page","type-page","status-publish","hentry"],"_links":{"self":[{"href":"https:\/\/monditaly.com\/kauppa\/wp-json\/wp\/v2\/pages\/3","targetHints":{"allow":["GET"]}}],"collection":[{"href":"https:\/\/monditaly.com\/kauppa\/wp-json\/wp\/v2\/pages"}],"about":[{"href":"https:\/\/monditaly.com\/kauppa\/wp-json\/wp\/v2\/types\/page"}],"author":[{"embeddable":true,"href":"https:\/\/monditaly.com\/kauppa\/wp-json\/wp\/v2\/users\/1"}],"replies":[{"embeddable":true,"href":"https:\/\/monditaly.com\/kauppa\/wp-json\/wp\/v2\/comments?post=3"}],"version-history":[{"count":9,"href":"https:\/\/monditaly.com\/kauppa\/wp-json\/wp\/v2\/pages\/3\/revisions"}],"predecessor-version":[{"id":1882,"href":"https:\/\/monditaly.com\/kauppa\/wp-json\/wp\/v2\/pages\/3\/revisions\/1882"}],"wp:attachment":[{"href":"https:\/\/monditaly.com\/kauppa\/wp-json\/wp\/v2\/media?parent=3"}],"curies":[{"name":"wp","href":"https:\/\/api.w.org\/{rel}","templated":true}]}}