{"id":442,"date":"2021-04-28T12:10:41","date_gmt":"2021-04-28T09:10:41","guid":{"rendered":"https:\/\/monditaly.com\/kauppa\/my-lists\/create-a-list\/"},"modified":"2021-04-28T12:10:41","modified_gmt":"2021-04-28T09:10:41","slug":"create-a-list","status":"publish","type":"page","link":"https:\/\/monditaly.com\/kauppa\/my-lists\/create-a-list\/","title":{"rendered":"Create a List"},"content":{"rendered":"\n<div id=\"wl-wrapper\" class=\"woocommerce\">\n\t\t\t\t\t\t        <div class=\"wl-form\">\n            <form action=\"\" enctype=\"multipart\/form-data\" method=\"post\">\n                <input type=\"hidden\" name=\"wl_return_to\"\n                       value=\"\"\/>\n\t\t\t\t<input type=\"hidden\" name=\"wlaction\" value=\"create-list\" \/>\t\t\t\t<input type=\"hidden\" id=\"_n\" name=\"_n\" value=\"46ca57153a\" \/><input type=\"hidden\" name=\"_wp_http_referer\" value=\"\/kauppa\/wp-json\/wp\/v2\/pages\/442\" \/><input type=\"hidden\" id=\"_n\" name=\"_n\" value=\"46ca57153a\" \/><input type=\"hidden\" name=\"_wp_http_referer\" value=\"\/kauppa\/wp-json\/wp\/v2\/pages\/442\" \/>\n                <p class=\"form-row form-row-wide\">\n                    <label for=\"wishlist_title\">Nime\u00e4 ostoslista                        <abbr class=\"required\" title=\"required\">*<\/abbr><\/label>\n                    <input type=\"text\" name=\"wishlist_title\" id=\"wishlist_title\" class=\"input-text\"\n                           value=\"\"\/>\n                <\/p>\n                <p class=\"form-row form-row-wide\">\n                    <label for=\"wishlist_description\">Ostoslistan kuvaus<\/label>\n                    <textarea name=\"wishlist_description\" id=\"wishlist_description\"><\/textarea>\n                <\/p>\n                <hr\/>\n                <div class=\"form-row\">\n                    <strong>Yksityisyysasetukset                        <abbr class=\"required\" title=\"required\">*<\/abbr><\/strong>\n                    <table class=\"wl-rad-table\">\n\t                                            <tr>\n                            <td><input  type=\"radio\" name=\"wishlist_sharing\" id=\"rad_pub\" value=\"Public\">\n                            <\/td>\n                            <td><label for=\"rad_pub\">Julkinen                                    <span class=\"wl-small\">- Jokainen kaupan k\u00e4ytt\u00e4j\u00e4 voi etsi\u00e4 ja n\u00e4hd\u00e4 t\u00e4m\u00e4n ostoslistan<\/span><\/label>\n                            <\/td>\n                        <\/tr>\n                        \t                                            <tr>\n                            <td><input  type=\"radio\" name=\"wishlist_sharing\" id=\"rad_shared\" value=\"Shared\"><\/td>\n                            <td><label for=\"rad_shared\">Jaettu                                    <span class=\"wl-small\">- Ainoastaan ostoslistan linkin saaneet voivat n\u00e4ht\u00e4 t\u00e4m\u00e4n ostoslistan<\/span><\/label>\n                            <\/td>\n                        <\/tr>\n                        \t                                            <tr>\n                            <td><input  checked='checked' type=\"radio\" name=\"wishlist_sharing\" id=\"rad_priv\" value=\"Private\"><\/td>\n                            <td><label for=\"rad_priv\">Yksityinen                                    <span class=\"wl-small\">- Ainoastaan sin\u00e4 voit n\u00e4hd\u00e4 t\u00e4m\u00e4n ostoslistan<\/span><\/label>\n                            <\/td>\n                        <\/tr>\n                                            <\/table>\n                <\/div>\n                <p class=\"form-row form-row-full\">Kirjoita nimi, jonka haluat liitt\u00e4\u00e4 t\u00e4h\u00e4n luetteloon. Jos luettelosi on julkinen, k\u00e4ytt\u00e4j\u00e4t voivat l\u00f6yt\u00e4\u00e4 sen etsim\u00e4ll\u00e4 t\u00e4t\u00e4 nime\u00e4.<\/p>\n                <p class=\"form-row form-row-first\">\n                    <label for=\"wishlist_first_name\">Etunimi<\/label>\n\t\t\t\t\t                        <input type=\"text\" name=\"wishlist_first_name\" id=\"wishlist_first_name\" class=\"input-text\"\n                               value=\"\"\/>\n\t\t\t\t\t                <\/p>\n                <p class=\"form-row form-row-last\">\n                    <label for=\"wishlist_last_name\">Sukunimi<\/label>\n\n\t\t\t\t\t                        <input type=\"text\" name=\"wishlist_last_name\" id=\"wishlist_last_name\" class=\"input-text\"\n                               value=\"\"\/>\n\t\t\t\t\t                <\/p>\n                <div class=\"wl-clear\"><\/div>\n                <p class=\"form-row\">\n                    <label for=\"wishlist_owner_email\">Luetteloon liittyv\u00e4 s\u00e4hk\u00f6postiosoite<\/label>\n                    <input type=\"text\" name=\"wishlist_owner_email\" id=\"wishlist_owner_email\"\n                           value=\"\"\n                           class=\"input-text\"\/>\n                <\/p>\n\n\n\t\t\t\t\n                <div class=\"wl-clear\"><\/div>\n\n                <p class=\"form-row\">\n\t\t\t\t\t                <\/p>\n\n                <p class=\"form-row\">\n                    <input type=\"submit\" class=\"button alt\" name=\"update_wishlist\"\n                           value=\"Tee uusi ostoslista\">\n                <\/p>\n\n\n            <\/form>\n        <\/div><!-- \/wl form -->\n\t<\/div><!-- \/wishlist-wrapper -->\n\n","protected":false},"excerpt":{"rendered":"","protected":false},"author":1,"featured_media":0,"parent":441,"menu_order":0,"comment_status":"closed","ping_status":"closed","template":"","meta":{"footnotes":""},"class_list":["post-442","page","type-page","status-publish","hentry"],"_links":{"self":[{"href":"https:\/\/monditaly.com\/kauppa\/wp-json\/wp\/v2\/pages\/442","targetHints":{"allow":["GET"]}}],"collection":[{"href":"https:\/\/monditaly.com\/kauppa\/wp-json\/wp\/v2\/pages"}],"about":[{"href":"https:\/\/monditaly.com\/kauppa\/wp-json\/wp\/v2\/types\/page"}],"author":[{"embeddable":true,"href":"https:\/\/monditaly.com\/kauppa\/wp-json\/wp\/v2\/users\/1"}],"replies":[{"embeddable":true,"href":"https:\/\/monditaly.com\/kauppa\/wp-json\/wp\/v2\/comments?post=442"}],"version-history":[{"count":0,"href":"https:\/\/monditaly.com\/kauppa\/wp-json\/wp\/v2\/pages\/442\/revisions"}],"up":[{"embeddable":true,"href":"https:\/\/monditaly.com\/kauppa\/wp-json\/wp\/v2\/pages\/441"}],"wp:attachment":[{"href":"https:\/\/monditaly.com\/kauppa\/wp-json\/wp\/v2\/media?parent=442"}],"curies":[{"name":"wp","href":"https:\/\/api.w.org\/{rel}","templated":true}]}}