{"id":89,"date":"2013-08-11T19:22:53","date_gmt":"2013-08-11T16:22:53","guid":{"rendered":"http:\/\/localhost:8888\/test\/?page_id=532"},"modified":"2024-06-22T00:27:04","modified_gmt":"2024-06-21T21:27:04","slug":"faq","status":"publish","type":"page","link":"https:\/\/monditaly.com\/kauppa\/faq\/","title":{"rendered":"Usein kysytyt kysymykset"},"content":{"rendered":"  <div id=\"page-header-1489792158\" class=\"page-header-wrapper\">\n  <div class=\"page-title dark normal-title\">\n\n        <div class=\"page-title-bg\">\n      <div class=\"title-bg fill bg-fill\"\n        data-parallax-container=\".page-title\"\n        data-parallax-background\n        data-parallax=\"-\">\n      <\/div>\n      <div class=\"title-overlay fill\"><\/div>\n    <\/div>\n    \n    <div class=\"page-title-inner container align-center text-center flex-row-col medium-flex-wrap\" >\n              <div class=\"title-wrapper uppercase flex-col\">\n          <h1 class=\"entry-title mb-0\">\n            Usein kysytyt kysymykset          <\/h1>\n        <\/div>\n                    <div class=\"title-content flex-col\">\n        <ul class=\"nav sm-touch-scroll nav-line nav-uppercase text-center nav-center\"><li class=\"nav-single-page hidden\"><\/li><\/ul>      <\/div>\n    <\/div>\n\n     \n<style>\n#page-header-1489792158 .page-title-inner {\n  min-height: 100px;\n}\n#page-header-1489792158 .normal-title {\n  background-color: #5063ab;\n}\n<\/style>\n  <\/div>\n    <\/div>\n  \n\n\t<div id=\"gap-1682630570\" class=\"gap-element clearfix\" style=\"display:block; height:auto;\">\n\t\t\n<style>\n#gap-1682630570 {\n  padding-top: 30px;\n}\n<\/style>\n\t<\/div>\n\t\n\n<div class=\"row\"  id=\"row-1587043919\">\n\n\n\t<div id=\"col-293908155\" class=\"col large-12\"  >\n\t\t\t\t<div class=\"col-inner\"  >\n\t\t\t\n\t\t\t\n\n<p class=\"lead\">T\u00e4\u00e4lt\u00e4 voit l\u00f6yt\u00e4\u00e4 vastauksen yleisimpiin kysymyksiin. Jos et l\u00f6yd\u00e4 vastausta, ota meihin yhteytt\u00e4. <\/p>\n<div class=\"accordion\">\n\n\t<div id=\"accordion-3011774756\" class=\"accordion-item\">\n\t\t<a id=\"accordion-3011774756-label\" class=\"accordion-title plain\" href=\"#accordion-item-pit\u00e4\u00e4k\u00f6-minun-rekister\u00f6ity\u00e4-verkkokaupan-asiakkaaksi-voidakseni-tehd\u00e4-tilauksen?\" aria-expanded=\"false\" aria-controls=\"accordion-3011774756-content\">\n\t\t\t<button class=\"toggle\" aria-label=\"Toggle\"><i class=\"icon-angle-down\" aria-hidden=\"true\"><\/i><\/button>\n\t\t\t<span>Pit\u00e4\u00e4k\u00f6 minun rekister\u00f6ity\u00e4 verkkokaupan asiakkaaksi voidakseni tehd\u00e4 tilauksen?<\/span>\n\t\t<\/a>\n\t\t<div id=\"accordion-3011774756-content\" class=\"accordion-inner\" aria-labelledby=\"accordion-3011774756-label\">\n\t\t\t\n\n<p>Ei tarvitse, voit tilata my\u00f6s rekister\u00f6itym\u00e4tt\u00e4. Tiedot t\u00e4ytet\u00e4\u00e4n t\u00e4ll\u00f6in kokonaisuudessaan kassalla. <\/p>\n\n\t\t<\/div>\n\t<\/div>\n\t\n\t<div id=\"accordion-860338073\" class=\"accordion-item\">\n\t\t<a id=\"accordion-860338073-label\" class=\"accordion-title plain\" href=\"#accordion-item-olen-unohtanut-salasanani.-miten-toimin?\" aria-expanded=\"false\" aria-controls=\"accordion-860338073-content\">\n\t\t\t<button class=\"toggle\" aria-label=\"Toggle\"><i class=\"icon-angle-down\" aria-hidden=\"true\"><\/i><\/button>\n\t\t\t<span>Olen unohtanut salasanani. Miten toimin?<\/span>\n\t\t<\/a>\n\t\t<div id=\"accordion-860338073-content\" class=\"accordion-inner\" aria-labelledby=\"accordion-860338073-label\">\n\t\t\t\n\n<p>Klikkaa \u201cUnohditko salasanasi\u201d-linkki\u00e4, jolloin sinulle l\u00e4hetet\u00e4\u00e4n uusi salasana ilmoittamaasi s\u00e4hk\u00f6postiosoitteeseen. Jos kirjautumisessa on viel\u00e4 ongelmia, olethan yhteydess\u00e4 asiakaspalveluun. <\/p>\n\n\t\t<\/div>\n\t<\/div>\n\t\n\t<div id=\"accordion-583221273\" class=\"accordion-item\">\n\t\t<a id=\"accordion-583221273-label\" class=\"accordion-title plain\" href=\"#accordion-item-millainen-toimitusaika-tuotteilla-on?\" aria-expanded=\"false\" aria-controls=\"accordion-583221273-content\">\n\t\t\t<button class=\"toggle\" aria-label=\"Toggle\"><i class=\"icon-angle-down\" aria-hidden=\"true\"><\/i><\/button>\n\t\t\t<span>Millainen toimitusaika tuotteilla on?<\/span>\n\t\t<\/a>\n\t\t<div id=\"accordion-583221273-content\" class=\"accordion-inner\" aria-labelledby=\"accordion-583221273-label\">\n\t\t\t\n\n<p>L\u00e4het\u00e4mme tuotteet samana tai seuraavana arkip\u00e4iv\u00e4n\u00e4 tilauksesta. Yleens\u00e4 tuotteet tulevat perille 3-5 arkip\u00e4iv\u00e4n sis\u00e4ll\u00e4.<\/p>\n\n\t\t<\/div>\n\t<\/div>\n\t\n\t<div id=\"accordion-2443303706\" class=\"accordion-item\">\n\t\t<a id=\"accordion-2443303706-label\" class=\"accordion-title plain\" href=\"#accordion-item-mitk\u00e4-ovat-verkkokaupan-toimituskulut?\" aria-expanded=\"false\" aria-controls=\"accordion-2443303706-content\">\n\t\t\t<button class=\"toggle\" aria-label=\"Toggle\"><i class=\"icon-angle-down\" aria-hidden=\"true\"><\/i><\/button>\n\t\t\t<span>Mitk\u00e4 ovat verkkokaupan toimituskulut?<\/span>\n\t\t<\/a>\n\t\t<div id=\"accordion-2443303706-content\" class=\"accordion-inner\" aria-labelledby=\"accordion-2443303706-label\">\n\t\t\t\n\n<p>Toimituskulut ovat alkaen 7,90\u20ac.<\/p>\n\n\t\t<\/div>\n\t<\/div>\n\t\n\t<div id=\"accordion-3142161784\" class=\"accordion-item\">\n\t\t<a id=\"accordion-3142161784-label\" class=\"accordion-title plain\" href=\"#accordion-item-mitk\u00e4-ovat-verkkokaupan-toimitustavat?\" aria-expanded=\"false\" aria-controls=\"accordion-3142161784-content\">\n\t\t\t<button class=\"toggle\" aria-label=\"Toggle\"><i class=\"icon-angle-down\" aria-hidden=\"true\"><\/i><\/button>\n\t\t\t<span>Mitk\u00e4 ovat verkkokaupan toimitustavat?<\/span>\n\t\t<\/a>\n\t\t<div id=\"accordion-3142161784-content\" class=\"accordion-inner\" aria-labelledby=\"accordion-3142161784-label\">\n\t\t\t\n\n<p>Posti ja Matkahuolto. <\/p>\n\n\t\t<\/div>\n\t<\/div>\n\t\n\t<div id=\"accordion-19479306\" class=\"accordion-item\">\n\t\t<a id=\"accordion-19479306-label\" class=\"accordion-title plain\" href=\"#accordion-item-toimitatteko-kaikkialle-suomeen?\" aria-expanded=\"false\" aria-controls=\"accordion-19479306-content\">\n\t\t\t<button class=\"toggle\" aria-label=\"Toggle\"><i class=\"icon-angle-down\" aria-hidden=\"true\"><\/i><\/button>\n\t\t\t<span>Toimitatteko kaikkialle Suomeen?<\/span>\n\t\t<\/a>\n\t\t<div id=\"accordion-19479306-content\" class=\"accordion-inner\" aria-labelledby=\"accordion-19479306-label\">\n\t\t\t\n\n<p>Kyll\u00e4, toimitamme paketit kaikkialle Suomeen.<\/p>\n\n\t\t<\/div>\n\t<\/div>\n\t\n\t<div id=\"accordion-1587694777\" class=\"accordion-item\">\n\t\t<a id=\"accordion-1587694777-label\" class=\"accordion-title plain\" href=\"#accordion-item-millainen-toimitusaika-horeca--tuotteilla-on?\" aria-expanded=\"false\" aria-controls=\"accordion-1587694777-content\">\n\t\t\t<button class=\"toggle\" aria-label=\"Toggle\"><i class=\"icon-angle-down\" aria-hidden=\"true\"><\/i><\/button>\n\t\t\t<span>Millainen toimitusaika HoReCa -tuotteilla on?<\/span>\n\t\t<\/a>\n\t\t<div id=\"accordion-1587694777-content\" class=\"accordion-inner\" aria-labelledby=\"accordion-1587694777-label\">\n\t\t\t\n\n<p>Toimitamme tuotteet l\u00e4hialueilla tilauksesta seuraavana p\u00e4iv\u00e4n\u00e4. Pidemm\u00e4ll\u00e4 sijaitseville asiakkaillemme kuljetukset hoitaa yhteisty\u00f6kumppani, ja ne ovat perill\u00e4 1-2 p\u00e4iv\u00e4\u00e4 tilauksesta. <\/p>\n\n\t\t<\/div>\n\t<\/div>\n\t\n\n<\/div>\n\n\t\t<\/div>\n\t\t\t\t\t<\/div>\n\n\t\n\n<\/div>\n<p>&nbsp;<\/p>","protected":false},"excerpt":{"rendered":"","protected":false},"author":1,"featured_media":17,"parent":0,"menu_order":0,"comment_status":"closed","ping_status":"closed","template":"page-blank.php","meta":{"footnotes":""},"class_list":["post-89","page","type-page","status-publish","has-post-thumbnail","hentry"],"_links":{"self":[{"href":"https:\/\/monditaly.com\/kauppa\/wp-json\/wp\/v2\/pages\/89","targetHints":{"allow":["GET"]}}],"collection":[{"href":"https:\/\/monditaly.com\/kauppa\/wp-json\/wp\/v2\/pages"}],"about":[{"href":"https:\/\/monditaly.com\/kauppa\/wp-json\/wp\/v2\/types\/page"}],"author":[{"embeddable":true,"href":"https:\/\/monditaly.com\/kauppa\/wp-json\/wp\/v2\/users\/1"}],"replies":[{"embeddable":true,"href":"https:\/\/monditaly.com\/kauppa\/wp-json\/wp\/v2\/comments?post=89"}],"version-history":[{"count":19,"href":"https:\/\/monditaly.com\/kauppa\/wp-json\/wp\/v2\/pages\/89\/revisions"}],"predecessor-version":[{"id":5005,"href":"https:\/\/monditaly.com\/kauppa\/wp-json\/wp\/v2\/pages\/89\/revisions\/5005"}],"wp:featuredmedia":[{"embeddable":true,"href":"https:\/\/monditaly.com\/kauppa\/wp-json\/wp\/v2\/media\/17"}],"wp:attachment":[{"href":"https:\/\/monditaly.com\/kauppa\/wp-json\/wp\/v2\/media?parent=89"}],"curies":[{"name":"wp","href":"https:\/\/api.w.org\/{rel}","templated":true}]}}