{"id":91,"date":"2013-08-11T19:06:15","date_gmt":"2013-08-11T16:06:15","guid":{"rendered":"http:\/\/localhost:8888\/test\/?page_id=520"},"modified":"2024-06-22T00:25:24","modified_gmt":"2024-06-21T21:25:24","slug":"tietoa_meista","status":"publish","type":"page","link":"https:\/\/monditaly.com\/kauppa\/tietoa_meista\/","title":{"rendered":"Tietoa meist\u00e4"},"content":{"rendered":"  <div id=\"page-header-1572065744\" class=\"page-header-wrapper\">\n  <div class=\"page-title dark normal-title\">\n\n        <div class=\"page-title-bg\">\n      <div class=\"title-bg fill bg-fill\"\n        data-parallax-container=\".page-title\"\n        data-parallax-background\n        data-parallax=\"-\">\n      <\/div>\n      <div class=\"title-overlay fill\"><\/div>\n    <\/div>\n    \n    <div class=\"page-title-inner container align-center text-center flex-row-col medium-flex-wrap\" >\n              <div class=\"title-wrapper uppercase flex-col\">\n          <h1 class=\"entry-title mb-0\">\n            Tietoa meist\u00e4          <\/h1>\n        <\/div>\n                    <div class=\"title-content flex-col\">\n        <ul class=\"nav sm-touch-scroll nav-line nav-uppercase text-center nav-center\"><li class=\"nav-single-page hidden\"><\/li><\/ul>      <\/div>\n    <\/div>\n\n     \n<style>\n#page-header-1572065744 .page-title-inner {\n  min-height: 100px;\n}\n#page-header-1572065744 .normal-title {\n  background-color: #5063ab;\n}\n<\/style>\n  <\/div>\n    <\/div>\n  \n\n<div class=\"row\"  id=\"row-1512919550\">\n\n\n\t<div id=\"col-583049391\" class=\"col small-12 large-12\"  >\n\t\t\t\t<div class=\"col-inner\"  >\n\t\t\t\n\t\t\t\n\n\t<div id=\"gap-1206186788\" class=\"gap-element clearfix\" style=\"display:block; height:auto;\">\n\t\t\n<style>\n#gap-1206186788 {\n  padding-top: 48px;\n}\n<\/style>\n\t<\/div>\n\t\n\n<p class=\"lead text-center\">Monditaly Finland Oy tuo maahan, myy ja markkinoi laadukkaita elintarvikkeita sek\u00e4 raaka-aineita Etel\u00e4-Euroopasta. Rakennamme ruokakulttuuria tekem\u00e4ll\u00e4 elintarvikkeista el\u00e4myksi\u00e4 ja etsim\u00e4ll\u00e4 maailmalta parhaaksi katsomiamme makuja. Autamme asiakkaitamme nousemaan seuraavalle tasolle keitti\u00f6ss\u00e4 ja rakennamme ruokakaupoista, ravintoloista ja niiden yhdistelmist\u00e4 maailmoja, jotka inspiroivat ihmisi\u00e4. Kaiken voi tehd\u00e4 paremmin ja niin my\u00f6s kannattaa tehd\u00e4. Hyv\u00e4n seurauksena syntyy arvoa sek\u00e4 tekij\u00f6ille ett\u00e4 ravintolan ja kaupan asiakkaille.<\/p>\n<div class=\"text-center\"><div class=\"is-divider divider clearfix\" ><\/div><\/div>\n\n\n\t\t<\/div>\n\t\t\t\t\t<\/div>\n\n\t\n\n\t<div id=\"col-788736408\" class=\"col medium-6 small-12 large-6\"  >\n\t\t\t\t<div class=\"col-inner\"  >\n\t\t\t\n\t\t\t\n\n\t<div id=\"text-2931336592\" class=\"text\">\n\t\t\n\n<p>Palvelemme HoReCa-sektoria ja v\u00e4hitt\u00e4iskauppaa laajalla, noin 3000 artikkelin valikoimalla kuiva- ja tuoretuotteita, joista noin 1000 on saatavilla v\u00e4litt\u00f6m\u00e4sti. HoReCa-asiakkaamme arvostavat mm. laadukkaita puolivalmisteita, delituotteita sek\u00e4 j\u00e4lkiruokia. Esimerkkej\u00e4 tuotteistamme ovat s\u00e4ilykkeet buffetp\u00f6ytiin ja alkupaloihin, leikkeleet, juustot, tahnat, pastat, jauhot sek\u00e4 oliivi\u00f6ljyt. V\u00e4hitt\u00e4iskaupan puolella maahantuomiamme tuotteita, kuten Molino Pasinin jauhoja, Fini Modenan tuorepastoja ja Ibiksen leikkeleit\u00e4 on myynniss\u00e4 K-ryhm\u00e4ss\u00e4 ja panostamme elintarvikemyynnin kasvattamiseen vahvan HoReCa-puolen osaamisen lis\u00e4ksi. V\u00e4hitt\u00e4iskauppa ja HoReCa-asiakkuuskumppanuudet yhdistyv\u00e4t my\u00f6s toimiessamme valmistuttajan roolissa br\u00e4nd\u00e4tyille elintarvikkeille, joista yksi esimerkki ovat ravintola Fat Lizardin omat tuotteet. <\/p>\n\t\t\n<style>\n#text-2931336592 {\n  text-align: left;\n}\n<\/style>\n\t<\/div>\n\t\n\n\t\t<\/div>\n\t\t\t\t\t<\/div>\n\n\t\n\n\t<div id=\"col-977284367\" class=\"col medium-6 small-12 large-6\"  >\n\t\t\t\t<div class=\"col-inner\"  >\n\t\t\t\n\t\t\t\n\n\t<div class=\"img has-hover x md-x lg-x y md-y lg-y\" id=\"image_217770301\">\n\t\t\t\t\t\t\t\t<div class=\"img-inner dark\" >\n\t\t\t<img loading=\"lazy\" decoding=\"async\" width=\"1020\" height=\"566\" src=\"https:\/\/monditaly.com\/kauppa\/wp-content\/uploads\/2021\/04\/rsz_ruokalautanen-1400x777.png\" class=\"attachment-large size-large\" alt=\"\" srcset=\"https:\/\/monditaly.com\/kauppa\/wp-content\/uploads\/2021\/04\/rsz_ruokalautanen-1400x777.png 1400w, https:\/\/monditaly.com\/kauppa\/wp-content\/uploads\/2021\/04\/rsz_ruokalautanen-800x444.png 800w, https:\/\/monditaly.com\/kauppa\/wp-content\/uploads\/2021\/04\/rsz_ruokalautanen-721x400.png 721w, https:\/\/monditaly.com\/kauppa\/wp-content\/uploads\/2021\/04\/rsz_ruokalautanen-768x426.png 768w, https:\/\/monditaly.com\/kauppa\/wp-content\/uploads\/2021\/04\/rsz_ruokalautanen-1536x852.png 1536w, https:\/\/monditaly.com\/kauppa\/wp-content\/uploads\/2021\/04\/rsz_ruokalautanen-510x283.png 510w, https:\/\/monditaly.com\/kauppa\/wp-content\/uploads\/2021\/04\/rsz_ruokalautanen.png 1920w\" sizes=\"auto, (max-width: 1020px) 100vw, 1020px\" \/>\t\t\t\t\t\t\n\t\t\t\t\t<\/div>\n\t\t\t\t\t\t\t\t\n<style>\n#image_217770301 {\n  width: 100%;\n}\n<\/style>\n\t<\/div>\n\t\n\n\n\t\t<\/div>\n\t\t\t\t\t<\/div>\n\n\t\n\n<\/div>\n<div class=\"row\"  id=\"row-938480892\">\n\n\n\t<div id=\"col-2072081109\" class=\"col medium-6 small-12 large-6\"  >\n\t\t\t\t<div class=\"col-inner\"  >\n\t\t\t\n\t\t\t\n\n\t<div class=\"img has-hover x md-x lg-x y md-y lg-y\" id=\"image_556328070\">\n\t\t\t\t\t\t\t\t<div class=\"img-inner dark\" >\n\t\t\t<img loading=\"lazy\" decoding=\"async\" width=\"1020\" height=\"434\" src=\"https:\/\/monditaly.com\/kauppa\/wp-content\/uploads\/2021\/06\/Salaatit-ja-vihannekset-Jarvenpaa-Monditaly-1-1646x700-1-1400x595.jpg\" class=\"attachment-large size-large\" alt=\"\" srcset=\"https:\/\/monditaly.com\/kauppa\/wp-content\/uploads\/2021\/06\/Salaatit-ja-vihannekset-Jarvenpaa-Monditaly-1-1646x700-1-1400x595.jpg 1400w, https:\/\/monditaly.com\/kauppa\/wp-content\/uploads\/2021\/06\/Salaatit-ja-vihannekset-Jarvenpaa-Monditaly-1-1646x700-1-800x340.jpg 800w, https:\/\/monditaly.com\/kauppa\/wp-content\/uploads\/2021\/06\/Salaatit-ja-vihannekset-Jarvenpaa-Monditaly-1-1646x700-1-768x327.jpg 768w, https:\/\/monditaly.com\/kauppa\/wp-content\/uploads\/2021\/06\/Salaatit-ja-vihannekset-Jarvenpaa-Monditaly-1-1646x700-1-1536x653.jpg 1536w, https:\/\/monditaly.com\/kauppa\/wp-content\/uploads\/2021\/06\/Salaatit-ja-vihannekset-Jarvenpaa-Monditaly-1-1646x700-1-510x217.jpg 510w, https:\/\/monditaly.com\/kauppa\/wp-content\/uploads\/2021\/06\/Salaatit-ja-vihannekset-Jarvenpaa-Monditaly-1-1646x700-1.jpg 1646w\" sizes=\"auto, (max-width: 1020px) 100vw, 1020px\" \/>\t\t\t\t\t\t\n\t\t\t\t\t<\/div>\n\t\t\t\t\t\t\t\t\n<style>\n#image_556328070 {\n  width: 100%;\n}\n<\/style>\n\t<\/div>\n\t\n\n\n\t\t<\/div>\n\t\t\t\t\t<\/div>\n\n\t\n\n\t<div id=\"col-1410243650\" class=\"col medium-6 small-12 large-6\"  >\n\t\t\t\t<div class=\"col-inner\"  >\n\t\t\t\n\t\t\t\n\n<p>Tuotepuolen lis\u00e4ksi toteutamme p\u00e4ivitt\u00e4istavarakaupoille, kahviloille ja ravintoloille ainutlaatuisia, r\u00e4\u00e4t\u00e4l\u00f6ityj\u00e4 tila- ja palvelukonsepteja sek\u00e4 design-ratkaisuja. Olemme toteuttaneet suunnitteluprojekteja yhteisty\u00f6ss\u00e4 mm. Keskon kauppojen kanssa. Jo valmistuneista projekteista nostettakoon esiin K-Citymarket J\u00e4rvenp\u00e4\u00e4, josta tunnustuksena on kaupan saama, IGD:n my\u00f6nt\u00e4m\u00e4 maailman parhaan ruokakaupan titteli. Kaikki toki l\u00e4htee aina yritt\u00e4j\u00e4n visiosta ja yksil\u00f6llisist\u00e4 tarpeista, joiden konkretisoitumisessa k\u00e4yt\u00e4nn\u00f6ksi olemme mielell\u00e4mme avuksi. Kumppaninamme toimii italialainen suunnittelutoimisto AFA Arredamenti, jolla on yli 50 vuoden kokemus tilasuunnittelusta ja toteutuksista eri projektien ja toimialojen parissa ymp\u00e4ri maailman.<\/p>\n\n\t\t<\/div>\n\t\t\t\t\t<\/div>\n\n\t\n\n<\/div>","protected":false},"excerpt":{"rendered":"","protected":false},"author":1,"featured_media":17,"parent":0,"menu_order":0,"comment_status":"closed","ping_status":"closed","template":"page-blank.php","meta":{"footnotes":""},"class_list":["post-91","page","type-page","status-publish","has-post-thumbnail","hentry"],"_links":{"self":[{"href":"https:\/\/monditaly.com\/kauppa\/wp-json\/wp\/v2\/pages\/91","targetHints":{"allow":["GET"]}}],"collection":[{"href":"https:\/\/monditaly.com\/kauppa\/wp-json\/wp\/v2\/pages"}],"about":[{"href":"https:\/\/monditaly.com\/kauppa\/wp-json\/wp\/v2\/types\/page"}],"author":[{"embeddable":true,"href":"https:\/\/monditaly.com\/kauppa\/wp-json\/wp\/v2\/users\/1"}],"replies":[{"embeddable":true,"href":"https:\/\/monditaly.com\/kauppa\/wp-json\/wp\/v2\/comments?post=91"}],"version-history":[{"count":17,"href":"https:\/\/monditaly.com\/kauppa\/wp-json\/wp\/v2\/pages\/91\/revisions"}],"predecessor-version":[{"id":5002,"href":"https:\/\/monditaly.com\/kauppa\/wp-json\/wp\/v2\/pages\/91\/revisions\/5002"}],"wp:featuredmedia":[{"embeddable":true,"href":"https:\/\/monditaly.com\/kauppa\/wp-json\/wp\/v2\/media\/17"}],"wp:attachment":[{"href":"https:\/\/monditaly.com\/kauppa\/wp-json\/wp\/v2\/media?parent=91"}],"curies":[{"name":"wp","href":"https:\/\/api.w.org\/{rel}","templated":true}]}}