{"id":1138,"date":"2021-06-17T09:53:13","date_gmt":"2021-06-17T06:53:13","guid":{"rendered":"https:\/\/monditaly.com\/kauppa\/?post_type=product&#038;p=1138"},"modified":"2025-01-10T14:09:29","modified_gmt":"2025-01-10T12:09:29","slug":"viander-sardellifileet-auringonkukkaoljyssa-720g","status":"publish","type":"product","link":"https:\/\/monditaly.com\/kauppa\/tuote\/viander-sardellifileet-auringonkukkaoljyssa-720g\/","title":{"rendered":"Viander Anjovisfilee \u00f6ljyss\u00e4 TOP lasipurkki 720g"},"content":{"rendered":"<h3>Ainesosat \/ Ingredienser:<\/h3>\n<p>Anjovis (Engraulis Encrasicolus) 50%, auringonkukka\u00f6ljy 50%, suola.<\/p>\n<p><span data-sheets-formula-bar-text-style=\"font-size:13px;color:#000000;font-weight:bold;text-decoration:none;font-family:''Arial'';font-style:normal;text-decoration-skip-ink:none;\">Anjovis <\/span><span data-sheets-formula-bar-text-style=\"font-size:13px;color:#000000;font-weight:normal;text-decoration:none;font-family:'Arial';font-style:normal;text-decoration-skip-ink:none;\">(Engraulis Encrasicolus) 50%, solrosolja 50%, salt.<\/span><\/p>\n<h3>Ravintoarvot per 100g \/ N\u00e4ringsv\u00e4rde per 100g:<\/h3>\n<p>Energia \/ Energi 1005 kJ \/ 241 kcal<br \/>\nRasva \/ Fett 15,9 g<br \/>\njosta tyydyttynytt\u00e4 \/ varav m\u00e4ttade 3,6 g<br \/>\nHiilihydraatit \/ Kolhydrat &lt; 0,1 g<br \/>\njoista sokereita \/ varav sockerarter &lt; 0,1 g<br \/>\nKuitu \/ Fiber<br \/>\nProteiini \/ Protein 24,5 g<br \/>\nSuola \/ Salt 2,0 g<\/p>\n","protected":false},"excerpt":{"rendered":"<p>Anjovisfileit\u00e4 auringonkukka\u00f6ljyss\u00e4. Kalastusalueelta FAO 37.1-37.2. S\u00e4ilyt\u00e4 alle 15\u00b0C asteessa. S\u00e4ilyt\u00e4 avattu tuote j\u00e4\u00e4kaapissa ja k\u00e4yt\u00e4 lyhyen ajan sis\u00e4ll\u00e4.<\/p>\n<p>Anchovy fillets in sunflower oil.<\/p>\n","protected":false},"featured_media":2231,"template":"","meta":[],"product_brand":[],"product_cat":[110,70,82],"product_tag":[312,311],"class_list":{"0":"post-1138","1":"product","2":"type-product","3":"status-publish","4":"has-post-thumbnail","6":"product_cat-horeca-teolliset-elintarvikkeet","7":"product_cat-sailykkeet-horeca","8":"product_cat-kalatuotteet-horeca","9":"product_tag-anchovies","10":"product_tag-anjovis","11":"product_shipping_class-horeca","13":"first","14":"instock","15":"taxable","16":"shipping-taxable","17":"product-type-simple"},"_links":{"self":[{"href":"https:\/\/monditaly.com\/kauppa\/wp-json\/wp\/v2\/product\/1138","targetHints":{"allow":["GET"]}}],"collection":[{"href":"https:\/\/monditaly.com\/kauppa\/wp-json\/wp\/v2\/product"}],"about":[{"href":"https:\/\/monditaly.com\/kauppa\/wp-json\/wp\/v2\/types\/product"}],"wp:featuredmedia":[{"embeddable":true,"href":"https:\/\/monditaly.com\/kauppa\/wp-json\/wp\/v2\/media\/2231"}],"wp:attachment":[{"href":"https:\/\/monditaly.com\/kauppa\/wp-json\/wp\/v2\/media?parent=1138"}],"wp:term":[{"taxonomy":"product_brand","embeddable":true,"href":"https:\/\/monditaly.com\/kauppa\/wp-json\/wp\/v2\/product_brand?post=1138"},{"taxonomy":"product_cat","embeddable":true,"href":"https:\/\/monditaly.com\/kauppa\/wp-json\/wp\/v2\/product_cat?post=1138"},{"taxonomy":"product_tag","embeddable":true,"href":"https:\/\/monditaly.com\/kauppa\/wp-json\/wp\/v2\/product_tag?post=1138"}],"curies":[{"name":"wp","href":"https:\/\/api.w.org\/{rel}","templated":true}]}}