{"id":1206,"date":"2021-06-22T11:06:14","date_gmt":"2021-06-22T08:06:14","guid":{"rendered":"https:\/\/monditaly.com\/kauppa\/?post_type=product&#038;p=1206"},"modified":"2024-07-05T17:03:13","modified_gmt":"2024-07-05T14:03:13","slug":"caffe-mike-rosso-kahvipapu-1kg","status":"publish","type":"product","link":"https:\/\/monditaly.com\/kauppa\/tuote\/caffe-mike-rosso-kahvipapu-1kg\/","title":{"rendered":"Caff\u00e8 Mike Rosso kahvipapu 1kg"},"content":{"rendered":"<h3>Ainesosat:<\/h3>\n<p>Arabica- ja Robusta kahvin sekoitus.<\/p>\n<p>&nbsp;<\/p>\n","protected":false},"excerpt":{"rendered":"<p>Italialaisia espresso kahvipapuja. Miellytt\u00e4v\u00e4 yhdistelm\u00e4 Arabica- ja Robusta -kahvilaatuja, jotka tuovat t\u00e4lle kahville ainutlaatuisen, vahvan ja t\u00e4ytel\u00e4isen maun. Tiivis ja kermainen koostumus kupissa.<\/p>\n<p>Italian espresso coffee beans. A clever blend of arabica and robusta that makes it possible to obtain a coffee with a unique taste, strong and generous, dense and creamy in the cup.<\/p>\n","protected":false},"featured_media":1217,"template":"","meta":[],"product_brand":[],"product_cat":[23,294,290,291],"product_tag":[320],"class_list":{"0":"post-1206","1":"product","2":"type-product","3":"status-publish","4":"has-post-thumbnail","6":"product_cat-juomat","7":"product_cat-juomat-horeca","8":"product_cat-kahvit-teet-ja-kaakaot-horeca","9":"product_cat-kahvit-horeca","10":"product_tag-coffee","11":"product_shipping_class-horeca","13":"first","14":"instock","15":"taxable","16":"shipping-taxable","17":"product-type-simple"},"_links":{"self":[{"href":"https:\/\/monditaly.com\/kauppa\/wp-json\/wp\/v2\/product\/1206","targetHints":{"allow":["GET"]}}],"collection":[{"href":"https:\/\/monditaly.com\/kauppa\/wp-json\/wp\/v2\/product"}],"about":[{"href":"https:\/\/monditaly.com\/kauppa\/wp-json\/wp\/v2\/types\/product"}],"wp:featuredmedia":[{"embeddable":true,"href":"https:\/\/monditaly.com\/kauppa\/wp-json\/wp\/v2\/media\/1217"}],"wp:attachment":[{"href":"https:\/\/monditaly.com\/kauppa\/wp-json\/wp\/v2\/media?parent=1206"}],"wp:term":[{"taxonomy":"product_brand","embeddable":true,"href":"https:\/\/monditaly.com\/kauppa\/wp-json\/wp\/v2\/product_brand?post=1206"},{"taxonomy":"product_cat","embeddable":true,"href":"https:\/\/monditaly.com\/kauppa\/wp-json\/wp\/v2\/product_cat?post=1206"},{"taxonomy":"product_tag","embeddable":true,"href":"https:\/\/monditaly.com\/kauppa\/wp-json\/wp\/v2\/product_tag?post=1206"}],"curies":[{"name":"wp","href":"https:\/\/api.w.org\/{rel}","templated":true}]}}