{"id":1492,"date":"2021-07-05T14:34:08","date_gmt":"2021-07-05T11:34:08","guid":{"rendered":"https:\/\/monditaly.com\/kauppa\/?post_type=product&#038;p=1492"},"modified":"2024-08-09T19:52:32","modified_gmt":"2024-08-09T16:52:32","slug":"auricchio-pecorino-calcagno-pepato-juusto","status":"publish","type":"product","link":"https:\/\/monditaly.com\/kauppa\/tuote\/auricchio-pecorino-calcagno-pepato-juusto\/","title":{"rendered":"Auricchio Pecorino Calcagno Pepato juusto n. 3,5kg"},"content":{"rendered":"<h3>Ainesosat:<\/h3>\n<p>Past\u00f6roitu lampaanmaito, suola, pippuri, juoksute. S\u00e4il\u00f6nt\u00e4aineet pinnassa E235. V\u00e4riaineet pinnassa E160b(ii), E172. Kuori ei ole sy\u00f6t\u00e4v\u00e4\u00e4. S\u00e4ilyt\u00e4 viile\u00e4ss\u00e4 +2-+8.<\/p>\n<p>Past\u00f6riserad f\u00e5rmj\u00f6lk, salt, peppar, l\u00f6pe. Konserveringsmedel p\u00e5 ytan E235. F\u00e4rg\u00e4mner p\u00e5 ytan E160b(ii), E172. Skal inte \u00e4tbar.<\/p>\n<h3>Ravintoarvot per 100g:<\/h3>\n<p>Energia \/ Energi 1609 kJ \/ 388 kcal<br \/>\nRasva \/ Fett 32 g josta tyydyttynytt\u00e4 \/ varav m\u00e4ttade 20 g<br \/>\nHiilihydraatit \/ Kolhydrater 0 g joista sokereita \/ varav sockerarter 0 g<br \/>\nProteiini \/ Protein 25 g<br \/>\nSuola \/ Salt 4,5 g<\/p>\n<p>&nbsp;<\/p>\n","protected":false},"excerpt":{"rendered":"<p>Pecorino lampaanmaitojuusto, jossa mustapippuria. Kypsytetty v\u00e4hint\u00e4\u00e4n 5kk, mik\u00e4 antaa juustolle pikantin maun.<\/p>\n","protected":false},"featured_media":1664,"template":"","meta":[],"product_brand":[],"product_cat":[196,36,163,246,249],"product_tag":[187],"class_list":{"0":"post-1492","1":"product","2":"type-product","3":"status-publish","4":"has-post-thumbnail","6":"product_cat-kilokauppa","7":"product_cat-viileat","8":"product_cat-viileat-horeca","9":"product_cat-juustot-horeca","10":"product_cat-kovat-juustot-horeca","11":"product_tag-cheese","12":"product_shipping_class-viileat-pakaste","14":"first","15":"onbackorder","16":"taxable","17":"shipping-taxable","18":"product-type-simple"},"_links":{"self":[{"href":"https:\/\/monditaly.com\/kauppa\/wp-json\/wp\/v2\/product\/1492","targetHints":{"allow":["GET"]}}],"collection":[{"href":"https:\/\/monditaly.com\/kauppa\/wp-json\/wp\/v2\/product"}],"about":[{"href":"https:\/\/monditaly.com\/kauppa\/wp-json\/wp\/v2\/types\/product"}],"wp:featuredmedia":[{"embeddable":true,"href":"https:\/\/monditaly.com\/kauppa\/wp-json\/wp\/v2\/media\/1664"}],"wp:attachment":[{"href":"https:\/\/monditaly.com\/kauppa\/wp-json\/wp\/v2\/media?parent=1492"}],"wp:term":[{"taxonomy":"product_brand","embeddable":true,"href":"https:\/\/monditaly.com\/kauppa\/wp-json\/wp\/v2\/product_brand?post=1492"},{"taxonomy":"product_cat","embeddable":true,"href":"https:\/\/monditaly.com\/kauppa\/wp-json\/wp\/v2\/product_cat?post=1492"},{"taxonomy":"product_tag","embeddable":true,"href":"https:\/\/monditaly.com\/kauppa\/wp-json\/wp\/v2\/product_tag?post=1492"}],"curies":[{"name":"wp","href":"https:\/\/api.w.org\/{rel}","templated":true}]}}