{"id":1512,"date":"2021-07-07T14:30:29","date_gmt":"2021-07-07T11:30:29","guid":{"rendered":"https:\/\/monditaly.com\/kauppa\/?post_type=product&#038;p=1512"},"modified":"2024-08-09T19:52:32","modified_gmt":"2024-08-09T16:52:32","slug":"ibis-san-daniele-ilmakuivattu-kinkku-7000g","status":"publish","type":"product","link":"https:\/\/monditaly.com\/kauppa\/tuote\/ibis-san-daniele-ilmakuivattu-kinkku-7000g\/","title":{"rendered":"Ibis San Daniele ilmakuivattu kinkku 7kg"},"content":{"rendered":"<h3>Ainesosat:<\/h3>\n<p>Sianpotka, suola.<\/p>\n<p>Fl\u00e4skl\u00e4gg, salt.<\/p>\n<h3>Ravintoarvot per 100g:<\/h3>\n<p>100 gramman valmistamiseen on k\u00e4ytetty 140 g sianlihaa<\/p>\n<p>Energia \/ Energi 1145 kJ \/ 275 Kcal<br \/>\nRasva \/ Fett 19,0 g josta tyydyttynytt\u00e4 \/ varav m\u00e4ttade 6,5 g<br \/>\nHiilihydraatit \/ Kolhydrater 0,0 g joista sokereita \/ varav sockerarter 0,0 g<br \/>\nProteiini \/ Protein 26,0 g<br \/>\nKuitu \/ Fiber 0,0 g<br \/>\nSuola \/ Salt 4,40 g<\/p>\n","protected":false},"excerpt":{"rendered":"<p><span data-sheets-value=\"{&quot;1&quot;:2,&quot;2&quot;:&quot;Italialainen sianpotka, joka on kasvatettu ja teurastettu suojatun tuotannon piirin teurastamossa, jossa on auktorisoidut maanviljelij\u00e4t ja lihantarkastusleimat. Kypsytetty ainakin 12 kk ajan ja siit\u00e4 l\u00f6ytyy San Daniele Consorzion tavaramerkki. Luu on poistettu reisiluun leveydell\u00e4 leikkaamalla. Kinkku on vakuumipakattu l\u00e4pin\u00e4kyv\u00e4\u00e4n kelmuun ja etiket\u00f6ity.&quot;}\" data-sheets-userformat=\"{&quot;2&quot;:4993,&quot;3&quot;:{&quot;1&quot;:1},&quot;10&quot;:2,&quot;11&quot;:4,&quot;12&quot;:0,&quot;15&quot;:&quot;Arial&quot;}\">Italialainen sianpotka, joka on kasvatettu ja teurastettu suojatun tuotannon piirin teurastamossa, jossa on auktorisoidut maanviljelij\u00e4t ja lihantarkastusleimat. Kypsytetty ainakin 12kk ajan ja siit\u00e4 l\u00f6ytyy San Daniele Consorzion tavaramerkki. Luu on poistettu reisiluun leveydell\u00e4 leikkaamalla. Kinkku on vakuumipakattu l\u00e4pin\u00e4kyv\u00e4\u00e4n kelmuun ja etiket\u00f6ity. Laktoositon ja gluteeniton.<\/span><\/p>\n<p><span data-sheets-value=\"{&quot;1&quot;:2,&quot;2&quot;:&quot;Italian pork leg, reared and slaughtered in structure of protected production circuit, with authorized farmer and slaughterer stamps. It is seasoned for minimum 12 months and it presents the fire impressed San Daniele Consorzio\\nstamp . Deboned by vertical cut among thigh-bone lenght.\\nHam is undervacuum packed with trasparent film and label.&quot;}\" data-sheets-userformat=\"{&quot;2&quot;:4481,&quot;3&quot;:{&quot;1&quot;:1},&quot;10&quot;:0,&quot;11&quot;:4,&quot;15&quot;:&quot;Arial&quot;}\">Italian pork leg, reared and slaughtered in structure of protected production circuit, with authorized farmer and slaughterer stamps. It is seasoned for minimum 12 months and it presents the fire impressed San Daniele Consorzio stamp. Deboned by vertical cut among thigh-bone length. Ham is undervacuum packed with trasparent film and label. Lactose and gluten free.<\/span><\/p>\n","protected":false},"featured_media":1515,"template":"","meta":[],"product_brand":[],"product_cat":[196,36,163,165,166],"product_tag":[327,304,325,190,308,305],"class_list":{"0":"post-1512","1":"product","2":"type-product","3":"status-publish","4":"has-post-thumbnail","6":"product_cat-kilokauppa","7":"product_cat-viileat","8":"product_cat-viileat-horeca","9":"product_cat-lihat-horeca","10":"product_cat-salamit-ja-kinkut-horeca","11":"product_tag-cured","12":"product_tag-gluteeniton","13":"product_tag-gluten-free","14":"product_tag-ham","15":"product_tag-lactose-free","16":"product_tag-laktoositon","17":"product_shipping_class-viileat-pakaste","19":"first","20":"instock","21":"taxable","22":"shipping-taxable","23":"product-type-simple"},"_links":{"self":[{"href":"https:\/\/monditaly.com\/kauppa\/wp-json\/wp\/v2\/product\/1512","targetHints":{"allow":["GET"]}}],"collection":[{"href":"https:\/\/monditaly.com\/kauppa\/wp-json\/wp\/v2\/product"}],"about":[{"href":"https:\/\/monditaly.com\/kauppa\/wp-json\/wp\/v2\/types\/product"}],"wp:featuredmedia":[{"embeddable":true,"href":"https:\/\/monditaly.com\/kauppa\/wp-json\/wp\/v2\/media\/1515"}],"wp:attachment":[{"href":"https:\/\/monditaly.com\/kauppa\/wp-json\/wp\/v2\/media?parent=1512"}],"wp:term":[{"taxonomy":"product_brand","embeddable":true,"href":"https:\/\/monditaly.com\/kauppa\/wp-json\/wp\/v2\/product_brand?post=1512"},{"taxonomy":"product_cat","embeddable":true,"href":"https:\/\/monditaly.com\/kauppa\/wp-json\/wp\/v2\/product_cat?post=1512"},{"taxonomy":"product_tag","embeddable":true,"href":"https:\/\/monditaly.com\/kauppa\/wp-json\/wp\/v2\/product_tag?post=1512"}],"curies":[{"name":"wp","href":"https:\/\/api.w.org\/{rel}","templated":true}]}}