{"id":1525,"date":"2021-07-08T13:23:24","date_gmt":"2021-07-08T10:23:24","guid":{"rendered":"https:\/\/monditaly.com\/kauppa\/?post_type=product&#038;p=1525"},"modified":"2024-07-05T13:56:41","modified_gmt":"2024-07-05T10:56:41","slug":"pasini-granozero-gluteeniton-pizza-ja-leipajauho-1kg","status":"publish","type":"product","link":"https:\/\/monditaly.com\/kauppa\/tuote\/pasini-granozero-gluteeniton-pizza-ja-leipajauho-1kg\/","title":{"rendered":"Pasini Granozero gluteeniton pizza- ja leip\u00e4jauho 1kg"},"content":{"rendered":"<h3>Ainesosat \/ Ingredienser:<\/h3>\n<p>Maissit\u00e4rkkelys, inuliini, fruktoosi, sakeuttamistaineet: E412, E464, psylliumin siemenjauho. <strong>Saattaa sis\u00e4lt\u00e4\u00e4 j\u00e4\u00e4mi\u00e4 maitoproteiinista, kananmunasta, p\u00e4hkin\u00f6ist\u00e4, soijasta, sinapista ja seesamista.<\/strong><\/p>\n<p>Majsst\u00e4rkelse, inulin, fruktos, f\u00f6rtjockningsmedel: E412, E464, psyllium fr\u00f6mj\u00f6l. <strong>Kan inneh\u00e5lla sp\u00e5r av mj\u00f6lkprotein, \u00e4gg, n\u00f6tter, soja, senap och sesam.<\/strong><\/p>\n<h3>Ravintoarvot per 100g \/ N\u00e4ringsv\u00e4rde per 100g:<\/h3>\n<p>Energia \/ Energi 1419 kJ \/ 335 kcal<br \/>\nRasva \/ Fett 0 g josta tyydyttynytt\u00e4 \/ varav m\u00e4ttade 0 g<br \/>\nHiilihydraatit \/ Kolhydrat 79 g joista sokereita \/ varav sockerarter 3,4 g<br \/>\nKuitu \/ Fiber 6,2 g<br \/>\nProteiini \/ Protein 0,5 g<br \/>\nSuola \/ Salt 0,03 g<\/p>\n","protected":false},"excerpt":{"rendered":"<p>100% gluteeniton ja laktoositon valmiste. T\u00e4ll\u00e4 onnistut erinomaisesti leipien, rapeiden pizzojen sek\u00e4 kuohkeiden leivonnaisten valmistamisessa.<\/p>\n<p>An excellent 100% gluten and lactose-free mix to make crisp and tasty breads and pizzas.<\/p>\n","protected":false},"featured_media":1526,"template":"","meta":[],"product_brand":[],"product_cat":[196,46,110,74,156],"product_tag":[304,325,308,305],"class_list":{"0":"post-1525","1":"product","2":"type-product","3":"status-publish","4":"has-post-thumbnail","6":"product_cat-kilokauppa","7":"product_cat-teolliset_elintarvikkeet","8":"product_cat-horeca-teolliset-elintarvikkeet","9":"product_cat-kuivat-elintarvikkeet-horeca","10":"product_cat-jauhot-horeca","11":"product_tag-gluteeniton","12":"product_tag-gluten-free","13":"product_tag-lactose-free","14":"product_tag-laktoositon","15":"product_shipping_class-horeca","17":"first","18":"instock","19":"taxable","20":"shipping-taxable","21":"product-type-simple"},"_links":{"self":[{"href":"https:\/\/monditaly.com\/kauppa\/wp-json\/wp\/v2\/product\/1525","targetHints":{"allow":["GET"]}}],"collection":[{"href":"https:\/\/monditaly.com\/kauppa\/wp-json\/wp\/v2\/product"}],"about":[{"href":"https:\/\/monditaly.com\/kauppa\/wp-json\/wp\/v2\/types\/product"}],"wp:featuredmedia":[{"embeddable":true,"href":"https:\/\/monditaly.com\/kauppa\/wp-json\/wp\/v2\/media\/1526"}],"wp:attachment":[{"href":"https:\/\/monditaly.com\/kauppa\/wp-json\/wp\/v2\/media?parent=1525"}],"wp:term":[{"taxonomy":"product_brand","embeddable":true,"href":"https:\/\/monditaly.com\/kauppa\/wp-json\/wp\/v2\/product_brand?post=1525"},{"taxonomy":"product_cat","embeddable":true,"href":"https:\/\/monditaly.com\/kauppa\/wp-json\/wp\/v2\/product_cat?post=1525"},{"taxonomy":"product_tag","embeddable":true,"href":"https:\/\/monditaly.com\/kauppa\/wp-json\/wp\/v2\/product_tag?post=1525"}],"curies":[{"name":"wp","href":"https:\/\/api.w.org\/{rel}","templated":true}]}}