{"id":1594,"date":"2021-07-30T15:04:18","date_gmt":"2021-07-30T12:04:18","guid":{"rendered":"https:\/\/monditaly.com\/kauppa\/?post_type=product&#038;p=1594"},"modified":"2024-07-10T20:46:37","modified_gmt":"2024-07-10T17:46:37","slug":"viander-lacrimella-kaprikset-viinietikassa-3kg","status":"publish","type":"product","link":"https:\/\/monditaly.com\/kauppa\/tuote\/viander-lacrimella-kaprikset-viinietikassa-3kg\/","title":{"rendered":"Viander Lacrimella-kaprikset viinietikassa 3kg"},"content":{"rendered":"<h3>Ainesosat \/ Ingredienser:<\/h3>\n<p>Kapriksia, vesi, viinietikka, suola, happamuudens\u00e4\u00e4t\u00f6aine: sitruunahappo (E330), hapettumisenestoaine: askorbiinihappo (E300).<\/p>\n<p>Kapris, vatten, vin\u00e4ttika, salt, surhetsreglerande medel: askorbinsyra (E300).<\/p>\n<h3>Ravintoarvot per 100g \/ N\u00e4ringsv\u00e4rde per 100g:<\/h3>\n<p>Energia \/ Energi 104 kJ \/ 25 kcal<br \/>\nRasva \/ Fett 0,7 g<br \/>\njosta tyydyttynytt\u00e4 \/ varav m\u00e4ttade 0,2 g<br \/>\nHiilihydraatit \/ Kolhydrater 1,5 g<br \/>\njoista sokereita \/ varav sockerarter 0,3 g<br \/>\nKuitu \/ Fiber 2,6 g<br \/>\nProteiini \/ Protein 1,9 g<br \/>\nSuola \/ Salt 4,9 g<\/p>\n","protected":false},"excerpt":{"rendered":"<p>Luokan 9\/10 mm kapriksia viinietikassa. Kapristen alkuper\u00e4maa: Marokko. S\u00e4ilyt\u00e4 viile\u00e4ss\u00e4 ja kuivassa paikassa l\u00e4mm\u00f6lt\u00e4 suojattuna. S\u00e4ilyt\u00e4 avattu pakkaus j\u00e4\u00e4kaapissa ja k\u00e4yt\u00e4 lyhyen ajan sis\u00e4ll\u00e4.<\/p>\n<p>Lacrimella capers in wine vinegar, class 9\/10 mm.<\/p>\n","protected":false},"featured_media":2257,"template":"","meta":[],"product_brand":[],"product_cat":[46,110,70,81],"product_tag":[143,145],"class_list":{"0":"post-1594","1":"product","2":"type-product","3":"status-publish","4":"has-post-thumbnail","6":"product_cat-teolliset_elintarvikkeet","7":"product_cat-horeca-teolliset-elintarvikkeet","8":"product_cat-sailykkeet-horeca","9":"product_cat-vihannekset-horeca","10":"product_tag-caper","11":"product_tag-capperi","12":"product_shipping_class-horeca","14":"first","15":"instock","16":"taxable","17":"shipping-taxable","18":"product-type-simple"},"_links":{"self":[{"href":"https:\/\/monditaly.com\/kauppa\/wp-json\/wp\/v2\/product\/1594","targetHints":{"allow":["GET"]}}],"collection":[{"href":"https:\/\/monditaly.com\/kauppa\/wp-json\/wp\/v2\/product"}],"about":[{"href":"https:\/\/monditaly.com\/kauppa\/wp-json\/wp\/v2\/types\/product"}],"wp:featuredmedia":[{"embeddable":true,"href":"https:\/\/monditaly.com\/kauppa\/wp-json\/wp\/v2\/media\/2257"}],"wp:attachment":[{"href":"https:\/\/monditaly.com\/kauppa\/wp-json\/wp\/v2\/media?parent=1594"}],"wp:term":[{"taxonomy":"product_brand","embeddable":true,"href":"https:\/\/monditaly.com\/kauppa\/wp-json\/wp\/v2\/product_brand?post=1594"},{"taxonomy":"product_cat","embeddable":true,"href":"https:\/\/monditaly.com\/kauppa\/wp-json\/wp\/v2\/product_cat?post=1594"},{"taxonomy":"product_tag","embeddable":true,"href":"https:\/\/monditaly.com\/kauppa\/wp-json\/wp\/v2\/product_tag?post=1594"}],"curies":[{"name":"wp","href":"https:\/\/api.w.org\/{rel}","templated":true}]}}