{"id":1597,"date":"2021-07-30T15:31:23","date_gmt":"2021-07-30T12:31:23","guid":{"rendered":"https:\/\/monditaly.com\/kauppa\/?post_type=product&#038;p=1597"},"modified":"2024-08-09T19:52:30","modified_gmt":"2024-08-09T16:52:30","slug":"auricchio-ricotta-salata-juusto-n-600g","status":"publish","type":"product","link":"https:\/\/monditaly.com\/kauppa\/tuote\/auricchio-ricotta-salata-juusto-n-600g\/","title":{"rendered":"Auricchio Ricotta salata juusto n. 600g"},"content":{"rendered":"<h3>Ainesosat:<\/h3>\n<p>Lampaanmaidon hera 97%, suola 3%.<\/p>\n<p>F\u00e5rmj\u00f6lksvassle 97%, salt 3%.<\/p>\n<h3>Ravintoarvot per 100g:<\/h3>\n<p>Energia \/ Energi 878 kJ \/ 211 kcal<br \/>\nRasva \/ Fett 15 g josta tyydyttynytt\u00e4 \/ varav m\u00e4ttade 11 g<br \/>\nHiilihydraatit \/ Kolhydrat 2 g joista sokereita \/ varav sockerarter 2 g<br \/>\nKuitu \/ Fiber 0 g<br \/>\nProteiini \/ Protein 17 g<br \/>\nSuola \/ Salt 3,5 g<\/p>\n<p>&nbsp;<\/p>\n","protected":false},"excerpt":{"rendered":"<p><span style=\"font-weight: 400;\">Tuotettu past\u00f6roidusta lampaanmaitoherasta, kypsytysaika 2-4kk. Sopii V\u00e4limeren keitti\u00f6n ensimm\u00e4isiin ja toisiin ruokalajeihin raaka-aineeksi, salaatteihin, p\u00f6yt\u00e4juustoksi ja pastan p\u00e4\u00e4lle raastettuna. <\/span>Sisilialainen, Pecorinon sukuinen juusto, rakenteeltaan kiinte\u00e4 ja maitomaisen valkoinen.<\/p>\n<p>Produced from pasteurized sheep&#8217;s milk whey, maturation time 2-4 months. Suitable for first and second courses of Mediterranean cuisine as an ingredient, salads, table cheese and grated over pasta. A Sicilian cheese related to Pecorino, firm in structure and milky white.<\/p>\n","protected":false},"featured_media":1607,"template":"","meta":[],"product_brand":[],"product_cat":[196,36,163,246,249],"product_tag":[187],"class_list":{"0":"post-1597","1":"product","2":"type-product","3":"status-publish","4":"has-post-thumbnail","6":"product_cat-kilokauppa","7":"product_cat-viileat","8":"product_cat-viileat-horeca","9":"product_cat-juustot-horeca","10":"product_cat-kovat-juustot-horeca","11":"product_tag-cheese","12":"product_shipping_class-viileat-pakaste","14":"first","15":"onbackorder","16":"taxable","17":"shipping-taxable","18":"product-type-simple"},"_links":{"self":[{"href":"https:\/\/monditaly.com\/kauppa\/wp-json\/wp\/v2\/product\/1597","targetHints":{"allow":["GET"]}}],"collection":[{"href":"https:\/\/monditaly.com\/kauppa\/wp-json\/wp\/v2\/product"}],"about":[{"href":"https:\/\/monditaly.com\/kauppa\/wp-json\/wp\/v2\/types\/product"}],"wp:featuredmedia":[{"embeddable":true,"href":"https:\/\/monditaly.com\/kauppa\/wp-json\/wp\/v2\/media\/1607"}],"wp:attachment":[{"href":"https:\/\/monditaly.com\/kauppa\/wp-json\/wp\/v2\/media?parent=1597"}],"wp:term":[{"taxonomy":"product_brand","embeddable":true,"href":"https:\/\/monditaly.com\/kauppa\/wp-json\/wp\/v2\/product_brand?post=1597"},{"taxonomy":"product_cat","embeddable":true,"href":"https:\/\/monditaly.com\/kauppa\/wp-json\/wp\/v2\/product_cat?post=1597"},{"taxonomy":"product_tag","embeddable":true,"href":"https:\/\/monditaly.com\/kauppa\/wp-json\/wp\/v2\/product_tag?post=1597"}],"curies":[{"name":"wp","href":"https:\/\/api.w.org\/{rel}","templated":true}]}}