{"id":1599,"date":"2021-08-02T14:25:09","date_gmt":"2021-08-02T11:25:09","guid":{"rendered":"https:\/\/monditaly.com\/kauppa\/?post_type=product&#038;p=1599"},"modified":"2025-03-07T10:39:20","modified_gmt":"2025-03-07T08:39:20","slug":"biraghi-gran-biraghi-juusto-1kg","status":"publish","type":"product","link":"https:\/\/monditaly.com\/kauppa\/tuote\/biraghi-gran-biraghi-juusto-1kg\/","title":{"rendered":"Biraghi Gran Biraghi juusto 1kg"},"content":{"rendered":"<h3>Ainesosat:<\/h3>\n<p><span data-sheets-formula-bar-text-style=\"font-size:13px;color:#000000;font-weight:bold;text-decoration:none;font-family:''Arial'';font-style:normal;text-decoration-skip-ink:none;\">Maito<\/span><span data-sheets-formula-bar-text-style=\"font-size:13px;color:#000000;font-weight:normal;text-decoration:none;font-family:'Arial';font-style:normal;text-decoration-skip-ink:none;\">, suola, juoksute. Sis\u00e4lt\u00e4\u00e4 <strong>maitoa<\/strong>.<\/span><\/p>\n<p><span data-sheets-formula-bar-text-style=\"font-size:13px;color:#000000;font-weight:bold;text-decoration:none;font-family:''Arial'';font-style:normal;text-decoration-skip-ink:none;\">Mj\u00f6lk<\/span><span data-sheets-formula-bar-text-style=\"font-size:13px;color:#000000;font-weight:normal;text-decoration:none;font-family:'Arial';font-style:normal;text-decoration-skip-ink:none;\">, salt, l\u00f6pe. Inneh\u00e5ller <strong>mj\u00f6lk<\/strong>.<\/span><\/p>\n<h3>Ravintoarvot per 100g:<\/h3>\n<p>Energia \/ Energi 1739 kJ \/ 418 kcal<br \/>\nRasva \/ Fett 30 g josta tyydyttynytt\u00e4 \/ varav m\u00e4ttade 21 g<br \/>\nHiilihydraatit \/ Kolhydrater 0,0 g joista sokereita \/ varav sockerarter 0,0 g<br \/>\nKuitu \/ Fiber 0,0 g<br \/>\nProteiini \/ Protein 37 g<br \/>\nSuola \/ Salt 1,8 g<\/p>\n","protected":false},"excerpt":{"rendered":"<p>Noin 12 kuukautta kypsytetty Gran Biraghi -juusto on tuotettu 100% italialaisesta maidosta ilman s\u00e4il\u00f6nt\u00e4aineita. S\u00e4ilyt\u00e4 tuote j\u00e4\u00e4kaapissa +2\u00b0C\/+7\u00b0C -asteessa. Avattu tuote tulee k\u00e4ytt\u00e4\u00e4 10 p\u00e4iv\u00e4n sis\u00e4ll\u00e4.<\/p>\n","protected":false},"featured_media":1666,"template":"","meta":[],"product_brand":[],"product_cat":[167,87,257],"product_tag":[187],"class_list":{"0":"post-1599","1":"product","2":"type-product","3":"status-publish","4":"has-post-thumbnail","6":"product_cat-viileat-yksityisasiakkaat","7":"product_cat-juustot-yksityisasiakkaat","8":"product_cat-kovat-juustot-yksityisasiakkaat","9":"product_tag-cheese","10":"product_shipping_class-viileat-pakaste","12":"first","13":"instock","14":"taxable","15":"shipping-taxable","16":"product-type-simple"},"_links":{"self":[{"href":"https:\/\/monditaly.com\/kauppa\/wp-json\/wp\/v2\/product\/1599","targetHints":{"allow":["GET"]}}],"collection":[{"href":"https:\/\/monditaly.com\/kauppa\/wp-json\/wp\/v2\/product"}],"about":[{"href":"https:\/\/monditaly.com\/kauppa\/wp-json\/wp\/v2\/types\/product"}],"wp:featuredmedia":[{"embeddable":true,"href":"https:\/\/monditaly.com\/kauppa\/wp-json\/wp\/v2\/media\/1666"}],"wp:attachment":[{"href":"https:\/\/monditaly.com\/kauppa\/wp-json\/wp\/v2\/media?parent=1599"}],"wp:term":[{"taxonomy":"product_brand","embeddable":true,"href":"https:\/\/monditaly.com\/kauppa\/wp-json\/wp\/v2\/product_brand?post=1599"},{"taxonomy":"product_cat","embeddable":true,"href":"https:\/\/monditaly.com\/kauppa\/wp-json\/wp\/v2\/product_cat?post=1599"},{"taxonomy":"product_tag","embeddable":true,"href":"https:\/\/monditaly.com\/kauppa\/wp-json\/wp\/v2\/product_tag?post=1599"}],"curies":[{"name":"wp","href":"https:\/\/api.w.org\/{rel}","templated":true}]}}