{"id":1601,"date":"2021-08-02T15:56:16","date_gmt":"2021-08-02T12:56:16","guid":{"rendered":"https:\/\/monditaly.com\/kauppa\/?post_type=product&#038;p=1601"},"modified":"2024-08-09T19:52:30","modified_gmt":"2024-08-09T16:52:30","slug":"biraghi-ricotta-juusto-1500g","status":"publish","type":"product","link":"https:\/\/monditaly.com\/kauppa\/tuote\/biraghi-ricotta-juusto-1500g\/","title":{"rendered":"Biraghi Ricotta juusto 1500g"},"content":{"rendered":"<h3>Ainesosat:<\/h3>\n<p><span data-sheets-formula-bar-text-style=\"font-size:16px;color:#000000;font-weight:normal;text-decoration:none;font-family:''docs-Lato'';font-style:normal;text-decoration-skip-ink:none;\">Hera (<\/span><span data-sheets-formula-bar-text-style=\"font-size:16px;color:#000000;font-weight:bold;text-decoration:none;font-family:''docs-Lato'';font-style:normal;text-decoration-skip-ink:none;\">maidosta<\/span><span data-sheets-formula-bar-text-style=\"font-size:16px;color:#000000;font-weight:normal;text-decoration:none;font-family:''docs-Lato'';font-style:normal;text-decoration-skip-ink:none;\">), kerma, suola, happamuudens\u00e4\u00e4t\u00f6aine: sitrunahappo E330. <\/span><\/p>\n<p><span data-sheets-formula-bar-text-style=\"font-size:16px;color:#000000;font-weight:normal;text-decoration:none;font-family:''docs-Lato'';font-style:normal;text-decoration-skip-ink:none;\">Vassle (mj\u00f6lk), gr\u00e4dde, salt, surhetsreglerande medel: citronsyra E330.<\/span><\/p>\n<h3>Ravintoarvot per 100g:<\/h3>\n<p>Energia \/ Energi 719 kJ \/ 173 kcal<br \/>\nRasva \/ Fett 14 g josta tyydyttynytt\u00e4 \/ varav m\u00e4ttade 9,8 g<br \/>\nHiilihydraatit \/ Kolhydrater 1,8 g joista sokereita \/ varav sockerarter 1,8 g<br \/>\nKuitu \/ Fiber 0 g<br \/>\nProteiini \/ Protein 10 g<br \/>\nSuola \/ Salt 0,2 g<\/p>\n","protected":false},"excerpt":{"rendered":"<p>Valmistettu 100% italialaisesta maidosta ilman s\u00e4il\u00f6nt\u00e4aineita.<\/p>\n","protected":false},"featured_media":1605,"template":"","meta":[],"product_brand":[],"product_cat":[36,163,246,247],"product_tag":[187],"class_list":{"0":"post-1601","1":"product","2":"type-product","3":"status-publish","4":"has-post-thumbnail","6":"product_cat-viileat","7":"product_cat-viileat-horeca","8":"product_cat-juustot-horeca","9":"product_cat-tuorejuusto-horeca","10":"product_tag-cheese","11":"product_shipping_class-viileat-pakaste","13":"first","14":"instock","15":"taxable","16":"shipping-taxable","17":"product-type-simple"},"_links":{"self":[{"href":"https:\/\/monditaly.com\/kauppa\/wp-json\/wp\/v2\/product\/1601","targetHints":{"allow":["GET"]}}],"collection":[{"href":"https:\/\/monditaly.com\/kauppa\/wp-json\/wp\/v2\/product"}],"about":[{"href":"https:\/\/monditaly.com\/kauppa\/wp-json\/wp\/v2\/types\/product"}],"wp:featuredmedia":[{"embeddable":true,"href":"https:\/\/monditaly.com\/kauppa\/wp-json\/wp\/v2\/media\/1605"}],"wp:attachment":[{"href":"https:\/\/monditaly.com\/kauppa\/wp-json\/wp\/v2\/media?parent=1601"}],"wp:term":[{"taxonomy":"product_brand","embeddable":true,"href":"https:\/\/monditaly.com\/kauppa\/wp-json\/wp\/v2\/product_brand?post=1601"},{"taxonomy":"product_cat","embeddable":true,"href":"https:\/\/monditaly.com\/kauppa\/wp-json\/wp\/v2\/product_cat?post=1601"},{"taxonomy":"product_tag","embeddable":true,"href":"https:\/\/monditaly.com\/kauppa\/wp-json\/wp\/v2\/product_tag?post=1601"}],"curies":[{"name":"wp","href":"https:\/\/api.w.org\/{rel}","templated":true}]}}