{"id":1603,"date":"2021-08-02T16:12:24","date_gmt":"2021-08-02T13:12:24","guid":{"rendered":"https:\/\/monditaly.com\/kauppa\/?post_type=product&#038;p=1603"},"modified":"2025-10-22T10:00:21","modified_gmt":"2025-10-22T07:00:21","slug":"rognoni-pecorino-romano-bianco-juusto-n-6kg","status":"publish","type":"product","link":"https:\/\/monditaly.com\/kauppa\/tuote\/rognoni-pecorino-romano-bianco-juusto-n-6kg\/","title":{"rendered":"Rognoni Pecorino Romano Bianco juusto 1\/4 n. 6kg"},"content":{"rendered":"<h3>Ainesosat:<\/h3>\n<p>Termisoitu lampaan t\u00e4ysmaito, Sardinian karitsan IGP juoksete, suola, valittu bakteeriviljelm\u00e4.<\/p>\n<p>Termiserad hel f\u00e5rmj\u00f6lk, Sardinsk IGP lamml\u00f6pe, salt, utvald bakteriekultur.<\/p>\n<h3>Ravintoarvot per 100g:<\/h3>\n<p>Energia \/ Energi 1726 kJ \/ 412 kcal<br \/>\nRasva \/ Fett 34 g josta tyydyttynytt\u00e4 \/ varav m\u00e4ttade 20 g<br \/>\nHiilihydraatit \/ Kolhydrater 0,6 g joista sokereita \/ varav sockerarter 0 g<br \/>\nProteiini \/ Protein 26 g<br \/>\nSuola \/ Salt 5 g<\/p>\n","protected":false},"excerpt":{"rendered":"<p>Pecorino Romano on alkuper\u00e4nimisuojattu juusto lampaanmaidosta. Sen luonteenomainen maku on hieman pikantti. Sopii sellaisenaan sy\u00f6t\u00e4v\u00e4ksi tai kaikenlaisiin resepteihin pastasta risottoihin ja salaatteihin.<\/p>\n<p>Hard paste cheese, slightly piquant flavour, intense and agreeable.<\/p>\n","protected":false},"featured_media":1695,"template":"","meta":[],"product_brand":[],"product_cat":[196,36,163,246,249],"product_tag":[187],"class_list":{"0":"post-1603","1":"product","2":"type-product","3":"status-publish","4":"has-post-thumbnail","6":"product_cat-kilokauppa","7":"product_cat-viileat","8":"product_cat-viileat-horeca","9":"product_cat-juustot-horeca","10":"product_cat-kovat-juustot-horeca","11":"product_tag-cheese","12":"product_shipping_class-viileat-pakaste","14":"first","15":"onbackorder","16":"taxable","17":"shipping-taxable","18":"product-type-simple"},"_links":{"self":[{"href":"https:\/\/monditaly.com\/kauppa\/wp-json\/wp\/v2\/product\/1603","targetHints":{"allow":["GET"]}}],"collection":[{"href":"https:\/\/monditaly.com\/kauppa\/wp-json\/wp\/v2\/product"}],"about":[{"href":"https:\/\/monditaly.com\/kauppa\/wp-json\/wp\/v2\/types\/product"}],"wp:featuredmedia":[{"embeddable":true,"href":"https:\/\/monditaly.com\/kauppa\/wp-json\/wp\/v2\/media\/1695"}],"wp:attachment":[{"href":"https:\/\/monditaly.com\/kauppa\/wp-json\/wp\/v2\/media?parent=1603"}],"wp:term":[{"taxonomy":"product_brand","embeddable":true,"href":"https:\/\/monditaly.com\/kauppa\/wp-json\/wp\/v2\/product_brand?post=1603"},{"taxonomy":"product_cat","embeddable":true,"href":"https:\/\/monditaly.com\/kauppa\/wp-json\/wp\/v2\/product_cat?post=1603"},{"taxonomy":"product_tag","embeddable":true,"href":"https:\/\/monditaly.com\/kauppa\/wp-json\/wp\/v2\/product_tag?post=1603"}],"curies":[{"name":"wp","href":"https:\/\/api.w.org\/{rel}","templated":true}]}}