{"id":1610,"date":"2021-08-03T10:50:26","date_gmt":"2021-08-03T07:50:26","guid":{"rendered":"https:\/\/monditaly.com\/kauppa\/?post_type=product&#038;p=1610"},"modified":"2024-08-09T19:52:30","modified_gmt":"2024-08-09T16:52:30","slug":"biraghi-gorgonzola-piccante-dop-juusto","status":"publish","type":"product","link":"https:\/\/monditaly.com\/kauppa\/tuote\/biraghi-gorgonzola-piccante-dop-juusto\/","title":{"rendered":"Biraghi Gorgonzola Piccante D.O.P juusto 1\/8 n. 1,5kg"},"content":{"rendered":"<h3>Ainesosat:<\/h3>\n<p><span data-sheets-formula-bar-text-style=\"font-size:16px;color:#000000;font-weight:bold;text-decoration:none;font-family:''docs-Lato'';font-style:normal;text-decoration-skip-ink:none;\">Maito<\/span><span data-sheets-formula-bar-text-style=\"font-size:16px;color:#000000;font-weight:normal;text-decoration:none;font-family:''docs-Lato'';font-style:normal;text-decoration-skip-ink:none;\">, suola, juoksute. Sis\u00e4lt\u00e4\u00e4 <strong>maitoa<\/strong>.\u00a0<\/span><\/p>\n<p><span data-sheets-formula-bar-text-style=\"font-size:16px;color:#000000;font-weight:bold;text-decoration:none;font-family:''docs-Lato'';font-style:normal;text-decoration-skip-ink:none;\">Mj\u00f6lk<\/span><span data-sheets-formula-bar-text-style=\"font-size:16px;color:#000000;font-weight:normal;text-decoration:none;font-family:''docs-Lato'';font-style:normal;text-decoration-skip-ink:none;\">, salt, l\u00f6pe. Inneh\u00e5ller <strong>mj\u00f6lk<\/strong>.<\/span><\/p>\n<h3>Ravintoarvot per 100g:<\/h3>\n<p>Energia \/ Energi 1332 kJ \/ 321 kcal<br \/>\nRasva \/ Fett 27 g josta tyydyttynytt\u00e4 \/ varav m\u00e4ttade 18,9 g<br \/>\nHiilihydraatit \/ Kolhydrater 0,6 g joista sokereita \/ varav sockerarter 0,1 g<br \/>\nKuitu \/ Fiber 0 g<br \/>\nProteiini \/ Protein 19 g<br \/>\nSuola \/ Salt 1,9 g<\/p>\n","protected":false},"excerpt":{"rendered":"<p>Kiinte\u00e4 ja vahvanmakuinen, mutta hienostunut gorgonzola, joka ei murene leikattaessa. T\u00e4m\u00e4 ainutlaatuinen gorgonzolajuusto on asiantuntevan kypsytyksen tulos.<\/p>\n","protected":false},"featured_media":3650,"template":"","meta":[],"product_brand":[],"product_cat":[196,36,163,246,249],"product_tag":[187],"class_list":{"0":"post-1610","1":"product","2":"type-product","3":"status-publish","4":"has-post-thumbnail","6":"product_cat-kilokauppa","7":"product_cat-viileat","8":"product_cat-viileat-horeca","9":"product_cat-juustot-horeca","10":"product_cat-kovat-juustot-horeca","11":"product_tag-cheese","12":"product_shipping_class-viileat-pakaste","14":"first","15":"instock","16":"taxable","17":"shipping-taxable","18":"product-type-simple"},"_links":{"self":[{"href":"https:\/\/monditaly.com\/kauppa\/wp-json\/wp\/v2\/product\/1610","targetHints":{"allow":["GET"]}}],"collection":[{"href":"https:\/\/monditaly.com\/kauppa\/wp-json\/wp\/v2\/product"}],"about":[{"href":"https:\/\/monditaly.com\/kauppa\/wp-json\/wp\/v2\/types\/product"}],"wp:featuredmedia":[{"embeddable":true,"href":"https:\/\/monditaly.com\/kauppa\/wp-json\/wp\/v2\/media\/3650"}],"wp:attachment":[{"href":"https:\/\/monditaly.com\/kauppa\/wp-json\/wp\/v2\/media?parent=1610"}],"wp:term":[{"taxonomy":"product_brand","embeddable":true,"href":"https:\/\/monditaly.com\/kauppa\/wp-json\/wp\/v2\/product_brand?post=1610"},{"taxonomy":"product_cat","embeddable":true,"href":"https:\/\/monditaly.com\/kauppa\/wp-json\/wp\/v2\/product_cat?post=1610"},{"taxonomy":"product_tag","embeddable":true,"href":"https:\/\/monditaly.com\/kauppa\/wp-json\/wp\/v2\/product_tag?post=1610"}],"curies":[{"name":"wp","href":"https:\/\/api.w.org\/{rel}","templated":true}]}}