{"id":1617,"date":"2021-08-03T11:39:51","date_gmt":"2021-08-03T08:39:51","guid":{"rendered":"https:\/\/monditaly.com\/kauppa\/?post_type=product&#038;p=1617"},"modified":"2025-04-03T13:01:34","modified_gmt":"2025-04-03T10:01:34","slug":"ibis-porchetta-n-4kg","status":"publish","type":"product","link":"https:\/\/monditaly.com\/kauppa\/tuote\/ibis-porchetta-n-4kg\/","title":{"rendered":"Ibis Porchetta 1\/2 n. 4kg"},"content":{"rendered":"<h3>Ainesosat\/ Ingredienser:<\/h3>\n<p class=\"p1\">Sianliha, suola, mausteet, luonnolliset aromit, antioksidantti: natriumaskorbaatti<\/p>\n<p class=\"p1\">(E301); s\u00e4il\u00f6nt\u00e4aine: natriumnitriitti (E250).<br \/>\nFl\u00e4sk, salt, kryddor, naturliga arom, antioxidant: natriumaskorbat (E301); konserveringsmedel: natriumnitrit (E250).<\/p>\n<p class=\"p1\">Pork meat, salt, spices, natural flavourings, antioxidant: sodium ascorbate (E301); preservative: sodium nitrite (E250).<\/p>\n<h3>Ravintoarvot per 100g:<\/h3>\n<p class=\"p1\">Energia\/ energi 1029 kJ \/ 248 kcal<br \/>\nRasva\/Fett 20g<br \/>\njoista tyydyttynytt\u00e4\/ varav m\u00e4ttade 8,5g<br \/>\nHiilihydraatit\/ kolhydrater 0g<br \/>\njosta sokereita\/varav sockerarter 0g<br \/>\nProteiini\/ protein 17g<br \/>\nSuola\/salt 2,8g<\/p>\n","protected":false},"excerpt":{"rendered":"<p>Ainesosat\/ Ingredienser: Sianliha, suola, mausteet, luonnolliset aromit, antioksidantti: natriumaskorbaatti (E301); s\u00e4il\u00f6nt\u00e4aine: natriumnitriitti (E250). Fl\u00e4sk, salt, kryddor, naturliga arom, antioxidant: natriumaskorbat (E301); konserveringsmedel: natriumnitrit (E250). Pork meat, salt, spices, natural flavourings, antioxidant: sodium ascorbate (E301); preservative: sodium nitrite (E250). Ravintoarvot per 100g: Energia\/ energi 1029 kJ \/ 248 kcal Rasva\/Fett 20g joista tyydyttynytt\u00e4\/ varav m\u00e4ttade 8,5g [&#8230;]\n","protected":false},"featured_media":2570,"template":"","meta":[],"product_brand":[],"product_cat":[196,36,163,165,166],"product_tag":[193,485,484],"class_list":{"0":"post-1617","1":"product","2":"type-product","3":"status-publish","4":"has-post-thumbnail","6":"product_cat-kilokauppa","7":"product_cat-viileat","8":"product_cat-viileat-horeca","9":"product_cat-lihat-horeca","10":"product_cat-salamit-ja-kinkut-horeca","11":"product_tag-kinkku","12":"product_tag-kinkkurulla","13":"product_tag-porchetta","14":"product_shipping_class-viileat-pakaste","16":"first","17":"onbackorder","18":"taxable","19":"shipping-taxable","20":"product-type-simple"},"_links":{"self":[{"href":"https:\/\/monditaly.com\/kauppa\/wp-json\/wp\/v2\/product\/1617","targetHints":{"allow":["GET"]}}],"collection":[{"href":"https:\/\/monditaly.com\/kauppa\/wp-json\/wp\/v2\/product"}],"about":[{"href":"https:\/\/monditaly.com\/kauppa\/wp-json\/wp\/v2\/types\/product"}],"wp:featuredmedia":[{"embeddable":true,"href":"https:\/\/monditaly.com\/kauppa\/wp-json\/wp\/v2\/media\/2570"}],"wp:attachment":[{"href":"https:\/\/monditaly.com\/kauppa\/wp-json\/wp\/v2\/media?parent=1617"}],"wp:term":[{"taxonomy":"product_brand","embeddable":true,"href":"https:\/\/monditaly.com\/kauppa\/wp-json\/wp\/v2\/product_brand?post=1617"},{"taxonomy":"product_cat","embeddable":true,"href":"https:\/\/monditaly.com\/kauppa\/wp-json\/wp\/v2\/product_cat?post=1617"},{"taxonomy":"product_tag","embeddable":true,"href":"https:\/\/monditaly.com\/kauppa\/wp-json\/wp\/v2\/product_tag?post=1617"}],"curies":[{"name":"wp","href":"https:\/\/api.w.org\/{rel}","templated":true}]}}