{"id":1620,"date":"2021-08-03T11:58:01","date_gmt":"2021-08-03T08:58:01","guid":{"rendered":"https:\/\/monditaly.com\/kauppa\/?post_type=product&#038;p=1620"},"modified":"2024-08-09T19:52:28","modified_gmt":"2024-08-09T16:52:28","slug":"rognoni-coppa-di-parma-n-1500g","status":"publish","type":"product","link":"https:\/\/monditaly.com\/kauppa\/tuote\/rognoni-coppa-di-parma-n-1500g\/","title":{"rendered":"Rognoni Coppa di Parma n. 1,5kg"},"content":{"rendered":"<h3>Ainesosat:<\/h3>\n<p>Sianliha, suola, dekstroosi, luonnollinen aromi. Hapettumisenestoaine: E301. S\u00e4il\u00f6nt\u00e4aine: E250, E252.<\/p>\n<p>Fl\u00e4sk, salt, dextros, naturliga smak\u00e4mnen, Antioxidant: E301. Konserveringsmedel: E250, E252.<\/p>\n<p>Pork meat, salt, dextrose, natural flavorings. Antioxidant:E301. Preservatives: E250, E252.<\/p>\n<h3>Ravintoarvot per 100g:<\/h3>\n<p>Energia \/ Energi 1369 kJ \/ 330 kcal<br \/>\nRasva \/ Fett 24 g josta tyydyttynytt\u00e4\/ varav m\u00e4ttade 9,1 g<br \/>\nHiilihydraatit \/ kolhydrat 0,9 g joista sokereita \/ varav sockerarter 0,1 g<br \/>\nProteiini \/ Protein 27 g<br \/>\nSuola \/ Salt 4,9 g<\/p>\n","protected":false},"excerpt":{"rendered":"<p>Coppa di Parma is a delicatessen product obtained from the processing of pork in the cervical anatomical region of the neck. For the production is used national pork that has not undergone freezing processes.<\/p>\n","protected":false},"featured_media":1696,"template":"","meta":[],"product_brand":[],"product_cat":[196,36,163,165,166],"product_tag":[],"class_list":{"0":"post-1620","1":"product","2":"type-product","3":"status-publish","4":"has-post-thumbnail","6":"product_cat-kilokauppa","7":"product_cat-viileat","8":"product_cat-viileat-horeca","9":"product_cat-lihat-horeca","10":"product_cat-salamit-ja-kinkut-horeca","11":"product_shipping_class-viileat-pakaste","13":"first","14":"instock","15":"taxable","16":"shipping-taxable","17":"product-type-simple"},"_links":{"self":[{"href":"https:\/\/monditaly.com\/kauppa\/wp-json\/wp\/v2\/product\/1620","targetHints":{"allow":["GET"]}}],"collection":[{"href":"https:\/\/monditaly.com\/kauppa\/wp-json\/wp\/v2\/product"}],"about":[{"href":"https:\/\/monditaly.com\/kauppa\/wp-json\/wp\/v2\/types\/product"}],"wp:featuredmedia":[{"embeddable":true,"href":"https:\/\/monditaly.com\/kauppa\/wp-json\/wp\/v2\/media\/1696"}],"wp:attachment":[{"href":"https:\/\/monditaly.com\/kauppa\/wp-json\/wp\/v2\/media?parent=1620"}],"wp:term":[{"taxonomy":"product_brand","embeddable":true,"href":"https:\/\/monditaly.com\/kauppa\/wp-json\/wp\/v2\/product_brand?post=1620"},{"taxonomy":"product_cat","embeddable":true,"href":"https:\/\/monditaly.com\/kauppa\/wp-json\/wp\/v2\/product_cat?post=1620"},{"taxonomy":"product_tag","embeddable":true,"href":"https:\/\/monditaly.com\/kauppa\/wp-json\/wp\/v2\/product_tag?post=1620"}],"curies":[{"name":"wp","href":"https:\/\/api.w.org\/{rel}","templated":true}]}}