{"id":1621,"date":"2021-08-03T13:07:07","date_gmt":"2021-08-03T10:07:07","guid":{"rendered":"https:\/\/monditaly.com\/kauppa\/?post_type=product&#038;p=1621"},"modified":"2024-08-09T19:52:28","modified_gmt":"2024-08-09T16:52:28","slug":"rognoni-guanciale-coccia-n-1500g","status":"publish","type":"product","link":"https:\/\/monditaly.com\/kauppa\/tuote\/rognoni-guanciale-coccia-n-1500g\/","title":{"rendered":"Rognoni Guanciale Coccia n. 1,5kg"},"content":{"rendered":"<h3>Ainesosat:<\/h3>\n<p>Sianliha, suola, sokerit: dekstroosi, fruktoosi, aromit, mausteet. Mausteet pinnassa: mustapippuri (1%). Hapettumisenestoaine: E301. S\u00e4il\u00f6nt\u00e4aineet: E252, E250.<\/p>\n<p>Fl\u00e4sk, salt, socker: dextros, fruktos, aromer, kryddor. T\u00e4ck kryddor: svartperppar (1%). Antioxidant: E301. Konserveringsmedel: E252, E250.<\/p>\n<h3>Ravintoarvot per 100g:<\/h3>\n<p>Energia \/ Energi 3728 kJ \/ 891 kcal<br \/>\nRasva \/ Fett 85,5 g josta tyydyttynytt\u00e4 \/ varav m\u00e4ttade 28,5 g<br \/>\nHiilihydraatit \/ Kolhydrat 0,5 g joista sokereita \/ varav sockerarter 0,3 g<br \/>\nProteiini \/ Protein 2,9 g<br \/>\nSuola \/ Salt 2,9 g<\/p>\n","protected":false},"excerpt":{"rendered":"<p>Maustettu possun poski. Tuotteen paino vaihtelee n. 1-3 kg \/ kpl.<\/p>\n<p>Seasoned pepper cheek. Weight 1-3kg \/ piece.<\/p>\n<p>&nbsp;<\/p>\n","protected":false},"featured_media":1697,"template":"","meta":[],"product_brand":[],"product_cat":[196,36,163,165,166],"product_tag":[],"class_list":{"0":"post-1621","1":"product","2":"type-product","3":"status-publish","4":"has-post-thumbnail","6":"product_cat-kilokauppa","7":"product_cat-viileat","8":"product_cat-viileat-horeca","9":"product_cat-lihat-horeca","10":"product_cat-salamit-ja-kinkut-horeca","11":"product_shipping_class-viileat-pakaste","13":"first","14":"onbackorder","15":"taxable","16":"shipping-taxable","17":"product-type-simple"},"_links":{"self":[{"href":"https:\/\/monditaly.com\/kauppa\/wp-json\/wp\/v2\/product\/1621","targetHints":{"allow":["GET"]}}],"collection":[{"href":"https:\/\/monditaly.com\/kauppa\/wp-json\/wp\/v2\/product"}],"about":[{"href":"https:\/\/monditaly.com\/kauppa\/wp-json\/wp\/v2\/types\/product"}],"wp:featuredmedia":[{"embeddable":true,"href":"https:\/\/monditaly.com\/kauppa\/wp-json\/wp\/v2\/media\/1697"}],"wp:attachment":[{"href":"https:\/\/monditaly.com\/kauppa\/wp-json\/wp\/v2\/media?parent=1621"}],"wp:term":[{"taxonomy":"product_brand","embeddable":true,"href":"https:\/\/monditaly.com\/kauppa\/wp-json\/wp\/v2\/product_brand?post=1621"},{"taxonomy":"product_cat","embeddable":true,"href":"https:\/\/monditaly.com\/kauppa\/wp-json\/wp\/v2\/product_cat?post=1621"},{"taxonomy":"product_tag","embeddable":true,"href":"https:\/\/monditaly.com\/kauppa\/wp-json\/wp\/v2\/product_tag?post=1621"}],"curies":[{"name":"wp","href":"https:\/\/api.w.org\/{rel}","templated":true}]}}