{"id":1622,"date":"2021-08-03T13:13:32","date_gmt":"2021-08-03T10:13:32","guid":{"rendered":"https:\/\/monditaly.com\/kauppa\/?post_type=product&#038;p=1622"},"modified":"2024-08-09T19:52:28","modified_gmt":"2024-08-09T16:52:28","slug":"rognoni-bresaola-sottofesa-n-1kg","status":"publish","type":"product","link":"https:\/\/monditaly.com\/kauppa\/tuote\/rognoni-bresaola-sottofesa-n-1kg\/","title":{"rendered":"Rognoni Bresaola Sottofesa n. 1kg"},"content":{"rendered":"<h3>Ainesosat:<\/h3>\n<p>Naudanliha, suola, dekstroosi, fruktoosi, luonnoliset aromit. S\u00e4il\u00f6nt\u00e4aineet: E250, E252. Hapettumisenestoaine: E301.<\/p>\n<p>N\u00f6tk\u00f6tt, salt, dextros, fruktos, naturliga smak\u00e4mnen. Konserveringsmedel: E250, E252. Antioxidant: E301.<\/p>\n<h3>Ravintoarvot per 100g:<\/h3>\n<p>Energia \/ Energi 710 kJ \/ 169 kcal<br \/>\nRasva \/ Fett 5 g josta tyydyttynytt\u00e4 \/ varav m\u00e4ttade 2,1 g<br \/>\nHiilihydraatit \/ Kolhydrat 0,9 g joista sokereita \/ varav sockerarter 0,3 g<br \/>\nProteiini \/ Protein 30 g<br \/>\nSuola \/ Salt 3 g<\/p>\n","protected":false},"excerpt":{"rendered":"<p>Seasoned product typical of Valtellina, derived from beef leg. High nutritional value and easy digestibility.<\/p>\n","protected":false},"featured_media":1698,"template":"","meta":[],"product_brand":[],"product_cat":[196,36,163,165,166],"product_tag":[],"class_list":{"0":"post-1622","1":"product","2":"type-product","3":"status-publish","4":"has-post-thumbnail","6":"product_cat-kilokauppa","7":"product_cat-viileat","8":"product_cat-viileat-horeca","9":"product_cat-lihat-horeca","10":"product_cat-salamit-ja-kinkut-horeca","11":"product_shipping_class-viileat-pakaste","13":"first","14":"instock","15":"taxable","16":"shipping-taxable","17":"product-type-simple"},"_links":{"self":[{"href":"https:\/\/monditaly.com\/kauppa\/wp-json\/wp\/v2\/product\/1622","targetHints":{"allow":["GET"]}}],"collection":[{"href":"https:\/\/monditaly.com\/kauppa\/wp-json\/wp\/v2\/product"}],"about":[{"href":"https:\/\/monditaly.com\/kauppa\/wp-json\/wp\/v2\/types\/product"}],"wp:featuredmedia":[{"embeddable":true,"href":"https:\/\/monditaly.com\/kauppa\/wp-json\/wp\/v2\/media\/1698"}],"wp:attachment":[{"href":"https:\/\/monditaly.com\/kauppa\/wp-json\/wp\/v2\/media?parent=1622"}],"wp:term":[{"taxonomy":"product_brand","embeddable":true,"href":"https:\/\/monditaly.com\/kauppa\/wp-json\/wp\/v2\/product_brand?post=1622"},{"taxonomy":"product_cat","embeddable":true,"href":"https:\/\/monditaly.com\/kauppa\/wp-json\/wp\/v2\/product_cat?post=1622"},{"taxonomy":"product_tag","embeddable":true,"href":"https:\/\/monditaly.com\/kauppa\/wp-json\/wp\/v2\/product_tag?post=1622"}],"curies":[{"name":"wp","href":"https:\/\/api.w.org\/{rel}","templated":true}]}}