{"id":1624,"date":"2021-08-03T13:18:38","date_gmt":"2021-08-03T10:18:38","guid":{"rendered":"https:\/\/monditaly.com\/kauppa\/?post_type=product&#038;p=1624"},"modified":"2025-10-30T10:38:31","modified_gmt":"2025-10-30T08:38:31","slug":"subalpino-napoli-salsiccia-piccante-dritta-n-700g","status":"publish","type":"product","link":"https:\/\/monditaly.com\/kauppa\/tuote\/subalpino-napoli-salsiccia-piccante-dritta-n-700g\/","title":{"rendered":"Subalpino Napoli salsiccia piccante dritta n. 700g"},"content":{"rendered":"<h3>Ainesosat:<\/h3>\n<h3>Ravintoarvot per 100g:<\/h3>\n","protected":false},"excerpt":{"rendered":"<p>Vakuumipakkaus sis\u00e4lt\u00e4\u00e4 kaksi salsicciaa.<\/p>\n","protected":false},"featured_media":2566,"template":"","meta":[],"product_brand":[],"product_cat":[196,36,163,165,166],"product_tag":[],"class_list":{"0":"post-1624","1":"product","2":"type-product","3":"status-publish","4":"has-post-thumbnail","6":"product_cat-kilokauppa","7":"product_cat-viileat","8":"product_cat-viileat-horeca","9":"product_cat-lihat-horeca","10":"product_cat-salamit-ja-kinkut-horeca","11":"product_shipping_class-viileat-pakaste","13":"first","14":"instock","15":"taxable","16":"shipping-taxable","17":"product-type-simple"},"_links":{"self":[{"href":"https:\/\/monditaly.com\/kauppa\/wp-json\/wp\/v2\/product\/1624","targetHints":{"allow":["GET"]}}],"collection":[{"href":"https:\/\/monditaly.com\/kauppa\/wp-json\/wp\/v2\/product"}],"about":[{"href":"https:\/\/monditaly.com\/kauppa\/wp-json\/wp\/v2\/types\/product"}],"wp:featuredmedia":[{"embeddable":true,"href":"https:\/\/monditaly.com\/kauppa\/wp-json\/wp\/v2\/media\/2566"}],"wp:attachment":[{"href":"https:\/\/monditaly.com\/kauppa\/wp-json\/wp\/v2\/media?parent=1624"}],"wp:term":[{"taxonomy":"product_brand","embeddable":true,"href":"https:\/\/monditaly.com\/kauppa\/wp-json\/wp\/v2\/product_brand?post=1624"},{"taxonomy":"product_cat","embeddable":true,"href":"https:\/\/monditaly.com\/kauppa\/wp-json\/wp\/v2\/product_cat?post=1624"},{"taxonomy":"product_tag","embeddable":true,"href":"https:\/\/monditaly.com\/kauppa\/wp-json\/wp\/v2\/product_tag?post=1624"}],"curies":[{"name":"wp","href":"https:\/\/api.w.org\/{rel}","templated":true}]}}