{"id":1625,"date":"2021-08-03T13:25:25","date_gmt":"2021-08-03T10:25:25","guid":{"rendered":"https:\/\/monditaly.com\/kauppa\/?post_type=product&#038;p=1625"},"modified":"2025-10-30T10:33:08","modified_gmt":"2025-10-30T08:33:08","slug":"subalpino-napoli-salami-n-2kg","status":"publish","type":"product","link":"https:\/\/monditaly.com\/kauppa\/tuote\/subalpino-napoli-salami-n-2kg\/","title":{"rendered":"Subalpino Napoli salami n. 2kg"},"content":{"rendered":"<h3>Ainesosat:<\/h3>\n<p>Sianliha (100% italialainen), suola, sokerit: glukoosi, luonnolliset aromit, mausteet, savuaromi, hapettumisenestoaine: E301. S\u00e4il\u00f6nt\u00e4aineet: E252, E250. Gluteeniton, maidoton ja OGM-vapaa.<\/p>\n<p>Grisk\u00f6tt (100% italienskt k\u00f6tt), salt, socker: glukos, naturliga aromer, kryddor, r\u00f6karom, antioxidationsmedel: E301. Konserveringsmedel: E252, E250. Glutenfri, mj\u00f6lkfri och OGM-fri.<\/p>\n<h3>Ravintoarvot per 100g:<\/h3>\n<p>Energia \/ Energi 1248 kJ \/ 300 kcal<br \/>\nRasva \/ Fett 21 g<br \/>\njosta tyydyttynytt\u00e4 \/ varav m\u00e4ttade 5,6 g<br \/>\nHiilihydraatit \/ Kolhydrater 1,7 g<br \/>\njoista sokereita \/ varav sockerarter 0,8 g<br \/>\nProteiini \/ Protein 26 g<br \/>\nSuola \/ Salt 3,6 g<\/p>\n","protected":false},"excerpt":{"rendered":"<p>Ainesosat: Sianliha (100% italialainen), suola, sokerit: glukoosi, luonnolliset aromit, mausteet, savuaromi, hapettumisenestoaine: E301. S\u00e4il\u00f6nt\u00e4aineet: E252, E250. Gluteeniton, maidoton ja OGM-vapaa. Grisk\u00f6tt (100% italienskt k\u00f6tt), salt, socker: glukos, naturliga aromer, kryddor, r\u00f6karom, antioxidationsmedel: E301. Konserveringsmedel: E252, E250. Glutenfri, mj\u00f6lkfri och OGM-fri. Ravintoarvot per 100g: Energia \/ Energi 1248 kJ \/ 300 kcal Rasva \/ Fett 21 [&#8230;]\n","protected":false},"featured_media":2564,"template":"","meta":[],"product_brand":[],"product_cat":[196,36,163,165,166],"product_tag":[],"class_list":{"0":"post-1625","1":"product","2":"type-product","3":"status-publish","4":"has-post-thumbnail","6":"product_cat-kilokauppa","7":"product_cat-viileat","8":"product_cat-viileat-horeca","9":"product_cat-lihat-horeca","10":"product_cat-salamit-ja-kinkut-horeca","11":"product_shipping_class-viileat-pakaste","13":"first","14":"instock","15":"taxable","16":"shipping-taxable","17":"product-type-simple"},"_links":{"self":[{"href":"https:\/\/monditaly.com\/kauppa\/wp-json\/wp\/v2\/product\/1625","targetHints":{"allow":["GET"]}}],"collection":[{"href":"https:\/\/monditaly.com\/kauppa\/wp-json\/wp\/v2\/product"}],"about":[{"href":"https:\/\/monditaly.com\/kauppa\/wp-json\/wp\/v2\/types\/product"}],"wp:featuredmedia":[{"embeddable":true,"href":"https:\/\/monditaly.com\/kauppa\/wp-json\/wp\/v2\/media\/2564"}],"wp:attachment":[{"href":"https:\/\/monditaly.com\/kauppa\/wp-json\/wp\/v2\/media?parent=1625"}],"wp:term":[{"taxonomy":"product_brand","embeddable":true,"href":"https:\/\/monditaly.com\/kauppa\/wp-json\/wp\/v2\/product_brand?post=1625"},{"taxonomy":"product_cat","embeddable":true,"href":"https:\/\/monditaly.com\/kauppa\/wp-json\/wp\/v2\/product_cat?post=1625"},{"taxonomy":"product_tag","embeddable":true,"href":"https:\/\/monditaly.com\/kauppa\/wp-json\/wp\/v2\/product_tag?post=1625"}],"curies":[{"name":"wp","href":"https:\/\/api.w.org\/{rel}","templated":true}]}}