{"id":1626,"date":"2021-08-03T13:28:33","date_gmt":"2021-08-03T10:28:33","guid":{"rendered":"https:\/\/monditaly.com\/kauppa\/?post_type=product&#038;p=1626"},"modified":"2025-03-07T11:49:31","modified_gmt":"2025-03-07T09:49:31","slug":"ibis-siivutettu-pepperoni-salami-1kg","status":"publish","type":"product","link":"https:\/\/monditaly.com\/kauppa\/tuote\/ibis-siivutettu-pepperoni-salami-1kg\/","title":{"rendered":"Ibis siivutettu pepperoni salami 1kg"},"content":{"rendered":"<h3>Ainesosat:<\/h3>\n<p>sianliha, suola, dekstroosi, mausteita, aromit; happamuudenestoaine: natriumaskorbaatti (E301); s\u00e4il\u00f6nt\u00e4aineet: natriumnitriitti (E250), kaliumnitraatti (E252). 100g valmista tuotetta varten on k\u00e4ytetty 135g lihaa.<\/p>\n<p>fl\u00e4skk\u00f6tt, salt, dextros, kryddor, smak\u00e4mnen; antioxidationsmedel: natriumaskorbat (E301); konserveringsmedel: natriumnitrit (E250), kaliumnitrat (E252). 135 g k\u00f6tt anv\u00e4nds f\u00f6r 100 g f\u00e4rdig produkt.<\/p>\n<p>pork meat, salt, dextrose, spices, flavourings; antioxidant: sodium ascorbate (E301); preservatives: sodium nitrite (E250), potassium nitrate (E252). 135g of meat are used for 100g of finished product.<\/p>\n<h3>Ravintoarvot per 100g:<\/h3>\n<p>Energia \/ Energi 1789kJ \/ 432kcal<br \/>\nRasva \/ Fett 38g josta tyydyttynytt\u00e4 \/ varav m\u00e4ttade 14g<br \/>\nHiilihydraatit \/ Kolhydrater 0,5g joista sokereita \/ varav sockerarter 0,5g<br \/>\nProteiini \/ Protein 22g<br \/>\nSuola \/ Salt 4g<\/p>\n","protected":false},"excerpt":{"rendered":"<p>Sliced Salame Pepperone<\/p>\n<p>Production description: pure pork salami, medium grain, prepared using selected meat, minced in<br \/>\nmeat grinder and stuffed into not edible cylindrical casing. The sausage is<br \/>\npeeled, sliced and MAP packed in trays (N2 and CO2).<\/p>\n","protected":false},"featured_media":3881,"template":"","meta":[],"product_brand":[],"product_cat":[36,163,165,252],"product_tag":[],"class_list":{"0":"post-1626","1":"product","2":"type-product","3":"status-publish","4":"has-post-thumbnail","6":"product_cat-viileat","7":"product_cat-viileat-horeca","8":"product_cat-lihat-horeca","9":"product_cat-siivutetut-salamit-ja-kinkut-horeca","10":"product_shipping_class-viileat-pakaste","12":"first","13":"instock","14":"taxable","15":"shipping-taxable","16":"product-type-simple"},"_links":{"self":[{"href":"https:\/\/monditaly.com\/kauppa\/wp-json\/wp\/v2\/product\/1626","targetHints":{"allow":["GET"]}}],"collection":[{"href":"https:\/\/monditaly.com\/kauppa\/wp-json\/wp\/v2\/product"}],"about":[{"href":"https:\/\/monditaly.com\/kauppa\/wp-json\/wp\/v2\/types\/product"}],"wp:featuredmedia":[{"embeddable":true,"href":"https:\/\/monditaly.com\/kauppa\/wp-json\/wp\/v2\/media\/3881"}],"wp:attachment":[{"href":"https:\/\/monditaly.com\/kauppa\/wp-json\/wp\/v2\/media?parent=1626"}],"wp:term":[{"taxonomy":"product_brand","embeddable":true,"href":"https:\/\/monditaly.com\/kauppa\/wp-json\/wp\/v2\/product_brand?post=1626"},{"taxonomy":"product_cat","embeddable":true,"href":"https:\/\/monditaly.com\/kauppa\/wp-json\/wp\/v2\/product_cat?post=1626"},{"taxonomy":"product_tag","embeddable":true,"href":"https:\/\/monditaly.com\/kauppa\/wp-json\/wp\/v2\/product_tag?post=1626"}],"curies":[{"name":"wp","href":"https:\/\/api.w.org\/{rel}","templated":true}]}}