{"id":1701,"date":"2021-08-18T14:14:47","date_gmt":"2021-08-18T11:14:47","guid":{"rendered":"https:\/\/monditaly.com\/kauppa\/?post_type=product&#038;p=1701"},"modified":"2025-04-04T13:59:31","modified_gmt":"2025-04-04T10:59:31","slug":"valcolatte-casaro-mozzarellakuutio-2kg","status":"publish","type":"product","link":"https:\/\/monditaly.com\/kauppa\/tuote\/valcolatte-casaro-mozzarellakuutio-2kg\/","title":{"rendered":"Valcolatte Casaro mozzarellakuutio 2kg"},"content":{"rendered":"<h3><span style=\"vertical-align: inherit;\"><span style=\"vertical-align: inherit;\">Ingredienti \/ Ingredienti:<\/span><\/span><\/h3>\n<p>Past\u00f6risoitu lehm\u00e4nmaito, natriumkloridi (NaCl), mikrobinen juoksete, maitohappobakteerit.<\/p>\n<p><span style=\"vertical-align: inherit;\"><span style=\"vertical-align: inherit;\">Komj\u00f6lk pastorizzato, sale (NaCl), l\u00f6pe microbico, mj\u00f6lksyrabakterier.<\/span><\/span><\/p>\n<h3><span style=\"vertical-align: inherit;\"><span style=\"vertical-align: inherit;\">Valori nutrizionali per 100 g \/ N\u00e4ringsv\u00e4rde per 100 g:<\/span><\/span><\/h3>\n<p><span style=\"vertical-align: inherit;\"><span style=\"vertical-align: inherit;\">Energy \/ Energi 1285 kJ \/ 309 kcal <\/span><\/span><br \/>\n<span style=\"vertical-align: inherit;\"><span style=\"vertical-align: inherit;\">Fat \/ Fett 23 g di <\/span><\/span><br \/>\n<span style=\"vertical-align: inherit;\"><span style=\"vertical-align: inherit;\">cui saturi \/ varav mattade 16 g <\/span><\/span><br \/>\n<span style=\"vertical-align: inherit;\"><span style=\"vertical-align: inherit;\">Carboidrati \/ Kolhydrater 0,5 g <\/span><\/span><br \/>\n<span style=\"vertical-align: inherit;\"><span style=\"vertical-align: inherit;\">di cui zuccheri \/ varav sockerarter 0,5 g <\/span><\/span><br \/>\n<span style=\"vertical-align: inherit;\"><span style=\"vertical-align: inherit;\">Protein \/ Protein 25 g <\/span><\/span><br \/>\n<span style=\"vertical-align: inherit;\"><span style=\"vertical-align: inherit;\">Sale \/ Sale (NaCl) 1,2 g<\/span><\/span><\/p>\n","protected":false},"excerpt":{"rendered":"<p>Kuutiomozzarella on suunniteltu ammattilaisk\u00e4ytt\u00f6\u00f6n ja se soveltuu moneen. Valikoidut aineosat, valmistuksen korkeat laatustandardit ja erinomainen aito maku tekev\u00e4t siit\u00e4 ensiluokkaisen aineosan, jolla saat viimeistellyn maun niin pizzaan, uuniruokiin kuin suolaisiin piiraisiin. Lis\u00e4ksi kuutioleikkauksensa ansiosta erityisen helppok\u00e4ytt\u00f6inen. T\u00e4m\u00e4 tuote on yksi asiakkaidemme kestosuosikeista.<\/p>\n<p>Designed for professional use and is suitable for many dishes. The selected ingredients, the high quality standards of the production and the excellent authentic taste make it a first-class ingredient. In addition, thanks to its cube cut, it is particularly easy to use. This product is one of our customers&#8217; favorites.<\/p>\n","protected":false},"featured_media":6618,"template":"","meta":[],"product_brand":[],"product_cat":[36,163,246,251],"product_tag":[187,329,368,200],"class_list":{"0":"post-1701","1":"product","2":"type-product","3":"status-publish","4":"has-post-thumbnail","6":"product_cat-viileat","7":"product_cat-viileat-horeca","8":"product_cat-juustot-horeca","9":"product_cat-mozzarella-horeca","10":"product_tag-cheese","11":"product_tag-cube","12":"product_tag-cubetti","13":"product_tag-mozzarella","14":"product_shipping_class-viileat-pakaste","16":"first","17":"instock","18":"taxable","19":"shipping-taxable","20":"product-type-simple"},"_links":{"self":[{"href":"https:\/\/monditaly.com\/kauppa\/wp-json\/wp\/v2\/product\/1701","targetHints":{"allow":["GET"]}}],"collection":[{"href":"https:\/\/monditaly.com\/kauppa\/wp-json\/wp\/v2\/product"}],"about":[{"href":"https:\/\/monditaly.com\/kauppa\/wp-json\/wp\/v2\/types\/product"}],"wp:featuredmedia":[{"embeddable":true,"href":"https:\/\/monditaly.com\/kauppa\/wp-json\/wp\/v2\/media\/6618"}],"wp:attachment":[{"href":"https:\/\/monditaly.com\/kauppa\/wp-json\/wp\/v2\/media?parent=1701"}],"wp:term":[{"taxonomy":"product_brand","embeddable":true,"href":"https:\/\/monditaly.com\/kauppa\/wp-json\/wp\/v2\/product_brand?post=1701"},{"taxonomy":"product_cat","embeddable":true,"href":"https:\/\/monditaly.com\/kauppa\/wp-json\/wp\/v2\/product_cat?post=1701"},{"taxonomy":"product_tag","embeddable":true,"href":"https:\/\/monditaly.com\/kauppa\/wp-json\/wp\/v2\/product_tag?post=1701"}],"curies":[{"name":"wp","href":"https:\/\/api.w.org\/{rel}","templated":true}]}}