{"id":1703,"date":"2021-08-18T14:26:54","date_gmt":"2021-08-18T11:26:54","guid":{"rendered":"https:\/\/monditaly.com\/kauppa\/?post_type=product&#038;p=1703"},"modified":"2024-07-05T14:10:08","modified_gmt":"2024-07-05T11:10:08","slug":"viander-kiveton-musta-oliivi-1700g","status":"publish","type":"product","link":"https:\/\/monditaly.com\/kauppa\/tuote\/viander-kiveton-musta-oliivi-1700g\/","title":{"rendered":"Viander kivet\u00f6n musta oliivi 1700g"},"content":{"rendered":"<h3>Ainesosat \/ Ingredienser:<\/h3>\n<p>Oliivit, vesi, suola, v\u00e4riaine: ferroglukonaatti (E579). <strong>Saattaa sis\u00e4lt\u00e4\u00e4 oliivien kivi\u00e4.<\/strong><\/p>\n<p>Oliver, vatten, salt, f\u00e4rg\u00e4mne: j\u00e4rnglukonat (E579). <strong>Kan inneh\u00e5lla olivstenar.<\/strong><\/p>\n<h3>Ravintoarvot per 100g \/ N\u00e4ringsv\u00e4rde per 100g:<\/h3>\n<p>Energia \/ Energi 521 kJ \/ 127 kcal<br \/>\nRasva \/ Fett 13,2 g<br \/>\njosta tyydyttynytt\u00e4 \/ varav m\u00e4ttade 2,2 g<br \/>\nHiilihydraatit \/ Kolhydrater 0,0 g<br \/>\njoista sokereita \/ varav sockerarter 0,0 g<br \/>\nKuitu \/ Fiber 3,0 g<br \/>\nProteiini \/ Protein 0,5 g<br \/>\nSuola \/ Salt 2,0 g<\/p>\n","protected":false},"excerpt":{"rendered":"<p>Kivett\u00f6m\u00e4t mustat oliivit suolavedess\u00e4. Steriloitu tuote. S\u00e4ilyt\u00e4 viile\u00e4ss\u00e4 ja kuivassa paikassa. S\u00e4ilyt\u00e4 avattu tuote j\u00e4\u00e4kaapissa ja k\u00e4yt\u00e4 lyhyen ajan sis\u00e4ll\u00e4.<\/p>\n<p>Pitted black olives in brine.<\/p>\n","protected":false},"featured_media":2252,"template":"","meta":[],"product_brand":[],"product_cat":[46,110,70,103],"product_tag":[149],"class_list":{"0":"post-1703","1":"product","2":"type-product","3":"status-publish","4":"has-post-thumbnail","6":"product_cat-teolliset_elintarvikkeet","7":"product_cat-horeca-teolliset-elintarvikkeet","8":"product_cat-sailykkeet-horeca","9":"product_cat-oliivit-horeca","10":"product_tag-olive","11":"product_shipping_class-horeca","13":"first","14":"instock","15":"taxable","16":"shipping-taxable","17":"product-type-simple"},"_links":{"self":[{"href":"https:\/\/monditaly.com\/kauppa\/wp-json\/wp\/v2\/product\/1703","targetHints":{"allow":["GET"]}}],"collection":[{"href":"https:\/\/monditaly.com\/kauppa\/wp-json\/wp\/v2\/product"}],"about":[{"href":"https:\/\/monditaly.com\/kauppa\/wp-json\/wp\/v2\/types\/product"}],"wp:featuredmedia":[{"embeddable":true,"href":"https:\/\/monditaly.com\/kauppa\/wp-json\/wp\/v2\/media\/2252"}],"wp:attachment":[{"href":"https:\/\/monditaly.com\/kauppa\/wp-json\/wp\/v2\/media?parent=1703"}],"wp:term":[{"taxonomy":"product_brand","embeddable":true,"href":"https:\/\/monditaly.com\/kauppa\/wp-json\/wp\/v2\/product_brand?post=1703"},{"taxonomy":"product_cat","embeddable":true,"href":"https:\/\/monditaly.com\/kauppa\/wp-json\/wp\/v2\/product_cat?post=1703"},{"taxonomy":"product_tag","embeddable":true,"href":"https:\/\/monditaly.com\/kauppa\/wp-json\/wp\/v2\/product_tag?post=1703"}],"curies":[{"name":"wp","href":"https:\/\/api.w.org\/{rel}","templated":true}]}}