{"id":1706,"date":"2021-08-18T14:40:09","date_gmt":"2021-08-18T11:40:09","guid":{"rendered":"https:\/\/monditaly.com\/kauppa\/?post_type=product&#038;p=1706"},"modified":"2024-08-09T19:52:27","modified_gmt":"2024-08-09T16:52:27","slug":"rognoni-pyorea-pancetta-3kg","status":"publish","type":"product","link":"https:\/\/monditaly.com\/kauppa\/tuote\/rognoni-pyorea-pancetta-3kg\/","title":{"rendered":"Rognoni py\u00f6re\u00e4 pancetta n. 3kg"},"content":{"rendered":"<h3>Ainesosat:<\/h3>\n<p>Sianliha, jodisoitu suola, aromeja, sakkaroosi, dekstroosi, mausteita. Hapettumisenestoaine: E300, E301. S\u00e4il\u00f6nt\u00e4aineet: E250, E252.<\/p>\n<h3>Ravintoarvot per 100g:<\/h3>\n<p>Energia \/ Energi 2026 kJ \/ 499 kcal<br \/>\nRasva \/ Fett 47 g josta tyydyttynytt\u00e4 \/ varav m\u00e4ttade 22 g<br \/>\nHiilihydraatit \/ Kolhydrat 6,6 g joista sokereita \/ varav sockerarter 0,5 g<br \/>\nProteiini \/ Protein 12 g<br \/>\nSuola \/ Salt 4,2 g<\/p>\n","protected":false},"excerpt":{"rendered":"<p>Product based on partially aromitized pork rolled and bagged in natural pork casing, tied with elastic thread, gluten and lactose free. Product to be consumed sliced.<\/p>\n","protected":false},"featured_media":1707,"template":"","meta":[],"product_brand":[],"product_cat":[196,36,163,165,166],"product_tag":[],"class_list":{"0":"post-1706","1":"product","2":"type-product","3":"status-publish","4":"has-post-thumbnail","6":"product_cat-kilokauppa","7":"product_cat-viileat","8":"product_cat-viileat-horeca","9":"product_cat-lihat-horeca","10":"product_cat-salamit-ja-kinkut-horeca","11":"product_shipping_class-viileat-pakaste","13":"first","14":"instock","15":"taxable","16":"shipping-taxable","17":"product-type-simple"},"_links":{"self":[{"href":"https:\/\/monditaly.com\/kauppa\/wp-json\/wp\/v2\/product\/1706","targetHints":{"allow":["GET"]}}],"collection":[{"href":"https:\/\/monditaly.com\/kauppa\/wp-json\/wp\/v2\/product"}],"about":[{"href":"https:\/\/monditaly.com\/kauppa\/wp-json\/wp\/v2\/types\/product"}],"wp:featuredmedia":[{"embeddable":true,"href":"https:\/\/monditaly.com\/kauppa\/wp-json\/wp\/v2\/media\/1707"}],"wp:attachment":[{"href":"https:\/\/monditaly.com\/kauppa\/wp-json\/wp\/v2\/media?parent=1706"}],"wp:term":[{"taxonomy":"product_brand","embeddable":true,"href":"https:\/\/monditaly.com\/kauppa\/wp-json\/wp\/v2\/product_brand?post=1706"},{"taxonomy":"product_cat","embeddable":true,"href":"https:\/\/monditaly.com\/kauppa\/wp-json\/wp\/v2\/product_cat?post=1706"},{"taxonomy":"product_tag","embeddable":true,"href":"https:\/\/monditaly.com\/kauppa\/wp-json\/wp\/v2\/product_tag?post=1706"}],"curies":[{"name":"wp","href":"https:\/\/api.w.org\/{rel}","templated":true}]}}