{"id":1708,"date":"2021-08-18T14:53:20","date_gmt":"2021-08-18T11:53:20","guid":{"rendered":"https:\/\/monditaly.com\/kauppa\/?post_type=product&#038;p=1708"},"modified":"2025-11-20T12:50:50","modified_gmt":"2025-11-20T10:50:50","slug":"pasini-verde-00-pizzajauho-25kg","status":"publish","type":"product","link":"https:\/\/monditaly.com\/kauppa\/tuote\/pasini-verde-00-pizzajauho-25kg\/","title":{"rendered":"Pasini Verde 00 pizzajauho 25kg"},"content":{"rendered":"<h3>Ainesosat \/ Ingredienser:<\/h3>\n<p>Tyypin 00 vehn\u00e4jauhot. <strong>Sis\u00e4lt\u00e4\u00e4 gluteenia. <\/strong><\/p>\n<p>Vetemj\u00f6l &#8220;00&#8221;. Inneh\u00e5ller<strong> gluten.<\/strong><\/p>\n<h3>Ravintoarvot per 100g \/ N\u00e4ringsv\u00e4rde per 100g:<\/h3>\n<p>Energia \/ Energi 1456 kJ \/ 343 kcal<br \/>\nRasva \/ Fett 1,5 g josta tyydyttynytt\u00e4 \/ varav m\u00e4ttade 0,38 g<br \/>\nHiilihydraatit \/ Kolhydrater 69,5 g joista sokereita \/ varav sockerarter 1,56 g<br \/>\nKuitu \/ Fiber 11,9 g<br \/>\nProteiini \/ Protein 2,1 g<br \/>\nSuola \/ Salt 0 g<\/p>\n","protected":false},"excerpt":{"rendered":"<p>Valmistettu jauhamalla EU:n alueelta per\u00e4isin olevia vehn\u00e4njyvi\u00e4. Keskipitk\u00e4 kohotusaika, taikina valmistetaan samana aamuna tai edellisen\u00e4 p\u00e4iv\u00e4n\u00e4. S\u00e4ilytys 0-4\u00b0C 1-2 p\u00e4iv\u00e4n ajan. AVPN-hyv\u00e4ksynt\u00e4 eli tuote sopii aidon napolilaisen pizzan valmistamiseen.<\/p>\n<p>Medium leavening time. Dough to be prepared in the morning for the evening or for the day after. Conservation time at 0-4\u00b0C: 1-2 days. Approved by the AVPN association: suitable for true Neapolitan pizza.<\/p>\n","protected":false},"featured_media":1712,"template":"","meta":[],"product_brand":[],"product_cat":[196,46,110,74,156],"product_tag":[202,80],"class_list":{"0":"post-1708","1":"product","2":"type-product","3":"status-publish","4":"has-post-thumbnail","6":"product_cat-kilokauppa","7":"product_cat-teolliset_elintarvikkeet","8":"product_cat-horeca-teolliset-elintarvikkeet","9":"product_cat-kuivat-elintarvikkeet-horeca","10":"product_cat-jauhot-horeca","11":"product_tag-flour","12":"product_tag-pizza","13":"product_shipping_class-horeca","15":"first","16":"instock","17":"taxable","18":"shipping-taxable","19":"product-type-simple"},"_links":{"self":[{"href":"https:\/\/monditaly.com\/kauppa\/wp-json\/wp\/v2\/product\/1708","targetHints":{"allow":["GET"]}}],"collection":[{"href":"https:\/\/monditaly.com\/kauppa\/wp-json\/wp\/v2\/product"}],"about":[{"href":"https:\/\/monditaly.com\/kauppa\/wp-json\/wp\/v2\/types\/product"}],"wp:featuredmedia":[{"embeddable":true,"href":"https:\/\/monditaly.com\/kauppa\/wp-json\/wp\/v2\/media\/1712"}],"wp:attachment":[{"href":"https:\/\/monditaly.com\/kauppa\/wp-json\/wp\/v2\/media?parent=1708"}],"wp:term":[{"taxonomy":"product_brand","embeddable":true,"href":"https:\/\/monditaly.com\/kauppa\/wp-json\/wp\/v2\/product_brand?post=1708"},{"taxonomy":"product_cat","embeddable":true,"href":"https:\/\/monditaly.com\/kauppa\/wp-json\/wp\/v2\/product_cat?post=1708"},{"taxonomy":"product_tag","embeddable":true,"href":"https:\/\/monditaly.com\/kauppa\/wp-json\/wp\/v2\/product_tag?post=1708"}],"curies":[{"name":"wp","href":"https:\/\/api.w.org\/{rel}","templated":true}]}}