{"id":1722,"date":"2021-08-20T12:47:06","date_gmt":"2021-08-20T09:47:06","guid":{"rendered":"https:\/\/monditaly.com\/kauppa\/?post_type=product&#038;p=1722"},"modified":"2024-07-07T03:49:11","modified_gmt":"2024-07-07T00:49:11","slug":"pasini-arancio-00-pizzajauho-25kg","status":"publish","type":"product","link":"https:\/\/monditaly.com\/kauppa\/tuote\/pasini-arancio-00-pizzajauho-25kg\/","title":{"rendered":"Pasini Arancio 00 pizzajauho 25kg"},"content":{"rendered":"<h3>Ainesosat \/ Ingredienser:<\/h3>\n<p>Tyypin 00 vehn\u00e4jauhot. <strong>Sis\u00e4lt\u00e4\u00e4 gluteenia.<\/strong><\/p>\n<p>Vetemj\u00f6l &#8220;00&#8221;. <strong>Inneh\u00e5ller gluten.<\/strong><\/p>\n<h3>Ravintoarvot per 100g \/ N\u00e4ringsv\u00e4rde per 100g:<\/h3>\n<p>Energia \/ Energi 1464 kJ \/ 345 kcal<br \/>\nRasva \/ Fett 1,6 g josta tyydyttynytt\u00e4 \/ varav m\u00e4ttade 0,44 g<br \/>\nHiilihydraatit \/ Kolhydrater 68,0 g joista sokereita \/ varav sockerarter 1,55 g<br \/>\nKuitu \/ Fiber 13,8 g<br \/>\nProteiini \/ Protein 1,8 g<br \/>\nSuola \/ Salt 0 g<\/p>\n","protected":false},"excerpt":{"rendered":"<p>Valmistettu jauhamalla Pohjois-Amerikan ja EU:n alueelta per\u00e4isin olevia vehn\u00e4njyvi\u00e4. Pitk\u00e4 kohotusaika. S\u00e4ilytys 0-4\u00b0C 3-6 p\u00e4iv\u00e4n ajan.<\/p>\n<p>Soft wheat flour &#8220;00&#8221; for long leavening time. Conservation time at 0-4\u00b0C: up to 6 days.<\/p>\n","protected":false},"featured_media":1723,"template":"","meta":[],"product_brand":[],"product_cat":[196,46,110,74,156],"product_tag":[202,80],"class_list":{"0":"post-1722","1":"product","2":"type-product","3":"status-publish","4":"has-post-thumbnail","6":"product_cat-kilokauppa","7":"product_cat-teolliset_elintarvikkeet","8":"product_cat-horeca-teolliset-elintarvikkeet","9":"product_cat-kuivat-elintarvikkeet-horeca","10":"product_cat-jauhot-horeca","11":"product_tag-flour","12":"product_tag-pizza","13":"product_shipping_class-horeca","15":"first","16":"instock","17":"taxable","18":"shipping-taxable","19":"product-type-simple"},"_links":{"self":[{"href":"https:\/\/monditaly.com\/kauppa\/wp-json\/wp\/v2\/product\/1722","targetHints":{"allow":["GET"]}}],"collection":[{"href":"https:\/\/monditaly.com\/kauppa\/wp-json\/wp\/v2\/product"}],"about":[{"href":"https:\/\/monditaly.com\/kauppa\/wp-json\/wp\/v2\/types\/product"}],"wp:featuredmedia":[{"embeddable":true,"href":"https:\/\/monditaly.com\/kauppa\/wp-json\/wp\/v2\/media\/1723"}],"wp:attachment":[{"href":"https:\/\/monditaly.com\/kauppa\/wp-json\/wp\/v2\/media?parent=1722"}],"wp:term":[{"taxonomy":"product_brand","embeddable":true,"href":"https:\/\/monditaly.com\/kauppa\/wp-json\/wp\/v2\/product_brand?post=1722"},{"taxonomy":"product_cat","embeddable":true,"href":"https:\/\/monditaly.com\/kauppa\/wp-json\/wp\/v2\/product_cat?post=1722"},{"taxonomy":"product_tag","embeddable":true,"href":"https:\/\/monditaly.com\/kauppa\/wp-json\/wp\/v2\/product_tag?post=1722"}],"curies":[{"name":"wp","href":"https:\/\/api.w.org\/{rel}","templated":true}]}}