{"id":1724,"date":"2021-08-20T13:02:08","date_gmt":"2021-08-20T10:02:08","guid":{"rendered":"https:\/\/monditaly.com\/kauppa\/?post_type=product&#038;p=1724"},"modified":"2024-06-07T12:01:25","modified_gmt":"2024-06-07T09:01:25","slug":"viander-napoli-kuorittu-tomaatti-1ltk","status":"publish","type":"product","link":"https:\/\/monditaly.com\/kauppa\/tuote\/viander-napoli-kuorittu-tomaatti-1ltk\/","title":{"rendered":"Viander Napoli kuorittu tomaatti 1ltk (2,55kg x 6 kpl)"},"content":{"rendered":"<h3>Ainesosat \/ Ingredienser:<\/h3>\n<p>Kokonaiset kuoritut tomaatit, tomaattimehu, happamuudens\u00e4\u00e4t\u00f6aine: sitruunahappo (E330).<\/p>\n<p>Hela skalade tomater, tomatsaft, surhetsreglerande medel: citronsyra (E330).<\/p>\n<h3>Ravintoarvot per 100g \/ N\u00e4ringsv\u00e4rde per 100g:<\/h3>\n<p>Energia \/ Energi 86 kJ \/ 21 kcal<br \/>\nRasva \/ Fett 0,5 g josta tyydyttynytt\u00e4 \/ varav m\u00e4ttade 0,0 g<br \/>\nHiilihydraatit \/ Kolhydrater 3,0 g joista sokereita \/ varav sockerarter 3,0 g<br \/>\nProteiini \/ Protein 1,2 g<br \/>\nSuola \/ Salt 0,1 g<\/p>\n","protected":false},"excerpt":{"rendered":"<p>Kokonaisia kuorittuja tomaatteja s\u00e4ilyket\u00f6lkiss\u00e4. Valmistettu italialaisista tuoreista pitkist\u00e4 tomaattilajikkeista, jotka on kuorittu ja upotettu tomaattimehuun. Perusaines kastikkeiden valmistuksessa. S\u00e4ilyt\u00e4 viile\u00e4ss\u00e4 ja kuivassa paikassa suojassa kuumuudelta. Siirr\u00e4 avattu tuote toiseen astiaan, s\u00e4ilyt\u00e4 j\u00e4\u00e4kaapissa ja k\u00e4yt\u00e4 2-3 p\u00e4iv\u00e4n sis\u00e4ll\u00e4.<\/p>\n<p>Canned whole peeled tomatoes tinplate obtained with a manufacturing process of Italian fresh tomatoes long type, peeled and placed in tomato juice. Basic ingredient for sauces preparation.<\/p>\n","protected":false},"featured_media":2240,"template":"","meta":[],"product_brand":[],"product_cat":[46,110,70,97],"product_tag":[330,176],"class_list":{"0":"post-1724","1":"product","2":"type-product","3":"status-publish","4":"has-post-thumbnail","6":"product_cat-teolliset_elintarvikkeet","7":"product_cat-horeca-teolliset-elintarvikkeet","8":"product_cat-sailykkeet-horeca","9":"product_cat-tomaatti-horeca","10":"product_tag-pomodori","11":"product_tag-tomato","12":"product_shipping_class-horeca","14":"first","15":"instock","16":"taxable","17":"shipping-taxable","18":"product-type-simple"},"_links":{"self":[{"href":"https:\/\/monditaly.com\/kauppa\/wp-json\/wp\/v2\/product\/1724","targetHints":{"allow":["GET"]}}],"collection":[{"href":"https:\/\/monditaly.com\/kauppa\/wp-json\/wp\/v2\/product"}],"about":[{"href":"https:\/\/monditaly.com\/kauppa\/wp-json\/wp\/v2\/types\/product"}],"wp:featuredmedia":[{"embeddable":true,"href":"https:\/\/monditaly.com\/kauppa\/wp-json\/wp\/v2\/media\/2240"}],"wp:attachment":[{"href":"https:\/\/monditaly.com\/kauppa\/wp-json\/wp\/v2\/media?parent=1724"}],"wp:term":[{"taxonomy":"product_brand","embeddable":true,"href":"https:\/\/monditaly.com\/kauppa\/wp-json\/wp\/v2\/product_brand?post=1724"},{"taxonomy":"product_cat","embeddable":true,"href":"https:\/\/monditaly.com\/kauppa\/wp-json\/wp\/v2\/product_cat?post=1724"},{"taxonomy":"product_tag","embeddable":true,"href":"https:\/\/monditaly.com\/kauppa\/wp-json\/wp\/v2\/product_tag?post=1724"}],"curies":[{"name":"wp","href":"https:\/\/api.w.org\/{rel}","templated":true}]}}