{"id":1726,"date":"2021-08-20T13:15:58","date_gmt":"2021-08-20T10:15:58","guid":{"rendered":"https:\/\/monditaly.com\/kauppa\/?post_type=product&#038;p=1726"},"modified":"2024-08-09T19:52:27","modified_gmt":"2024-08-09T16:52:27","slug":"rognoni-asiago-dop-juusto","status":"publish","type":"product","link":"https:\/\/monditaly.com\/kauppa\/tuote\/rognoni-asiago-dop-juusto\/","title":{"rendered":"Rognoni Asiago D.O.P juusto \u00bc n. 3,5kg"},"content":{"rendered":"<h3>Ainesosat:<\/h3>\n<p>Past\u00f6roitu lehm\u00e4nmaito, suola, valitut maitohappobakteerit, juoksute.<\/p>\n<p>Past\u00f6riserad komj\u00f6lk, salt, utvalda mj\u00f6lksyrabakterier, l\u00f6pe.<\/p>\n<h3>Ravintoarvot per 100g:<\/h3>\n<p>Energia \/ Energi 1527 kJ \/ 368 kcal<br \/>\nRasva \/ Fett 30 g josta tyydyttynytt\u00e4 \/ varav m\u00e4ttade 21 g<br \/>\nHiilihydraatit \/ Kolhydrater 0,5 g joista sokereita \/ varav sockerarter 0,2 g<br \/>\nProteiini \/ Protein 24 g<br \/>\nSuola \/ Salt 1,7 g<\/p>\n","protected":false},"excerpt":{"rendered":"<p>The protected name &#8220;Asiago&#8221; is reserved for semi-cooked cheese, obtained in compliance with the production specification &#8220;DOP Asiago&#8221;, a compact cheese with marked and irregular holes, it is produced by dairies located within the territory provided in the specification, which includes the provinces of Vicenza, Trento, Padua and Treviso.<\/p>\n","protected":false},"featured_media":2525,"template":"","meta":[],"product_brand":[],"product_cat":[196,36,163,246,249],"product_tag":[187],"class_list":{"0":"post-1726","1":"product","2":"type-product","3":"status-publish","4":"has-post-thumbnail","6":"product_cat-kilokauppa","7":"product_cat-viileat","8":"product_cat-viileat-horeca","9":"product_cat-juustot-horeca","10":"product_cat-kovat-juustot-horeca","11":"product_tag-cheese","12":"product_shipping_class-viileat-pakaste","14":"first","15":"onbackorder","16":"taxable","17":"shipping-taxable","18":"product-type-simple"},"_links":{"self":[{"href":"https:\/\/monditaly.com\/kauppa\/wp-json\/wp\/v2\/product\/1726","targetHints":{"allow":["GET"]}}],"collection":[{"href":"https:\/\/monditaly.com\/kauppa\/wp-json\/wp\/v2\/product"}],"about":[{"href":"https:\/\/monditaly.com\/kauppa\/wp-json\/wp\/v2\/types\/product"}],"wp:featuredmedia":[{"embeddable":true,"href":"https:\/\/monditaly.com\/kauppa\/wp-json\/wp\/v2\/media\/2525"}],"wp:attachment":[{"href":"https:\/\/monditaly.com\/kauppa\/wp-json\/wp\/v2\/media?parent=1726"}],"wp:term":[{"taxonomy":"product_brand","embeddable":true,"href":"https:\/\/monditaly.com\/kauppa\/wp-json\/wp\/v2\/product_brand?post=1726"},{"taxonomy":"product_cat","embeddable":true,"href":"https:\/\/monditaly.com\/kauppa\/wp-json\/wp\/v2\/product_cat?post=1726"},{"taxonomy":"product_tag","embeddable":true,"href":"https:\/\/monditaly.com\/kauppa\/wp-json\/wp\/v2\/product_tag?post=1726"}],"curies":[{"name":"wp","href":"https:\/\/api.w.org\/{rel}","templated":true}]}}