{"id":1766,"date":"2021-08-31T09:25:23","date_gmt":"2021-08-31T06:25:23","guid":{"rendered":"https:\/\/monditaly.com\/kauppa\/?post_type=product&#038;p=1766"},"modified":"2025-06-30T13:05:45","modified_gmt":"2025-06-30T10:05:45","slug":"rognoni-salami-felino-igp","status":"publish","type":"product","link":"https:\/\/monditaly.com\/kauppa\/tuote\/rognoni-salami-felino-igp\/","title":{"rendered":"Rognoni Felino IGP salami n. 1,2kg"},"content":{"rendered":"<h3>Ainesosat:<\/h3>\n<p>Sianliha, suola, sokeri (dekstroosi), mausteita, luonnoliset aromit. S\u00e4il\u00f6nt\u00e4aineet: E250, E252.<\/p>\n<p>Fl\u00e4sk, salt, socker (dextros), kryddor, naturaliga smak\u00e4mnen. Konserveringsmedel: E250, E252.<\/p>\n<p>Pork meat, salt, sugars (dextrose), spices, natural flavors. Preservatives: E250, E252.<\/p>\n<h3>Ravintoarvot per 100g:<\/h3>\n<p>Energia \/ Energi 1569 kJ \/ 375 kcal<br \/>\nRasva \/ Fett 27,9 g josta tyydyttynytt\u00e4 \/ varav m\u00e4ttade 9,5 g<br \/>\nHiilihydraatit \/ Kolhydrat 0,5 g joista sokereita \/ varav sockerarter 0,5 g<br \/>\nProteiini \/ Protein 30 g<br \/>\nSuola \/ Salt 4,2 g<\/p>\n","protected":false},"excerpt":{"rendered":"<p>Cured salami obtained from the processing of Italian pork, stuffed into natural pork gut.<\/p>\n","protected":false},"featured_media":7090,"template":"","meta":[],"product_brand":[],"product_cat":[196,36,163,166],"product_tag":[],"class_list":{"0":"post-1766","1":"product","2":"type-product","3":"status-publish","4":"has-post-thumbnail","6":"product_cat-kilokauppa","7":"product_cat-viileat","8":"product_cat-viileat-horeca","9":"product_cat-salamit-ja-kinkut-horeca","10":"product_shipping_class-viileat-pakaste","12":"first","13":"onbackorder","14":"taxable","15":"shipping-taxable","16":"product-type-simple"},"_links":{"self":[{"href":"https:\/\/monditaly.com\/kauppa\/wp-json\/wp\/v2\/product\/1766","targetHints":{"allow":["GET"]}}],"collection":[{"href":"https:\/\/monditaly.com\/kauppa\/wp-json\/wp\/v2\/product"}],"about":[{"href":"https:\/\/monditaly.com\/kauppa\/wp-json\/wp\/v2\/types\/product"}],"wp:featuredmedia":[{"embeddable":true,"href":"https:\/\/monditaly.com\/kauppa\/wp-json\/wp\/v2\/media\/7090"}],"wp:attachment":[{"href":"https:\/\/monditaly.com\/kauppa\/wp-json\/wp\/v2\/media?parent=1766"}],"wp:term":[{"taxonomy":"product_brand","embeddable":true,"href":"https:\/\/monditaly.com\/kauppa\/wp-json\/wp\/v2\/product_brand?post=1766"},{"taxonomy":"product_cat","embeddable":true,"href":"https:\/\/monditaly.com\/kauppa\/wp-json\/wp\/v2\/product_cat?post=1766"},{"taxonomy":"product_tag","embeddable":true,"href":"https:\/\/monditaly.com\/kauppa\/wp-json\/wp\/v2\/product_tag?post=1766"}],"curies":[{"name":"wp","href":"https:\/\/api.w.org\/{rel}","templated":true}]}}