{"id":181,"date":"2013-08-10T09:34:34","date_gmt":"2013-08-10T06:34:34","guid":{"rendered":"http:\/\/uxthemes.wpengine.com\/?post_type=product&#038;p=331"},"modified":"2024-07-05T14:25:37","modified_gmt":"2024-07-05T11:25:37","slug":"greci-pisara-paprika-1ltk","status":"publish","type":"product","link":"https:\/\/monditaly.com\/kauppa\/tuote\/greci-pisara-paprika-1ltk\/","title":{"rendered":"Greci pisarapaprika 1ltk (800g x 6 kpl)"},"content":{"rendered":"<h3>Ainesosat \/ Ingredienser:<\/h3>\n<p><span data-sheets-value=\"{&quot;1&quot;:2,&quot;2&quot;:&quot;punainen paprika, vesi, viinietikka, sokeri, suola, hapettumisenestoaine: L-askorbiinihappo, sakeuttamisaine: kalsiumkloridi. Saattaa sis\u00e4lt\u00e4\u00e4 j\u00e4\u00e4mi\u00e4 maidosta ja sen johdannaisista, sellerist\u00e4 ja p\u00e4hkin\u00f6ist\u00e4. Gluteeniton. \/ R\u00f6d paprika, vatten, vin\u00e4ger, socker, salt, antioxidant: L-askorbinsyra, f\u00f6rtjockningsmedel: kalciumklorid. Kann inneh\u00e5lla sp\u00e5r av mj\u00f6lk och mj\u00f6lkprodukter, selleri och n\u00f6tter. Glutenfri.&quot;}\" data-sheets-userformat=\"{&quot;2&quot;:14780,&quot;5&quot;:{&quot;1&quot;:[{&quot;1&quot;:2,&quot;2&quot;:0,&quot;5&quot;:{&quot;1&quot;:2,&quot;2&quot;:0}},{&quot;1&quot;:0,&quot;2&quot;:0,&quot;3&quot;:3},{&quot;1&quot;:1,&quot;2&quot;:0,&quot;4&quot;:1}]},&quot;6&quot;:{&quot;1&quot;:[{&quot;1&quot;:2,&quot;2&quot;:0,&quot;5&quot;:{&quot;1&quot;:2,&quot;2&quot;:0}},{&quot;1&quot;:0,&quot;2&quot;:0,&quot;3&quot;:3},{&quot;1&quot;:1,&quot;2&quot;:0,&quot;4&quot;:1}]},&quot;7&quot;:{&quot;1&quot;:[{&quot;1&quot;:2,&quot;2&quot;:0,&quot;5&quot;:{&quot;1&quot;:2,&quot;2&quot;:0}},{&quot;1&quot;:0,&quot;2&quot;:0,&quot;3&quot;:3},{&quot;1&quot;:1,&quot;2&quot;:0,&quot;4&quot;:1}]},&quot;8&quot;:{&quot;1&quot;:[{&quot;1&quot;:2,&quot;2&quot;:0,&quot;5&quot;:{&quot;1&quot;:2,&quot;2&quot;:0}},{&quot;1&quot;:0,&quot;2&quot;:0,&quot;3&quot;:3},{&quot;1&quot;:1,&quot;2&quot;:0,&quot;4&quot;:1}]},&quot;10&quot;:0,&quot;11&quot;:4,&quot;14&quot;:{&quot;1&quot;:2,&quot;2&quot;:0},&quot;15&quot;:&quot;Lato&quot;,&quot;16&quot;:11}\" data-sheets-textstyleruns=\"{&quot;1&quot;:0}\uee10{&quot;1&quot;:126,&quot;2&quot;:{&quot;5&quot;:1}}\uee10{&quot;1&quot;:208}\uee10{&quot;1&quot;:332,&quot;2&quot;:{&quot;5&quot;:1}}\uee10{&quot;1&quot;:400}\">Punainen paprika, vesi, viinietikka, sokeri, suola, hapettumisenestoaine: L-askorbiinihappo, sakeuttamisaine: kalsiumkloridi. <strong>Saattaa sis\u00e4lt\u00e4\u00e4 j\u00e4\u00e4mi\u00e4 maidosta ja sen johdannaisista, sellerist\u00e4 ja p\u00e4hkin\u00f6ist\u00e4.<\/strong> Gluteeniton. <\/span><\/p>\n<p><span data-sheets-value=\"{&quot;1&quot;:2,&quot;2&quot;:&quot;punainen paprika, vesi, viinietikka, sokeri, suola, hapettumisenestoaine: L-askorbiinihappo, sakeuttamisaine: kalsiumkloridi. Saattaa sis\u00e4lt\u00e4\u00e4 j\u00e4\u00e4mi\u00e4 maidosta ja sen johdannaisista, sellerist\u00e4 ja p\u00e4hkin\u00f6ist\u00e4. Gluteeniton. \/ R\u00f6d paprika, vatten, vin\u00e4ger, socker, salt, antioxidant: L-askorbinsyra, f\u00f6rtjockningsmedel: kalciumklorid. Kann inneh\u00e5lla sp\u00e5r av mj\u00f6lk och mj\u00f6lkprodukter, selleri och n\u00f6tter. Glutenfri.&quot;}\" data-sheets-userformat=\"{&quot;2&quot;:14780,&quot;5&quot;:{&quot;1&quot;:[{&quot;1&quot;:2,&quot;2&quot;:0,&quot;5&quot;:{&quot;1&quot;:2,&quot;2&quot;:0}},{&quot;1&quot;:0,&quot;2&quot;:0,&quot;3&quot;:3},{&quot;1&quot;:1,&quot;2&quot;:0,&quot;4&quot;:1}]},&quot;6&quot;:{&quot;1&quot;:[{&quot;1&quot;:2,&quot;2&quot;:0,&quot;5&quot;:{&quot;1&quot;:2,&quot;2&quot;:0}},{&quot;1&quot;:0,&quot;2&quot;:0,&quot;3&quot;:3},{&quot;1&quot;:1,&quot;2&quot;:0,&quot;4&quot;:1}]},&quot;7&quot;:{&quot;1&quot;:[{&quot;1&quot;:2,&quot;2&quot;:0,&quot;5&quot;:{&quot;1&quot;:2,&quot;2&quot;:0}},{&quot;1&quot;:0,&quot;2&quot;:0,&quot;3&quot;:3},{&quot;1&quot;:1,&quot;2&quot;:0,&quot;4&quot;:1}]},&quot;8&quot;:{&quot;1&quot;:[{&quot;1&quot;:2,&quot;2&quot;:0,&quot;5&quot;:{&quot;1&quot;:2,&quot;2&quot;:0}},{&quot;1&quot;:0,&quot;2&quot;:0,&quot;3&quot;:3},{&quot;1&quot;:1,&quot;2&quot;:0,&quot;4&quot;:1}]},&quot;10&quot;:0,&quot;11&quot;:4,&quot;14&quot;:{&quot;1&quot;:2,&quot;2&quot;:0},&quot;15&quot;:&quot;Lato&quot;,&quot;16&quot;:11}\" data-sheets-textstyleruns=\"{&quot;1&quot;:0}\uee10{&quot;1&quot;:126,&quot;2&quot;:{&quot;5&quot;:1}}\uee10{&quot;1&quot;:208}\uee10{&quot;1&quot;:332,&quot;2&quot;:{&quot;5&quot;:1}}\uee10{&quot;1&quot;:400}\">R\u00f6d paprika, vatten, vin\u00e4ger, socker, salt, antioxidant: L-askorbinsyra, f\u00f6rtjockningsmedel: kalciumklorid. <strong>Kann inneh\u00e5lla sp\u00e5r av mj\u00f6lk och mj\u00f6lkprodukter, selleri och n\u00f6tter.<\/strong> Glutenfri.<\/span><\/p>\n<h3>Ravintoarvot per 100g \/ N\u00e4ringsv\u00e4rde per 100g:<\/h3>\n<p>Energia \/ Energi 360 kJ \/ 90 kcal<br \/>\nRasva \/ Fett 0,0 g josta tyydyttynytt\u00e4 0,0 g<br \/>\nHiilihydraatit \/ Kolhydrat 19,0 g joista sokereita \/ varav sockerarter 15,0 g<br \/>\nKuitu \/ Fiber 1,0 g<br \/>\nProteiini \/ Protein 2,0 g<br \/>\nSuola \/ Salt 0,48 g<\/p>\n","protected":false},"excerpt":{"rendered":"<p><strong>Tuote myyd\u00e4\u00e4n myyntier\u00e4n\u00e4 1 ltk (6 kpl). \/ Sales unit 1 box (6 pcs).<\/strong><\/p>\n<p>Kokonaisia punaisia pisarapaprikoita (Capsicum Chinense) hapanimel\u00e4ss\u00e4 liemess\u00e4 ilman \u00f6ljy\u00e4. Ei kuorittuja. Sopivat alkupaloihin, lisukkeisiin, p\u00e4\u00e4ruokiin ja suolaisiin leivonnaisiin. Koristeellisia my\u00f6s pizzan p\u00e4\u00e4ll\u00e4.<\/p>\n<p>Sweet peppers of native Peruvian variety (Capsicum Chinense) with a characteristic and exclusive taste especially for western cuisine. Sweet and sour mix, with water, sugar and vinegar, in brine, without the addition of oil. They are excellent as an aperitif, on their own, or in combination with meat and fish carpaccio; original and pleasant also in accompaniment to desserts, they are very decorative on pizza and in first courses.<\/p>\n","protected":false},"featured_media":1788,"template":"","meta":[],"product_brand":[],"product_cat":[46,110,70,81],"product_tag":[303,304,325,308,305,112,133],"class_list":{"0":"post-181","1":"product","2":"type-product","3":"status-publish","4":"has-post-thumbnail","6":"product_cat-teolliset_elintarvikkeet","7":"product_cat-horeca-teolliset-elintarvikkeet","8":"product_cat-sailykkeet-horeca","9":"product_cat-vihannekset-horeca","10":"product_tag-drop","11":"product_tag-gluteeniton","12":"product_tag-gluten-free","13":"product_tag-lactose-free","14":"product_tag-laktoositon","15":"product_tag-peperoncino","16":"product_tag-pepper","17":"product_shipping_class-horeca","19":"first","20":"instock","21":"taxable","22":"shipping-taxable","23":"product-type-simple"},"_links":{"self":[{"href":"https:\/\/monditaly.com\/kauppa\/wp-json\/wp\/v2\/product\/181","targetHints":{"allow":["GET"]}}],"collection":[{"href":"https:\/\/monditaly.com\/kauppa\/wp-json\/wp\/v2\/product"}],"about":[{"href":"https:\/\/monditaly.com\/kauppa\/wp-json\/wp\/v2\/types\/product"}],"wp:featuredmedia":[{"embeddable":true,"href":"https:\/\/monditaly.com\/kauppa\/wp-json\/wp\/v2\/media\/1788"}],"wp:attachment":[{"href":"https:\/\/monditaly.com\/kauppa\/wp-json\/wp\/v2\/media?parent=181"}],"wp:term":[{"taxonomy":"product_brand","embeddable":true,"href":"https:\/\/monditaly.com\/kauppa\/wp-json\/wp\/v2\/product_brand?post=181"},{"taxonomy":"product_cat","embeddable":true,"href":"https:\/\/monditaly.com\/kauppa\/wp-json\/wp\/v2\/product_cat?post=181"},{"taxonomy":"product_tag","embeddable":true,"href":"https:\/\/monditaly.com\/kauppa\/wp-json\/wp\/v2\/product_tag?post=181"}],"curies":[{"name":"wp","href":"https:\/\/api.w.org\/{rel}","templated":true}]}}