{"id":1812,"date":"2021-09-03T14:51:46","date_gmt":"2021-09-03T11:51:46","guid":{"rendered":"https:\/\/monditaly.com\/kauppa\/?post_type=product&#038;p=1812"},"modified":"2024-07-10T20:44:41","modified_gmt":"2024-07-10T17:44:41","slug":"goccia-doro-ekstraneitsytoliivioljy-sitruunalla-250ml","status":"publish","type":"product","link":"https:\/\/monditaly.com\/kauppa\/tuote\/goccia-doro-ekstraneitsytoliivioljy-sitruunalla-250ml\/","title":{"rendered":"Goccia d&#8217;Oro ekstraneitsytoliivi\u00f6ljy sitruunalla 250ml"},"content":{"rendered":"<h3>Ainesosat \/ Ingredienser:<\/h3>\n<p>Ekstraneitsytoliivi\u00f6ljy, sitruuna 1%, luontaiset aromit.<\/p>\n<p>Extra virgin olivolja, citron 1%, naturliga smak\u00e4mne.<\/p>\n<h3>Ravintoarvot per 100g \/ N\u00e4ringsv\u00e4rde per 100g:<\/h3>\n<p>Energia \/ Energi 3404 kJ \/ 828 kcal<br \/>\nRasva \/ Fett 92 g<br \/>\njosta tyydyttynytt\u00e4 \/ varav m\u00e4ttade 14 g, kertatyydyttym\u00e4tt\u00f6mi\u00e4 \/ enkelom\u00e4ttad 69 g, monityydyttym\u00e4tt\u00f6m\u00e4t \/ flerom\u00e4ttad 9,0 g<br \/>\nHiilihydraatit \/ Kolhydrater 0 g<br \/>\njoista sokereita \/ varav sockerarter 0 g<br \/>\nProteiini \/ Protein 0 g<br \/>\nSuola \/ Salt 0 g<\/p>\n","protected":false},"excerpt":{"rendered":"<p>Sitruunalla maustettu ekstra neitsyt oliivi\u00f6ljy. Pid\u00e4 poissa suorasta auringonvalosta.<\/p>\n<p>Extra virgin olive oil with lemon. Keep out of direct sunlight.<\/p>\n","protected":false},"featured_media":2247,"template":"","meta":[],"product_brand":[],"product_cat":[110,76,160],"product_tag":[149],"class_list":{"0":"post-1812","1":"product","2":"type-product","3":"status-publish","4":"has-post-thumbnail","6":"product_cat-horeca-teolliset-elintarvikkeet","7":"product_cat-oljyt-balsamicot-ja-etikat-horeca","8":"product_cat-oliivioljyt-horeca","9":"product_tag-olive","10":"product_shipping_class-horeca","12":"first","13":"onbackorder","14":"taxable","15":"shipping-taxable","16":"product-type-simple"},"_links":{"self":[{"href":"https:\/\/monditaly.com\/kauppa\/wp-json\/wp\/v2\/product\/1812","targetHints":{"allow":["GET"]}}],"collection":[{"href":"https:\/\/monditaly.com\/kauppa\/wp-json\/wp\/v2\/product"}],"about":[{"href":"https:\/\/monditaly.com\/kauppa\/wp-json\/wp\/v2\/types\/product"}],"wp:featuredmedia":[{"embeddable":true,"href":"https:\/\/monditaly.com\/kauppa\/wp-json\/wp\/v2\/media\/2247"}],"wp:attachment":[{"href":"https:\/\/monditaly.com\/kauppa\/wp-json\/wp\/v2\/media?parent=1812"}],"wp:term":[{"taxonomy":"product_brand","embeddable":true,"href":"https:\/\/monditaly.com\/kauppa\/wp-json\/wp\/v2\/product_brand?post=1812"},{"taxonomy":"product_cat","embeddable":true,"href":"https:\/\/monditaly.com\/kauppa\/wp-json\/wp\/v2\/product_cat?post=1812"},{"taxonomy":"product_tag","embeddable":true,"href":"https:\/\/monditaly.com\/kauppa\/wp-json\/wp\/v2\/product_tag?post=1812"}],"curies":[{"name":"wp","href":"https:\/\/api.w.org\/{rel}","templated":true}]}}