{"id":1891,"date":"2021-09-28T14:56:48","date_gmt":"2021-09-28T11:56:48","guid":{"rendered":"https:\/\/monditaly.com\/kauppa\/?post_type=product&#038;p=1891"},"modified":"2024-07-07T21:59:34","modified_gmt":"2024-07-07T18:59:34","slug":"flaminio-delicato-ekstraneitsyt-oliivioljy-1ltk-2","status":"publish","type":"product","link":"https:\/\/monditaly.com\/kauppa\/tuote\/flaminio-delicato-ekstraneitsyt-oliivioljy-1ltk-2\/","title":{"rendered":"Flaminio Delicato ekstraneitsyt oliivi\u00f6ljy 1ltk (250ml x 12kpl)"},"content":{"rendered":"<h3>Ainesosat \/ Ingredienser:<\/h3>\n<p>Ekstraneitsytoliivi\u00f6ljy, kylm\u00e4puristettu, 100% valmistettu Italiassa.<\/p>\n<p>Extra vergin olivolja, kallpressad, 100% produkt i Italien.<\/p>\n<h3>Ravintoarvot per 100g \/ N\u00e4ringsv\u00e4rde per 100g:<\/h3>\n<p>Energia \/ Energi 3700 kJ \/ 900 kcal<br \/>\nRasva \/ Fett 100 g<br \/>\njosta tyydyttynytt\u00e4 \/ varav m\u00e4ttade 12,3 g<br \/>\nHiilihydraatit \/ Kolhydrater 0 g<br \/>\njoista sokereita \/ varav sockerarter 0 g<br \/>\nProteiini \/ Protein 0 g<br \/>\nSuola \/ Salt 0 g<\/p>\n","protected":false},"excerpt":{"rendered":"<p><strong>Tuote myyd\u00e4\u00e4n myyntier\u00e4n\u00e4 1 ltk (12 kpl). \/ Sales unit 1 box (12 pcs).<\/strong><\/p>\n<p>Kylm\u00e4puristettu ekstraneitsytoliivi\u00f6ljy k\u00e4sin poimituista, 12 tunnin sis\u00e4ll\u00e4 puristetuista oliiveista. Valmistuksessa on kunnioitettu kolmen sukupolven mittaisia perinteit\u00e4. Delicato -\u00f6ljyyn valitaan vain kaikista miedoimmat oliivi\u00f6ljyt ja sen mausta pit\u00e4v\u00e4t my\u00f6s lapset. Sopii kuumentamattomana kaikkiin ruokalajeihin.<\/p>\n<p>Produced by cold extraction, from olives harvested by hand in mid-November and pressed within 12 hours, the complexity of its aromas and flavours reflects the olive oil culture and tradition handed down over three generations. For Delicato Olive oil only the most delicate and harmonious olive oils are selected from the individual pressings. With a delicate flavour, lightly fruity and rich, with an emerald green colour, it is unmistakable for its exclusive, elegant and refined characteristics. Children particularly love its delicate flavour. Excellent served unheated on any dish, especially with fish, shellfish, vegetable soups, risottos, white meat, pesto and any preparation with a delicate flavour.<\/p>\n","protected":false},"featured_media":1894,"template":"","meta":[],"product_brand":[],"product_cat":[46,110,76,160],"product_tag":[184,412],"class_list":{"0":"post-1891","1":"product","2":"type-product","3":"status-publish","4":"has-post-thumbnail","6":"product_cat-teolliset_elintarvikkeet","7":"product_cat-horeca-teolliset-elintarvikkeet","8":"product_cat-oljyt-balsamicot-ja-etikat-horeca","9":"product_cat-oliivioljyt-horeca","10":"product_tag-oil","11":"product_tag-olive-oil","12":"product_shipping_class-horeca","14":"first","15":"onbackorder","16":"taxable","17":"shipping-taxable","18":"product-type-simple"},"_links":{"self":[{"href":"https:\/\/monditaly.com\/kauppa\/wp-json\/wp\/v2\/product\/1891","targetHints":{"allow":["GET"]}}],"collection":[{"href":"https:\/\/monditaly.com\/kauppa\/wp-json\/wp\/v2\/product"}],"about":[{"href":"https:\/\/monditaly.com\/kauppa\/wp-json\/wp\/v2\/types\/product"}],"wp:featuredmedia":[{"embeddable":true,"href":"https:\/\/monditaly.com\/kauppa\/wp-json\/wp\/v2\/media\/1894"}],"wp:attachment":[{"href":"https:\/\/monditaly.com\/kauppa\/wp-json\/wp\/v2\/media?parent=1891"}],"wp:term":[{"taxonomy":"product_brand","embeddable":true,"href":"https:\/\/monditaly.com\/kauppa\/wp-json\/wp\/v2\/product_brand?post=1891"},{"taxonomy":"product_cat","embeddable":true,"href":"https:\/\/monditaly.com\/kauppa\/wp-json\/wp\/v2\/product_cat?post=1891"},{"taxonomy":"product_tag","embeddable":true,"href":"https:\/\/monditaly.com\/kauppa\/wp-json\/wp\/v2\/product_tag?post=1891"}],"curies":[{"name":"wp","href":"https:\/\/api.w.org\/{rel}","templated":true}]}}