{"id":2023,"date":"2021-10-07T13:36:32","date_gmt":"2021-10-07T10:36:32","guid":{"rendered":"https:\/\/monditaly.com\/kauppa\/?post_type=product&#038;p=2023"},"modified":"2024-06-07T12:01:22","modified_gmt":"2024-06-07T09:01:22","slug":"pasini-semola-di-grano-duro-jauho-1kg","status":"publish","type":"product","link":"https:\/\/monditaly.com\/kauppa\/tuote\/pasini-semola-di-grano-duro-jauho-1kg\/","title":{"rendered":"Pasini Semola di Grano Duro jauho 1kg"},"content":{"rendered":"<h3>Ainesosat \/ Ingredienser:<\/h3>\n<p>Durumvehn\u00e4. Sis\u00e4lt\u00e4\u00e4 <strong>gluteenia<\/strong>. Saattaa sis\u00e4lt\u00e4\u00e4 <strong>soijaa, kananmunia, maitoa ja seesaminsiemeni\u00e4<\/strong>.<\/p>\n<p>Durumvete. Innheh\u00e5ller <strong>gluten<\/strong>. Kan inneh\u00e5lla <strong>soja, \u00e4gg, mj\u00f6lk och sesamfr\u00f6n<\/strong>.<\/p>\n<h3>Ravintoarvot per 100g \/ N\u00e4ringsv\u00e4rde per 100g:<\/h3>\n<p>Energia \/ Energi 1564 Kj \/ 359 Kcal<br \/>\nRasva \/ Fett 2 g<br \/>\njosta tyydyttynytt\u00e4 \/ varav m\u00e4ttade\u00a00,4 g<br \/>\nHiilihydraatit \/ Kolhydrater 73 g<br \/>\njoista sokereita \/ varav sockerarter\u00a00,4 g<br \/>\nKuitu \/ Fiber 3,6 g<br \/>\nProteiini \/ Protein 13 g<br \/>\nSuola \/ Salt 0 g<\/p>\n","protected":false},"excerpt":{"rendered":"<p>Durumvehn\u00e4jauho tuorepastan valmistukseen.<\/p>\n<p>Durum semola for fresh pasta. Ideal for every type of pasta.<\/p>\n","protected":false},"featured_media":2024,"template":"","meta":[],"product_brand":[],"product_cat":[110,74,156],"product_tag":[202],"class_list":{"0":"post-2023","1":"product","2":"type-product","3":"status-publish","4":"has-post-thumbnail","6":"product_cat-horeca-teolliset-elintarvikkeet","7":"product_cat-kuivat-elintarvikkeet-horeca","8":"product_cat-jauhot-horeca","9":"product_tag-flour","10":"product_shipping_class-horeca","12":"first","13":"onbackorder","14":"taxable","15":"shipping-taxable","16":"product-type-simple"},"_links":{"self":[{"href":"https:\/\/monditaly.com\/kauppa\/wp-json\/wp\/v2\/product\/2023","targetHints":{"allow":["GET"]}}],"collection":[{"href":"https:\/\/monditaly.com\/kauppa\/wp-json\/wp\/v2\/product"}],"about":[{"href":"https:\/\/monditaly.com\/kauppa\/wp-json\/wp\/v2\/types\/product"}],"wp:featuredmedia":[{"embeddable":true,"href":"https:\/\/monditaly.com\/kauppa\/wp-json\/wp\/v2\/media\/2024"}],"wp:attachment":[{"href":"https:\/\/monditaly.com\/kauppa\/wp-json\/wp\/v2\/media?parent=2023"}],"wp:term":[{"taxonomy":"product_brand","embeddable":true,"href":"https:\/\/monditaly.com\/kauppa\/wp-json\/wp\/v2\/product_brand?post=2023"},{"taxonomy":"product_cat","embeddable":true,"href":"https:\/\/monditaly.com\/kauppa\/wp-json\/wp\/v2\/product_cat?post=2023"},{"taxonomy":"product_tag","embeddable":true,"href":"https:\/\/monditaly.com\/kauppa\/wp-json\/wp\/v2\/product_tag?post=2023"}],"curies":[{"name":"wp","href":"https:\/\/api.w.org\/{rel}","templated":true}]}}