{"id":2048,"date":"2021-10-11T21:14:17","date_gmt":"2021-10-11T18:14:17","guid":{"rendered":"https:\/\/monditaly.com\/kauppa\/?post_type=product&#038;p=2048"},"modified":"2025-06-30T11:59:56","modified_gmt":"2025-06-30T08:59:56","slug":"ibis-prosciutto-cotto-8kg","status":"publish","type":"product","link":"https:\/\/monditaly.com\/kauppa\/tuote\/ibis-prosciutto-cotto-8kg\/","title":{"rendered":"Ibis Prosciutto Cotto 8kg"},"content":{"rendered":"<h3>Ainesosat:<\/h3>\n<div>Sianliha, vesi, perunat\u00e4rkkelys, aromit, suola, hyytel\u00f6intiaine: karrageeni (E407), dekstroosi, hapettumisenestoaine: natriumaskorbaatti (E301), s\u00e4il\u00f6nt\u00e4aineet: natriumnitriitti (E250)<\/div>\n<div><\/div>\n<div>Fl\u00e4sk, vatten, potatisst\u00e4rkelse, aromer, salt, gelning: karragenan (E407), dextros, antioxidant: natriumaskorbat (E301), konserveringsmedel: natriumnitrit (E250)<\/div>\n<h3>Ravintoarvot per 100g:<\/h3>\n<p>Energia \/ Energi 488kJ \/ 116kcal<br \/>\nRasva \/ Fett 4g josta tyydyttynytt\u00e4 \/ varav m\u00e4ttade 1,5g<br \/>\nHiilihydraatit \/ Kolhydrater 4,5g joista sokereita \/ varav sockerarter 1,5g<br \/>\nProteiini \/ Protein 15,5g<br \/>\nSuola \/ Salt 2,1g<\/p>\n","protected":false},"excerpt":{"rendered":"<p>J\u00e4\u00e4hdytetty porsaan jalka, valittu pH perusteella, luuton, suolattu suolaliuoksen injektoinnilla, hierottu ja h\u00f6yrykypsennetty laatikkotyypisess\u00e4 muotissa. Tuote pakataan tyhji\u00f6\u00f6n, merkit\u00e4\u00e4n ja past\u00f6roidaan pinnalta.<\/p>\n","protected":false},"featured_media":7069,"template":"","meta":[],"product_brand":[],"product_cat":[196,36,163,166],"product_tag":[344,189],"class_list":{"0":"post-2048","1":"product","2":"type-product","3":"status-publish","4":"has-post-thumbnail","6":"product_cat-kilokauppa","7":"product_cat-viileat","8":"product_cat-viileat-horeca","9":"product_cat-salamit-ja-kinkut-horeca","10":"product_tag-keittokinkku","11":"product_tag-prosciutto","12":"product_shipping_class-viileat-pakaste","14":"first","15":"instock","16":"taxable","17":"shipping-taxable","18":"product-type-simple"},"_links":{"self":[{"href":"https:\/\/monditaly.com\/kauppa\/wp-json\/wp\/v2\/product\/2048","targetHints":{"allow":["GET"]}}],"collection":[{"href":"https:\/\/monditaly.com\/kauppa\/wp-json\/wp\/v2\/product"}],"about":[{"href":"https:\/\/monditaly.com\/kauppa\/wp-json\/wp\/v2\/types\/product"}],"wp:featuredmedia":[{"embeddable":true,"href":"https:\/\/monditaly.com\/kauppa\/wp-json\/wp\/v2\/media\/7069"}],"wp:attachment":[{"href":"https:\/\/monditaly.com\/kauppa\/wp-json\/wp\/v2\/media?parent=2048"}],"wp:term":[{"taxonomy":"product_brand","embeddable":true,"href":"https:\/\/monditaly.com\/kauppa\/wp-json\/wp\/v2\/product_brand?post=2048"},{"taxonomy":"product_cat","embeddable":true,"href":"https:\/\/monditaly.com\/kauppa\/wp-json\/wp\/v2\/product_cat?post=2048"},{"taxonomy":"product_tag","embeddable":true,"href":"https:\/\/monditaly.com\/kauppa\/wp-json\/wp\/v2\/product_tag?post=2048"}],"curies":[{"name":"wp","href":"https:\/\/api.w.org\/{rel}","templated":true}]}}