{"id":2049,"date":"2021-10-11T21:29:42","date_gmt":"2021-10-11T18:29:42","guid":{"rendered":"https:\/\/monditaly.com\/kauppa\/?post_type=product&#038;p=2049"},"modified":"2026-02-06T13:56:17","modified_gmt":"2026-02-06T11:56:17","slug":"viander-sardellifileet-auringonkukkaoljyssa-800g","status":"publish","type":"product","link":"https:\/\/monditaly.com\/kauppa\/tuote\/viander-sardellifileet-auringonkukkaoljyssa-800g\/","title":{"rendered":"Viander anjovisfile \u00f6ljyss\u00e4 800g"},"content":{"rendered":"<h3>Ainesosat \/ Ingredienser:<\/h3>\n<p>Anjovis (Engraulis Encrasicolus) 50%, auringonkukka\u00f6ljy 50%, suola.<\/p>\n<p>Anjovis (Engraulis Encrasicolus) 50%, solrosolja 50%, salt.<\/p>\n<h3>Ravintoarvot per 100g \/ N\u00e4ringsv\u00e4rde per 100g:<\/h3>\n<p>Energia \/ Energi 1005 kJ \/ 241 kcal<br \/>\nRasva \/ Fett 15,9 g<br \/>\njosta tyydyttynytt\u00e4 \/ varav m\u00e4ttat 3,6 g<br \/>\nHiilihydraatit \/ Kolhydrat &lt;0,1 g<br \/>\njoista sokereita \/ varav sockerarter &lt; 0,1 g<br \/>\nProteiini \/ Protein 24,5 g<br \/>\nSuola \/ Salt 2 g<\/p>\n","protected":false},"excerpt":{"rendered":"<p>Anjovisfileet auringonkukka\u00f6ljyss\u00e4. S\u00e4ilyt\u00e4 alle 15\u00b0C-asteessa. S\u00e4ilyt\u00e4 avattu pakkaus j\u00e4\u00e4kaapissa.<\/p>\n<p>Ansjovisfil\u00e9er i solrosolja.<\/p>\n","protected":false},"featured_media":2396,"template":"","meta":[],"product_brand":[],"product_cat":[46,70,82],"product_tag":[312,311],"class_list":{"0":"post-2049","1":"product","2":"type-product","3":"status-publish","4":"has-post-thumbnail","6":"product_cat-teolliset_elintarvikkeet","7":"product_cat-sailykkeet-horeca","8":"product_cat-kalatuotteet-horeca","9":"product_tag-anchovies","10":"product_tag-anjovis","11":"product_shipping_class-horeca","13":"first","14":"instock","15":"taxable","16":"shipping-taxable","17":"product-type-simple"},"_links":{"self":[{"href":"https:\/\/monditaly.com\/kauppa\/wp-json\/wp\/v2\/product\/2049","targetHints":{"allow":["GET"]}}],"collection":[{"href":"https:\/\/monditaly.com\/kauppa\/wp-json\/wp\/v2\/product"}],"about":[{"href":"https:\/\/monditaly.com\/kauppa\/wp-json\/wp\/v2\/types\/product"}],"wp:featuredmedia":[{"embeddable":true,"href":"https:\/\/monditaly.com\/kauppa\/wp-json\/wp\/v2\/media\/2396"}],"wp:attachment":[{"href":"https:\/\/monditaly.com\/kauppa\/wp-json\/wp\/v2\/media?parent=2049"}],"wp:term":[{"taxonomy":"product_brand","embeddable":true,"href":"https:\/\/monditaly.com\/kauppa\/wp-json\/wp\/v2\/product_brand?post=2049"},{"taxonomy":"product_cat","embeddable":true,"href":"https:\/\/monditaly.com\/kauppa\/wp-json\/wp\/v2\/product_cat?post=2049"},{"taxonomy":"product_tag","embeddable":true,"href":"https:\/\/monditaly.com\/kauppa\/wp-json\/wp\/v2\/product_tag?post=2049"}],"curies":[{"name":"wp","href":"https:\/\/api.w.org\/{rel}","templated":true}]}}