{"id":2070,"date":"2021-10-13T14:11:36","date_gmt":"2021-10-13T11:11:36","guid":{"rendered":"https:\/\/monditaly.com\/kauppa\/?post_type=product&#038;p=2070"},"modified":"2025-06-30T12:56:53","modified_gmt":"2025-06-30T09:56:53","slug":"casa-temporin-spaghetti-tuorepasta-1ltk-1kg-x-5-kpl","status":"publish","type":"product","link":"https:\/\/monditaly.com\/kauppa\/tuote\/casa-temporin-spaghetti-tuorepasta-1ltk-1kg-x-5-kpl\/","title":{"rendered":"Casa Temporin Spaghetti fini tuorepasta 1ltk (1kg x 5 kpl)"},"content":{"rendered":"<h3>Ainesosat:<\/h3>\n<p><span data-sheets-formula-bar-text-style=\"font-size:7px;color:#000000;font-weight:normal;text-decoration:none;font-family:'docs-Lato';font-style:normal;text-decoration-skip-ink:none;\">Durumvehn\u00e4suurimot, kananmunat 20%. <strong>Sis\u00e4lt\u00e4\u00e4 vehn\u00e4gluteenia, kananmunia. Saattaa sis\u00e4lt\u00e4\u00e4 kalaa ja nilvi\u00e4isi\u00e4. Samassa tehtaassa k\u00e4sitell\u00e4\u00e4n: \u00e4yri\u00e4isi\u00e4, p\u00e4hkin\u00f6it\u00e4, sinappia, maitoa ja sen johdannaisia, soijaa, selleri\u00e4.<\/strong><\/span><\/p>\n<p><span data-sheets-formula-bar-text-style=\"font-size:7px;color:#000000;font-weight:normal;text-decoration:none;font-family:'docs-Lato';font-style:normal;text-decoration-skip-ink:none;\">Durumvetemj\u00f6l, \u00e4gg 20%. <\/span><strong>Inneh\u00e5ller gluten, \u00e4gg. Kan inneh\u00e5lla sp\u00e5r av fisk och mollusk. Producerad i en fabrik som hanterar: skaldjur, n\u00f6tter, senap, mj\u00f6lk och mj\u00f6lkbaserade produkter, soja, selleri.<\/strong><\/p>\n<h3>Ravintoarvot per 100g:<\/h3>\n<p>Energia \/ Energi 1253 kJ \/ 296 kcal<br \/>\nRasva \/ Fett 2,8 g josta tyydyttynytt\u00e4 \/ varav m\u00e4ttade 0,8 g<br \/>\nHiilihydraatit \/ Kolhydrat 55 g joista sokereita \/ varav sockerarter 1,7 g<br \/>\nProteiini \/ Protein 11 g<br \/>\nSuola \/ Salt 0,09 g<\/p>\n","protected":false},"excerpt":{"rendered":"<p><strong>Tuote myyd\u00e4\u00e4n myyntier\u00e4n\u00e4 1 ltk (5 kpl). \/ Sales unit 1 box (5 pcs).<\/strong><\/p>\n<p>Tuorepastaa kananmunista ja durumvehn\u00e4suurimoista. Pakattu suojakaasuun.<\/p>\n<p>Fresh pasta of durum wheat semolina with eggs. Packed with protective atmosphere.<\/p>\n","protected":false},"featured_media":7087,"template":"","meta":[],"product_brand":[],"product_cat":[36,163,164],"product_tag":[345,346,126],"class_list":{"0":"post-2070","1":"product","2":"type-product","3":"status-publish","4":"has-post-thumbnail","6":"product_cat-viileat","7":"product_cat-viileat-horeca","8":"product_cat-tuorepasta-horeca","9":"product_tag-fresh-pasta","10":"product_tag-pappardelle","11":"product_tag-tuorepasta","12":"product_shipping_class-viileat-pakaste","14":"first","15":"onbackorder","16":"taxable","17":"shipping-taxable","18":"product-type-simple"},"_links":{"self":[{"href":"https:\/\/monditaly.com\/kauppa\/wp-json\/wp\/v2\/product\/2070","targetHints":{"allow":["GET"]}}],"collection":[{"href":"https:\/\/monditaly.com\/kauppa\/wp-json\/wp\/v2\/product"}],"about":[{"href":"https:\/\/monditaly.com\/kauppa\/wp-json\/wp\/v2\/types\/product"}],"wp:featuredmedia":[{"embeddable":true,"href":"https:\/\/monditaly.com\/kauppa\/wp-json\/wp\/v2\/media\/7087"}],"wp:attachment":[{"href":"https:\/\/monditaly.com\/kauppa\/wp-json\/wp\/v2\/media?parent=2070"}],"wp:term":[{"taxonomy":"product_brand","embeddable":true,"href":"https:\/\/monditaly.com\/kauppa\/wp-json\/wp\/v2\/product_brand?post=2070"},{"taxonomy":"product_cat","embeddable":true,"href":"https:\/\/monditaly.com\/kauppa\/wp-json\/wp\/v2\/product_cat?post=2070"},{"taxonomy":"product_tag","embeddable":true,"href":"https:\/\/monditaly.com\/kauppa\/wp-json\/wp\/v2\/product_tag?post=2070"}],"curies":[{"name":"wp","href":"https:\/\/api.w.org\/{rel}","templated":true}]}}