{"id":2071,"date":"2021-10-13T14:14:57","date_gmt":"2021-10-13T11:14:57","guid":{"rendered":"https:\/\/monditaly.com\/kauppa\/?post_type=product&#038;p=2071"},"modified":"2025-01-15T13:44:45","modified_gmt":"2025-01-15T11:44:45","slug":"pastificio-temporin-tuorepasta-lasagnelevy-1ltk","status":"publish","type":"product","link":"https:\/\/monditaly.com\/kauppa\/tuote\/pastificio-temporin-tuorepasta-lasagnelevy-1ltk\/","title":{"rendered":"Pastificio Temporin tuorepasta lasagnelevy 1ltk (250g x 12 kpl)"},"content":{"rendered":"<h3>Ainesosat \/ Ingredienser:<\/h3>\n<p>Durumvehn\u00e4suurimot, kananmunat 20%. Sis\u00e4lt\u00e4\u00e4 <strong>vehn\u00e4gluteenia, kananmunia. <\/strong>Saattaa sis\u00e4lt\u00e4\u00e4 <strong>kalaa ja nilvi\u00e4isi\u00e4. <\/strong>Samassa tehtaassa k\u00e4sitell\u00e4\u00e4n:<strong> \u00e4yri\u00e4isi\u00e4, p\u00e4hkin\u00f6it\u00e4, sinappia, maitoa ja sen johdannaisia, soijaa, selleri\u00e4.<\/strong><\/p>\n<p>Durumvetemj\u00f6l, \u00e4gg 20%. Inneh\u00e5ller <strong>gluten, \u00e4gg. <\/strong>Kan inneh\u00e5lla sp\u00e5r av <strong>fisk, mollusk. <\/strong>Producerad i en fabrik som hanterar:<strong> skaldjur, n\u00f6tter, senap, mj\u00f6lk och mj\u00f6lkbaserade produkter, soja, selleri.<\/strong><\/p>\n<h3>Ravintoarvot per 100g:<\/h3>\n<p>Energia \/ Energi 1253 kJ \/ 296 kcal<br \/>\nRasva \/ Fett\u00a0 2,8 g<br \/>\njosta tyydyttyneit\u00e4 \/ varav m\u00e4ttade 0,8 g<br \/>\nHiilihydraatit \/ Kolhydrater\u00a0 55 g<br \/>\njoista sokereita \/ varav sockerarter 1,7 g<br \/>\nProteiini \/ Protein 11 g<br \/>\nSuola \/ Salt\u00a0 0,09 g<\/p>\n","protected":false},"excerpt":{"rendered":"<p><strong>Tuote myyd\u00e4\u00e4n myyntier\u00e4n\u00e4 1 ltk (12 kpl). \/ Sales unit 1 box (12 pcs).<\/strong><\/p>\n<p>Tuorelasagnelevy kananmunista ja durumvehn\u00e4suurimoista. Pakattu suojakaasuun.<\/p>\n<p>Fresh egg pasta of durum wheat semolina. Packed with protective atmosphere.<\/p>\n","protected":false},"featured_media":2532,"template":"","meta":[],"product_brand":[],"product_cat":[36,163,164],"product_tag":[347,126],"class_list":{"0":"post-2071","1":"product","2":"type-product","3":"status-publish","4":"has-post-thumbnail","6":"product_cat-viileat","7":"product_cat-viileat-horeca","8":"product_cat-tuorepasta-horeca","9":"product_tag-lasagne","10":"product_tag-tuorepasta","11":"product_shipping_class-viileat-pakaste","13":"first","14":"instock","15":"taxable","16":"shipping-taxable","17":"product-type-simple"},"_links":{"self":[{"href":"https:\/\/monditaly.com\/kauppa\/wp-json\/wp\/v2\/product\/2071","targetHints":{"allow":["GET"]}}],"collection":[{"href":"https:\/\/monditaly.com\/kauppa\/wp-json\/wp\/v2\/product"}],"about":[{"href":"https:\/\/monditaly.com\/kauppa\/wp-json\/wp\/v2\/types\/product"}],"wp:featuredmedia":[{"embeddable":true,"href":"https:\/\/monditaly.com\/kauppa\/wp-json\/wp\/v2\/media\/2532"}],"wp:attachment":[{"href":"https:\/\/monditaly.com\/kauppa\/wp-json\/wp\/v2\/media?parent=2071"}],"wp:term":[{"taxonomy":"product_brand","embeddable":true,"href":"https:\/\/monditaly.com\/kauppa\/wp-json\/wp\/v2\/product_brand?post=2071"},{"taxonomy":"product_cat","embeddable":true,"href":"https:\/\/monditaly.com\/kauppa\/wp-json\/wp\/v2\/product_cat?post=2071"},{"taxonomy":"product_tag","embeddable":true,"href":"https:\/\/monditaly.com\/kauppa\/wp-json\/wp\/v2\/product_tag?post=2071"}],"curies":[{"name":"wp","href":"https:\/\/api.w.org\/{rel}","templated":true}]}}