{"id":2073,"date":"2021-10-13T14:38:34","date_gmt":"2021-10-13T11:38:34","guid":{"rendered":"https:\/\/monditaly.com\/kauppa\/?post_type=product&#038;p=2073"},"modified":"2024-06-07T12:01:22","modified_gmt":"2024-06-07T09:01:22","slug":"viander-artisokat-auringonkukkaoljyssa-2400g","status":"publish","type":"product","link":"https:\/\/monditaly.com\/kauppa\/tuote\/viander-artisokat-auringonkukkaoljyssa-2400g\/","title":{"rendered":"Viander artisokat auringonkukka\u00f6ljyss\u00e4 2,4 kg"},"content":{"rendered":"<h3>Ainesosat \/ Ingredienser:<\/h3>\n<p>Artisokka, auringonkukka\u00f6ljy, viinietikka, suola, happamuudens\u00e4\u00e4t\u00f6aine: sitruunahappo (E330), hapettumisenestoaine: askorbiinihappo (E300). Sis\u00e4lt\u00e4\u00e4 <strong>sulfiitteja<\/strong>. Gluteeniton.<\/p>\n<p>Kron\u00e4rtskocka, solrosolja, vinvin\u00e4ger, salt, surhetsreglerande medel: citronsyra (E330), antioxidant: askorbinsyra (E300). Inneh\u00e5ller <strong>sulfiter<\/strong>. Glutenfri.<\/p>\n<h3>Ravintoarvot per 100g \/ N\u00e4ringsv\u00e4rde per 100g:<\/h3>\n<p>Energia \/ Energi 313 kJ \/ 76 kcal<br \/>\nRasva \/ Fett 6,0 g<br \/>\njosta tyydyttynytt\u00e4 \/ varav m\u00e4ttat 0,8 g<br \/>\nHiilihydraatit \/ Kolhydrat 2,3 g<br \/>\njoista sokereita \/ varav sockerarter\u00a0 1,7 g<br \/>\nKuitu \/ Fiber 5,0 g<br \/>\nProteiini \/ Protein 2,5 g<br \/>\nSuola \/ Salt\u00a0 1,7 g<\/p>\n","protected":false},"excerpt":{"rendered":"<p>Valikoituja kokonaisia kuorittuja artisokkia auringonkukka\u00f6ljyss\u00e4. S\u00e4ilyt\u00e4 viile\u00e4ss\u00e4 ja kuivassa paikassa valolta sek\u00e4 l\u00e4mm\u00f6lt\u00e4 suojattuna. S\u00e4ilyt\u00e4 avattu pakkaus j\u00e4\u00e4kaapissa ja k\u00e4yt\u00e4 lyhyen ajan sis\u00e4ll\u00e4.<\/p>\n<p>Selected whole artichokes plucked, preserved in sunflower oil, packed in tinplate and pasteurized.<\/p>\n","protected":false},"featured_media":3835,"template":"","meta":[],"product_brand":[],"product_cat":[46,70,81],"product_tag":[139,105,140,304,325],"class_list":{"0":"post-2073","1":"product","2":"type-product","3":"status-publish","4":"has-post-thumbnail","6":"product_cat-teolliset_elintarvikkeet","7":"product_cat-sailykkeet-horeca","8":"product_cat-vihannekset-horeca","9":"product_tag-artichoke","10":"product_tag-artisokka","11":"product_tag-carciofi","12":"product_tag-gluteeniton","13":"product_tag-gluten-free","14":"product_shipping_class-horeca","16":"first","17":"onbackorder","18":"taxable","19":"shipping-taxable","20":"product-type-simple"},"_links":{"self":[{"href":"https:\/\/monditaly.com\/kauppa\/wp-json\/wp\/v2\/product\/2073","targetHints":{"allow":["GET"]}}],"collection":[{"href":"https:\/\/monditaly.com\/kauppa\/wp-json\/wp\/v2\/product"}],"about":[{"href":"https:\/\/monditaly.com\/kauppa\/wp-json\/wp\/v2\/types\/product"}],"wp:featuredmedia":[{"embeddable":true,"href":"https:\/\/monditaly.com\/kauppa\/wp-json\/wp\/v2\/media\/3835"}],"wp:attachment":[{"href":"https:\/\/monditaly.com\/kauppa\/wp-json\/wp\/v2\/media?parent=2073"}],"wp:term":[{"taxonomy":"product_brand","embeddable":true,"href":"https:\/\/monditaly.com\/kauppa\/wp-json\/wp\/v2\/product_brand?post=2073"},{"taxonomy":"product_cat","embeddable":true,"href":"https:\/\/monditaly.com\/kauppa\/wp-json\/wp\/v2\/product_cat?post=2073"},{"taxonomy":"product_tag","embeddable":true,"href":"https:\/\/monditaly.com\/kauppa\/wp-json\/wp\/v2\/product_tag?post=2073"}],"curies":[{"name":"wp","href":"https:\/\/api.w.org\/{rel}","templated":true}]}}