{"id":2086,"date":"2021-10-13T16:13:43","date_gmt":"2021-10-13T13:13:43","guid":{"rendered":"https:\/\/monditaly.com\/kauppa\/?post_type=product&#038;p=2086"},"modified":"2026-01-02T12:32:08","modified_gmt":"2026-01-02T10:32:08","slug":"tenuta-marcati-valpolicella-ripasso","status":"publish","type":"product","link":"https:\/\/monditaly.com\/kauppa\/tuote\/tenuta-marcati-valpolicella-ripasso\/","title":{"rendered":"Tenuta Marcati Valpolicella Ripasso DOC 1ltk (6&#215;0,75l)"},"content":{"rendered":"<p>Maa: Italia<br \/>\nAlue: Veneto<br \/>\nViinityyppi: Punaviini<br \/>\nPullokoko: 0,75 l<br \/>\nRyp\u00e4leet: Corvina, Rondinella<br \/>\nSokerit: 5,9 g\/l<br \/>\nHapot: 5,5 g\/l<br \/>\nAlkoholi: 13,5 %<br \/>\nTuoksu: Hedelm\u00e4inen, kirsikkainen, luumuinen.<br \/>\nMaku: Voimakas, tasapainoinen.<\/p>\n<p>The technique of \u201cripasso\u201d (repassed) is an exclusive from the Valpolicella territory. The unpressed grape skins to make the Amarone wine are added to the already blended and fermented Valpolicella. This process adds to the wine a greater body and character. The \u201cripasso\u201d technique, together with the wine sharpening in oak barrels for at least one year, gives the wine a strong structure and a full red rubin colour. It is ideal with red meats, game and hard cheese. Best served at 18\u00b0C.<\/p>\n","protected":false},"excerpt":{"rendered":"<p id=\"tw-target-text\" class=\"tw-data-text tw-text-large tw-ta\" dir=\"ltr\" data-placeholder=\"Translation\"><span class=\"Y2IQFc\" lang=\"fi\">Perinteiset ryp\u00e4lelajikkeet Corvina ja Rondinella antavat t\u00e4lle viinille erehtym\u00e4tt\u00f6m\u00e4n puhtaan ja samettisen maun.<\/span><\/p>\n","protected":false},"featured_media":2284,"template":"","meta":[],"product_brand":[],"product_cat":[23,294,352,353],"product_tag":[356,357],"class_list":{"0":"post-2086","1":"product","2":"type-product","3":"status-publish","4":"has-post-thumbnail","6":"product_cat-juomat","7":"product_cat-juomat-horeca","8":"product_cat-viinit","9":"product_cat-punaviinit","10":"product_tag-punaviini","11":"product_tag-red-wine","12":"product_shipping_class-horeca","14":"first","15":"instock","16":"taxable","17":"shipping-taxable","18":"product-type-simple"},"_links":{"self":[{"href":"https:\/\/monditaly.com\/kauppa\/wp-json\/wp\/v2\/product\/2086","targetHints":{"allow":["GET"]}}],"collection":[{"href":"https:\/\/monditaly.com\/kauppa\/wp-json\/wp\/v2\/product"}],"about":[{"href":"https:\/\/monditaly.com\/kauppa\/wp-json\/wp\/v2\/types\/product"}],"wp:featuredmedia":[{"embeddable":true,"href":"https:\/\/monditaly.com\/kauppa\/wp-json\/wp\/v2\/media\/2284"}],"wp:attachment":[{"href":"https:\/\/monditaly.com\/kauppa\/wp-json\/wp\/v2\/media?parent=2086"}],"wp:term":[{"taxonomy":"product_brand","embeddable":true,"href":"https:\/\/monditaly.com\/kauppa\/wp-json\/wp\/v2\/product_brand?post=2086"},{"taxonomy":"product_cat","embeddable":true,"href":"https:\/\/monditaly.com\/kauppa\/wp-json\/wp\/v2\/product_cat?post=2086"},{"taxonomy":"product_tag","embeddable":true,"href":"https:\/\/monditaly.com\/kauppa\/wp-json\/wp\/v2\/product_tag?post=2086"}],"curies":[{"name":"wp","href":"https:\/\/api.w.org\/{rel}","templated":true}]}}