{"id":2087,"date":"2021-10-13T16:26:15","date_gmt":"2021-10-13T13:26:15","guid":{"rendered":"https:\/\/monditaly.com\/kauppa\/?post_type=product&#038;p=2087"},"modified":"2026-01-02T00:47:20","modified_gmt":"2026-01-01T22:47:20","slug":"velenosi-montepulciano-d-abruzzo-075l","status":"publish","type":"product","link":"https:\/\/monditaly.com\/kauppa\/tuote\/velenosi-montepulciano-d-abruzzo-075l\/","title":{"rendered":"Velenosi Montepulciano d&#8217;Abruzzo DOC 1ltk (12&#215;0,75l)"},"content":{"rendered":"<p>Maa: Italia<br \/>\nAlue: Veneto<br \/>\nViinityyppi: Punaviini<br \/>\nPullokoko: 0,75 l<br \/>\nRyp\u00e4leet: Montepulciano d\u2019Abruzzo<br \/>\nSokerit: 5 g\/l<br \/>\nHapot: 5,5 g\/l<br \/>\nAlkoholi: 13,5 %<\/p>\n<p>V\u00e4ri: Rubiininpunainen ja hieman violetti.<br \/>\nTuoksu: Keskitanniininen, hedelm\u00e4inen, kirsikkainen, vadelmainen, h\u00e4iv\u00e4hdys suklaata.<br \/>\nMaku: T\u00e4ytel\u00e4inen, eloisa, mehukas, notkea. Viinin t\u00e4ytel\u00e4isyys ja samettisuus takaavat voimakkaan maun. Mehev\u00e4 ja pehme\u00e4 suuntuntuma.<\/p>\n<p>Sight: Ruby red with violet hues.<\/p>\n<p>Smell: Fruity and fresh, with hints of red currant, strawberry and raspberries<\/p>\n<p>Taste: The richness and smoothness of this wine blend to offer an intense, lively taste. Juicy and supple mouthfeel.<\/p>\n<p>Vinification: VINIFICATION: After destemming, the grapes are placed in small stainless steel fermenting tanks. The maceration on skins lasts for approximately 20 days followed by the devatting and aging of the wine in stainless steel tanks.<\/p>\n","protected":false},"excerpt":{"rendered":"<p><span style=\"font-weight: 400;\">Pehme\u00e4n t\u00e4ytel\u00e4inen ja miellytt\u00e4v\u00e4n marjainen Montepulciano Controguerrasta, Abruzzosta.<\/span><\/p>\n","protected":false},"featured_media":5381,"template":"","meta":[],"product_brand":[],"product_cat":[23,294,352,353],"product_tag":[356,357],"class_list":{"0":"post-2087","1":"product","2":"type-product","3":"status-publish","4":"has-post-thumbnail","6":"product_cat-juomat","7":"product_cat-juomat-horeca","8":"product_cat-viinit","9":"product_cat-punaviinit","10":"product_tag-punaviini","11":"product_tag-red-wine","12":"product_shipping_class-horeca","14":"first","15":"instock","16":"taxable","17":"shipping-taxable","18":"product-type-simple"},"_links":{"self":[{"href":"https:\/\/monditaly.com\/kauppa\/wp-json\/wp\/v2\/product\/2087","targetHints":{"allow":["GET"]}}],"collection":[{"href":"https:\/\/monditaly.com\/kauppa\/wp-json\/wp\/v2\/product"}],"about":[{"href":"https:\/\/monditaly.com\/kauppa\/wp-json\/wp\/v2\/types\/product"}],"wp:featuredmedia":[{"embeddable":true,"href":"https:\/\/monditaly.com\/kauppa\/wp-json\/wp\/v2\/media\/5381"}],"wp:attachment":[{"href":"https:\/\/monditaly.com\/kauppa\/wp-json\/wp\/v2\/media?parent=2087"}],"wp:term":[{"taxonomy":"product_brand","embeddable":true,"href":"https:\/\/monditaly.com\/kauppa\/wp-json\/wp\/v2\/product_brand?post=2087"},{"taxonomy":"product_cat","embeddable":true,"href":"https:\/\/monditaly.com\/kauppa\/wp-json\/wp\/v2\/product_cat?post=2087"},{"taxonomy":"product_tag","embeddable":true,"href":"https:\/\/monditaly.com\/kauppa\/wp-json\/wp\/v2\/product_tag?post=2087"}],"curies":[{"name":"wp","href":"https:\/\/api.w.org\/{rel}","templated":true}]}}