{"id":2088,"date":"2021-10-13T16:28:28","date_gmt":"2021-10-13T13:28:28","guid":{"rendered":"https:\/\/monditaly.com\/kauppa\/?post_type=product&#038;p=2088"},"modified":"2026-02-04T09:32:23","modified_gmt":"2026-02-04T07:32:23","slug":"zanotelli-riesling-doc-trentino","status":"publish","type":"product","link":"https:\/\/monditaly.com\/kauppa\/tuote\/zanotelli-riesling-doc-trentino\/","title":{"rendered":"Zanotelli Riesling DOC Trentino 1ltk (6&#215;0,75l)"},"content":{"rendered":"<p>VARIETY: Riesling &#8211; white grape<br \/>\nVINEYARDS: Saos\u00e8nt (Cembra) GRAPE PRODUCTION: 70 q.li\/ha (DOC disciplinary q.li\/ha 140)<br \/>\nVINE TRAINING SYSTEM: gujot between 600 and 750 meters. above sea level.<br \/>\nFERMENTATION AND AGING: stainless steel temperature-controlled, long aging in bottle<br \/>\nCHARACTERISTICS: straw yellow. Rich in primary aromas, pleasantly fruity and delicate. Typical scent of hydrocarbons. Pleasantly sour, delicate and elegant.<br \/>\nSERVING SUGGESTIONS: ideal with fish dishes, hors d&#8217;oeuvres and soft cheeses.<\/p>\n<p>The Riesling is a white grape variety native in the valleys of the Rhine (Germany) where it was already cultivated in Roman times. It\u2019s a noble vine grapes used to produce the most valuable production of white wine of high quality. To enjoy it to the fullest, Rhine Riesling needs to rest in bottle at least two years to evolve into a complex bouquet of aromas and an exceptional taste.<\/p>\n<p>&nbsp;<\/p>\n<p>&nbsp;<\/p>\n","protected":false},"excerpt":{"rendered":"<p>Rajoitettu er\u00e4.<\/p>\n<p id=\"tw-target-text\" class=\"tw-data-text tw-text-large tw-ta\" dir=\"ltr\" data-placeholder=\"Translation\"><span class=\"Y2IQFc\" lang=\"fi\">Syv\u00e4n oljenkeltainen viini, jonka tuoksussa on herkk\u00e4\u00e4 hedelm\u00e4isyytt\u00e4. <\/span><\/p>\n","protected":false},"featured_media":2287,"template":"","meta":[],"product_brand":[],"product_cat":[23,294,352,354],"product_tag":[358],"class_list":{"0":"post-2088","1":"product","2":"type-product","3":"status-publish","4":"has-post-thumbnail","6":"product_cat-juomat","7":"product_cat-juomat-horeca","8":"product_cat-viinit","9":"product_cat-valkoviinit","10":"product_tag-white-wine","11":"product_shipping_class-horeca","13":"first","14":"instock","15":"taxable","16":"shipping-taxable","17":"product-type-simple"},"_links":{"self":[{"href":"https:\/\/monditaly.com\/kauppa\/wp-json\/wp\/v2\/product\/2088","targetHints":{"allow":["GET"]}}],"collection":[{"href":"https:\/\/monditaly.com\/kauppa\/wp-json\/wp\/v2\/product"}],"about":[{"href":"https:\/\/monditaly.com\/kauppa\/wp-json\/wp\/v2\/types\/product"}],"wp:featuredmedia":[{"embeddable":true,"href":"https:\/\/monditaly.com\/kauppa\/wp-json\/wp\/v2\/media\/2287"}],"wp:attachment":[{"href":"https:\/\/monditaly.com\/kauppa\/wp-json\/wp\/v2\/media?parent=2088"}],"wp:term":[{"taxonomy":"product_brand","embeddable":true,"href":"https:\/\/monditaly.com\/kauppa\/wp-json\/wp\/v2\/product_brand?post=2088"},{"taxonomy":"product_cat","embeddable":true,"href":"https:\/\/monditaly.com\/kauppa\/wp-json\/wp\/v2\/product_cat?post=2088"},{"taxonomy":"product_tag","embeddable":true,"href":"https:\/\/monditaly.com\/kauppa\/wp-json\/wp\/v2\/product_tag?post=2088"}],"curies":[{"name":"wp","href":"https:\/\/api.w.org\/{rel}","templated":true}]}}