{"id":2094,"date":"2021-10-13T21:07:08","date_gmt":"2021-10-13T18:07:08","guid":{"rendered":"https:\/\/monditaly.com\/kauppa\/?post_type=product&#038;p=2094"},"modified":"2026-01-02T12:27:45","modified_gmt":"2026-01-02T10:27:45","slug":"santome-pinot-grigio","status":"publish","type":"product","link":"https:\/\/monditaly.com\/kauppa\/tuote\/santome-pinot-grigio\/","title":{"rendered":"Santom\u00e8 Pinot Grigio 1ltk (6&#215;0,75l)"},"content":{"rendered":"<p>Maa: Italia<br \/>\nAlue: Veneto<br \/>\nViinityyppi: Valkoviini<br \/>\nPullokoko: 0,75 l<br \/>\nRyp\u00e4leet: Pinot Grigio<br \/>\nSokerit: 3 g\/l<br \/>\nHapot: 5,2 g\/l<br \/>\nAlkoholi: 13 %<\/p>\n<p>Tuoksu: Elegantti, voimakas, eksoottinen. Persikan, aprikoosin, ananaksen ja mangon vivahteet. Lopputuoksussa valkoisia kukkia ja kevytt\u00e4 mineraalisuutta.<br \/>\nMaku: Elegantti, l\u00e4mmin, pehme\u00e4, t\u00e4ytel\u00e4inen, kirpe\u00e4. T\u00e4ydellinen rakenne ja tasapaino hapokkuudessa. Pitk\u00e4 j\u00e4lkimaku.<br \/>\nVegaaninen<\/p>\n<p>A fragrance that is elegant and intense, reminding one of ripe peaches and apricots and the exotic fruit of<br \/>\npineapple and mango. In the finish emerge floral scents of white blossoms accompanied by a light mineral note. Elegant, warm, soft, rich and crisp, with an excellent structure and a balanced acidic presence, replays in the mouth the senses perceived by the nose, closes with a dry and enduring finish. It is ideat with particularly suited to fish risotto, fish soup, seafood, and grilled cuttlefish. It goes also well with smoked ham and soft cheeses. Best served at 18\/20\u00b0C.<\/p>\n","protected":false},"excerpt":{"rendered":"<p>Maussa mukavaa tuoreutta ja maukkutta sek\u00e4 kiehtovaa pehmeytt\u00e4, jossa on runsaasti hedelm\u00e4isi\u00e4 aromeja.<\/p>\n","protected":false},"featured_media":2288,"template":"","meta":[],"product_brand":[],"product_cat":[23,294,352,354],"product_tag":[359,369,358],"class_list":{"0":"post-2094","1":"product","2":"type-product","3":"status-publish","4":"has-post-thumbnail","6":"product_cat-juomat","7":"product_cat-juomat-horeca","8":"product_cat-viinit","9":"product_cat-valkoviinit","10":"product_tag-santome","11":"product_tag-valkoviini","12":"product_tag-white-wine","13":"product_shipping_class-horeca","15":"first","16":"instock","17":"taxable","18":"shipping-taxable","19":"product-type-simple"},"_links":{"self":[{"href":"https:\/\/monditaly.com\/kauppa\/wp-json\/wp\/v2\/product\/2094","targetHints":{"allow":["GET"]}}],"collection":[{"href":"https:\/\/monditaly.com\/kauppa\/wp-json\/wp\/v2\/product"}],"about":[{"href":"https:\/\/monditaly.com\/kauppa\/wp-json\/wp\/v2\/types\/product"}],"wp:featuredmedia":[{"embeddable":true,"href":"https:\/\/monditaly.com\/kauppa\/wp-json\/wp\/v2\/media\/2288"}],"wp:attachment":[{"href":"https:\/\/monditaly.com\/kauppa\/wp-json\/wp\/v2\/media?parent=2094"}],"wp:term":[{"taxonomy":"product_brand","embeddable":true,"href":"https:\/\/monditaly.com\/kauppa\/wp-json\/wp\/v2\/product_brand?post=2094"},{"taxonomy":"product_cat","embeddable":true,"href":"https:\/\/monditaly.com\/kauppa\/wp-json\/wp\/v2\/product_cat?post=2094"},{"taxonomy":"product_tag","embeddable":true,"href":"https:\/\/monditaly.com\/kauppa\/wp-json\/wp\/v2\/product_tag?post=2094"}],"curies":[{"name":"wp","href":"https:\/\/api.w.org\/{rel}","templated":true}]}}