{"id":2125,"date":"2021-10-17T20:08:53","date_gmt":"2021-10-17T17:08:53","guid":{"rendered":"https:\/\/monditaly.com\/kauppa\/?post_type=product&#038;p=2125"},"modified":"2026-01-02T00:44:31","modified_gmt":"2026-01-01T22:44:31","slug":"losi-chianti-classico-querciavalle","status":"publish","type":"product","link":"https:\/\/monditaly.com\/kauppa\/tuote\/losi-chianti-classico-querciavalle\/","title":{"rendered":"Losi Chianti Classico Querciavalle 1ltk (12&#215;0,75l)"},"content":{"rendered":"<p>Maa: Italia<br \/>\nAlue: Toscana<br \/>\nViinityyppi: Punaviini<br \/>\nPullokoko: 0,75 l<br \/>\nRyp\u00e4leet: Sangiovese, Canaiolo<br \/>\nSokerit: 1 g\/l<br \/>\nHapot: 5,5 g\/l<br \/>\nAlkoholi: 13,5 %<\/p>\n<p>Tuoksu: T\u00e4ytel\u00e4inen, keskitanniininen, kukkainen, kirsikkainen ja pippurinen.<br \/>\nMaku: T\u00e4ytel\u00e4inen, tanniininen, kirsikkainen, marjainen, hieman mineraalinen.<\/p>\n<p>Bright ruby with a tendency to garnet red wine; the impact on the nose is complex and intense with spicy, red ripe fruit and black berry fragrance. In the mouth, it is well-balanced with a noble tannic note. It is ideal with T-bone steak, lamb, wild boar and wild game, as well as truffle or mushroom risotto. Best served at 18\u00b0C.<\/p>\n","protected":false},"excerpt":{"rendered":"<p id=\"tw-target-text\" class=\"tw-data-text tw-text-large tw-ta\" dir=\"ltr\" data-placeholder=\"Translation\"><span class=\"Y2IQFc\" lang=\"fi\">Sangiovese, jossa on maanl\u00e4heisi\u00e4 kuivattuja yrttej\u00e4, mustia oliiveja ja kuivaa tanniinirakennetta. Loistava kumppani bistecca alla Fiorentinalle.<\/span><\/p>\n","protected":false},"featured_media":5380,"template":"","meta":[],"product_brand":[],"product_cat":[23,294,352,353],"product_tag":[361,356,357],"class_list":{"0":"post-2125","1":"product","2":"type-product","3":"status-publish","4":"has-post-thumbnail","6":"product_cat-juomat","7":"product_cat-juomat-horeca","8":"product_cat-viinit","9":"product_cat-punaviinit","10":"product_tag-chianti-classico","11":"product_tag-punaviini","12":"product_tag-red-wine","13":"product_shipping_class-horeca","15":"first","16":"instock","17":"taxable","18":"shipping-taxable","19":"product-type-simple"},"_links":{"self":[{"href":"https:\/\/monditaly.com\/kauppa\/wp-json\/wp\/v2\/product\/2125","targetHints":{"allow":["GET"]}}],"collection":[{"href":"https:\/\/monditaly.com\/kauppa\/wp-json\/wp\/v2\/product"}],"about":[{"href":"https:\/\/monditaly.com\/kauppa\/wp-json\/wp\/v2\/types\/product"}],"wp:featuredmedia":[{"embeddable":true,"href":"https:\/\/monditaly.com\/kauppa\/wp-json\/wp\/v2\/media\/5380"}],"wp:attachment":[{"href":"https:\/\/monditaly.com\/kauppa\/wp-json\/wp\/v2\/media?parent=2125"}],"wp:term":[{"taxonomy":"product_brand","embeddable":true,"href":"https:\/\/monditaly.com\/kauppa\/wp-json\/wp\/v2\/product_brand?post=2125"},{"taxonomy":"product_cat","embeddable":true,"href":"https:\/\/monditaly.com\/kauppa\/wp-json\/wp\/v2\/product_cat?post=2125"},{"taxonomy":"product_tag","embeddable":true,"href":"https:\/\/monditaly.com\/kauppa\/wp-json\/wp\/v2\/product_tag?post=2125"}],"curies":[{"name":"wp","href":"https:\/\/api.w.org\/{rel}","templated":true}]}}