{"id":2126,"date":"2021-10-17T20:19:08","date_gmt":"2021-10-17T17:19:08","guid":{"rendered":"https:\/\/monditaly.com\/kauppa\/?post_type=product&#038;p=2126"},"modified":"2026-02-04T09:47:46","modified_gmt":"2026-02-04T07:47:46","slug":"antoniana-marechiaro-italian-crisp-lager-1-ltk-24x-033l","status":"publish","type":"product","link":"https:\/\/monditaly.com\/kauppa\/tuote\/antoniana-marechiaro-italian-crisp-lager-1-ltk-24x-033l\/","title":{"rendered":"Antoniana Marechiaro Italian Crisp Lager 1 ltk (24x 0,33l)"},"content":{"rendered":"<p>Oluttyyppi Italialainen lager<br \/>\nAlkoholi 5,2%<br \/>\nIBU 23<\/p>\n","protected":false},"excerpt":{"rendered":"<p>Vaalea olut, jolla vahva maltainen runko, joka tukee humalan yrttisi\u00e4 ja kukallisia aromeja. V\u00e4limeren tuoksujen mukaisesti raikas ja aito olut, joka on oivallinen valinta perinteisen napolilaisen keitti\u00f6n annosten pariksi.<\/p>\n<p>A crispy blonde beer with a good malty body that sustains the herbal and floral aromas of hops. Fresh and genuine as the scents of the Mediterranean, it&#8217;s a &#8220;must&#8221; for pairings with traditional Neapolitan cuisine<\/p>\n","protected":false},"featured_media":5364,"template":"","meta":[],"product_brand":[],"product_cat":[23,294,363],"product_tag":[364,365,366],"class_list":{"0":"post-2126","1":"product","2":"type-product","3":"status-publish","4":"has-post-thumbnail","6":"product_cat-juomat","7":"product_cat-juomat-horeca","8":"product_cat-oluet-juomat-horeca","9":"product_tag-beer","10":"product_tag-olut","11":"product_tag-pizzaolut","12":"product_shipping_class-horeca","14":"first","15":"instock","16":"taxable","17":"shipping-taxable","18":"product-type-simple"},"_links":{"self":[{"href":"https:\/\/monditaly.com\/kauppa\/wp-json\/wp\/v2\/product\/2126","targetHints":{"allow":["GET"]}}],"collection":[{"href":"https:\/\/monditaly.com\/kauppa\/wp-json\/wp\/v2\/product"}],"about":[{"href":"https:\/\/monditaly.com\/kauppa\/wp-json\/wp\/v2\/types\/product"}],"wp:featuredmedia":[{"embeddable":true,"href":"https:\/\/monditaly.com\/kauppa\/wp-json\/wp\/v2\/media\/5364"}],"wp:attachment":[{"href":"https:\/\/monditaly.com\/kauppa\/wp-json\/wp\/v2\/media?parent=2126"}],"wp:term":[{"taxonomy":"product_brand","embeddable":true,"href":"https:\/\/monditaly.com\/kauppa\/wp-json\/wp\/v2\/product_brand?post=2126"},{"taxonomy":"product_cat","embeddable":true,"href":"https:\/\/monditaly.com\/kauppa\/wp-json\/wp\/v2\/product_cat?post=2126"},{"taxonomy":"product_tag","embeddable":true,"href":"https:\/\/monditaly.com\/kauppa\/wp-json\/wp\/v2\/product_tag?post=2126"}],"curies":[{"name":"wp","href":"https:\/\/api.w.org\/{rel}","templated":true}]}}