{"id":2150,"date":"2021-10-26T13:31:54","date_gmt":"2021-10-26T10:31:54","guid":{"rendered":"https:\/\/monditaly.com\/kauppa\/?post_type=product&#038;p=2150"},"modified":"2024-06-07T12:01:21","modified_gmt":"2024-06-07T09:01:21","slug":"ildia-aceto-balsamico-di-modena-1ltk","status":"publish","type":"product","link":"https:\/\/monditaly.com\/kauppa\/tuote\/ildia-aceto-balsamico-di-modena-1ltk\/","title":{"rendered":"Ildia Aceto Balsamico di Modena 1ltk (500ml x 6kpl)"},"content":{"rendered":"<h3>Ainesosat \/ Ingredienser:<\/h3>\n<h3>Ravintoarvot per 100g \/ N\u00e4ringsv\u00e4rde per 100g:<\/h3>\n","protected":false},"excerpt":{"rendered":"<p><strong>Tuote myyd\u00e4\u00e4n myyntier\u00e4n\u00e4 1 ltk (6 kpl). \/ Sales unit 1 box (6 pcs).<\/strong><\/p>\n","protected":false},"featured_media":0,"template":"","meta":[],"product_brand":[],"product_cat":[46,110,76,161],"product_tag":[414,100],"class_list":{"0":"post-2150","1":"product","2":"type-product","3":"status-publish","5":"product_cat-teolliset_elintarvikkeet","6":"product_cat-horeca-teolliset-elintarvikkeet","7":"product_cat-oljyt-balsamicot-ja-etikat-horeca","8":"product_cat-balsamicot-horeca","9":"product_tag-balsamic","10":"product_tag-balsamico","11":"product_shipping_class-horeca","13":"first","14":"instock","15":"taxable","16":"shipping-taxable","17":"product-type-simple"},"_links":{"self":[{"href":"https:\/\/monditaly.com\/kauppa\/wp-json\/wp\/v2\/product\/2150","targetHints":{"allow":["GET"]}}],"collection":[{"href":"https:\/\/monditaly.com\/kauppa\/wp-json\/wp\/v2\/product"}],"about":[{"href":"https:\/\/monditaly.com\/kauppa\/wp-json\/wp\/v2\/types\/product"}],"wp:attachment":[{"href":"https:\/\/monditaly.com\/kauppa\/wp-json\/wp\/v2\/media?parent=2150"}],"wp:term":[{"taxonomy":"product_brand","embeddable":true,"href":"https:\/\/monditaly.com\/kauppa\/wp-json\/wp\/v2\/product_brand?post=2150"},{"taxonomy":"product_cat","embeddable":true,"href":"https:\/\/monditaly.com\/kauppa\/wp-json\/wp\/v2\/product_cat?post=2150"},{"taxonomy":"product_tag","embeddable":true,"href":"https:\/\/monditaly.com\/kauppa\/wp-json\/wp\/v2\/product_tag?post=2150"}],"curies":[{"name":"wp","href":"https:\/\/api.w.org\/{rel}","templated":true}]}}