{"id":2151,"date":"2021-10-26T13:41:21","date_gmt":"2021-10-26T10:41:21","guid":{"rendered":"https:\/\/monditaly.com\/kauppa\/?post_type=product&#038;p=2151"},"modified":"2024-07-05T14:04:04","modified_gmt":"2024-07-05T11:04:04","slug":"viander-pieni-sisilialainen-cannoli-1ltk","status":"publish","type":"product","link":"https:\/\/monditaly.com\/kauppa\/tuote\/viander-pieni-sisilialainen-cannoli-1ltk\/","title":{"rendered":"Viander pieni sisilialainen cannoli 1ltk (220kpl)"},"content":{"rendered":"<h3>Ainesosat \/ Ingredienser:<\/h3>\n<div><strong>Vehn\u00e4jauho<\/strong>, laardi, sokeri, margariini [kasvisrasvat ja -\u00f6ljyt (palmu- ja auringonkukka\u00f6ljy), vesi, happamuudens\u00e4\u00e4t\u00f6aine: sitruunahappo (E330), aromeita)], suola, viini, aromeita. <strong>Saattaa sis\u00e4lt\u00e4\u00e4 kananmunia, soijaa, p\u00e4hkin\u00f6it\u00e4, maap\u00e4hkin\u00f6it\u00e4<\/strong>. Paistettu palmu\u00f6ljyss\u00e4.<\/div>\n<div><\/div>\n<div><strong>Vetemj\u00f6l<\/strong>, ister, socker, margarin [vegetabiliska fetter och oljor (palm- och solrosolja), vatten, surhetsreglerande medel: citronsyra (E330), aromer)], salt, vin, aromer. <strong>Kan inneh\u00e5lla \u00e4gg, soja, n\u00f6tter, jordn\u00f6tter<\/strong>. Stekt i palmolja.<\/div>\n<h3>Ravintoarvot per 100g \/ N\u00e4ringsv\u00e4rde per 100g:<\/h3>\n<p>Energia \/ Energi 1508kJ \/ 356 kcal<br \/>\nRasva \/ Fett 5,2 g<br \/>\njosta tyydyttynytt\u00e4 \/ varav m\u00e4ttade 4,3 g<br \/>\nHiilihydraatit \/ Kolhydrat 63,2 g<br \/>\njoista sokereita \/ varav sockerarter 50,6 g<br \/>\nKuitu \/ Fiber 0,9 g<br \/>\nProteiini \/ Protein 14,2 g<br \/>\nSuola \/ Salt 0,53 g<\/p>\n","protected":false},"excerpt":{"rendered":"<p>Sisilialainen, rapea cannoli-vohveli, lieri\u00f6m\u00e4inen muoto.<\/p>\n<p>Small Sicilian cannolo. Crispy waffle of cylindrical-trapezoidal shape.<\/p>\n","protected":false},"featured_media":2190,"template":"","meta":[],"product_brand":[],"product_cat":[46,110,72,235],"product_tag":[],"class_list":{"0":"post-2151","1":"product","2":"type-product","3":"status-publish","4":"has-post-thumbnail","6":"product_cat-teolliset_elintarvikkeet","7":"product_cat-horeca-teolliset-elintarvikkeet","8":"product_cat-leivat-keksit-ja-leivonnaiset-horeca","9":"product_cat-leivonnaiset-horeca","10":"product_shipping_class-horeca","12":"first","13":"instock","14":"taxable","15":"shipping-taxable","16":"product-type-simple"},"_links":{"self":[{"href":"https:\/\/monditaly.com\/kauppa\/wp-json\/wp\/v2\/product\/2151","targetHints":{"allow":["GET"]}}],"collection":[{"href":"https:\/\/monditaly.com\/kauppa\/wp-json\/wp\/v2\/product"}],"about":[{"href":"https:\/\/monditaly.com\/kauppa\/wp-json\/wp\/v2\/types\/product"}],"wp:featuredmedia":[{"embeddable":true,"href":"https:\/\/monditaly.com\/kauppa\/wp-json\/wp\/v2\/media\/2190"}],"wp:attachment":[{"href":"https:\/\/monditaly.com\/kauppa\/wp-json\/wp\/v2\/media?parent=2151"}],"wp:term":[{"taxonomy":"product_brand","embeddable":true,"href":"https:\/\/monditaly.com\/kauppa\/wp-json\/wp\/v2\/product_brand?post=2151"},{"taxonomy":"product_cat","embeddable":true,"href":"https:\/\/monditaly.com\/kauppa\/wp-json\/wp\/v2\/product_cat?post=2151"},{"taxonomy":"product_tag","embeddable":true,"href":"https:\/\/monditaly.com\/kauppa\/wp-json\/wp\/v2\/product_tag?post=2151"}],"curies":[{"name":"wp","href":"https:\/\/api.w.org\/{rel}","templated":true}]}}