{"id":2155,"date":"2021-10-26T13:57:32","date_gmt":"2021-10-26T10:57:32","guid":{"rendered":"https:\/\/monditaly.com\/kauppa\/?post_type=product&#038;p=2155"},"modified":"2024-08-09T19:52:22","modified_gmt":"2024-08-09T16:52:22","slug":"rognoni-piave-mezzano-dop-juusto-1500g","status":"publish","type":"product","link":"https:\/\/monditaly.com\/kauppa\/tuote\/rognoni-piave-mezzano-dop-juusto-1500g\/","title":{"rendered":"Rognoni Piave Mezzano D.O.P. juusto n. 1,5kg"},"content":{"rendered":"<h3>Ainesosat:<\/h3>\n<h3>Ravintoarvot per 100g:<\/h3>\n<p>Energia \/ Energi 1704 kJ \/ 411 kcal<br \/>\nRasva \/ Fett 34,0 g josta tyydyttynytt\u00e4 \/ varav m\u00e4ttade 23,0 g<br \/>\nHiilihydraatit \/ Kolhydrat 0,0 g joista sokereita \/ varav sockerarter 0,0 g<br \/>\nProteiini \/ Protein 25,0 g<br \/>\nSuola \/ Salt 1,7g g<\/p>\n<p>&nbsp;<\/p>\n","protected":false},"excerpt":{"rendered":"<p>Perinteinen p\u00f6yt\u00e4juusto, kypsytetty, kova. Se valmistetaan Bellunon maakunnassa, Dolomiti Bellunesin kansallispuiston rajojen l\u00e4heisyydess\u00e4, miss\u00e4 kukinnoiltaan runsaat rehukasvit antavat maidolle erityisi\u00e4 aistinvaraisia ominaisuuksia.<\/p>\n<p>Traditionell bordost, kokt, h\u00e5rd. Den tillverkas i Belluno-provinsen, vid gr\u00e4nsen till nationalparken Dolomiti Bellunesi, d\u00e4r de blomrika foderv\u00e4xterna ger mj\u00f6lken s\u00e4rskilda sensoriska egenskaper.<\/p>\n","protected":false},"featured_media":2200,"template":"","meta":[],"product_brand":[],"product_cat":[196,36,163,246,249],"product_tag":[187],"class_list":{"0":"post-2155","1":"product","2":"type-product","3":"status-publish","4":"has-post-thumbnail","6":"product_cat-kilokauppa","7":"product_cat-viileat","8":"product_cat-viileat-horeca","9":"product_cat-juustot-horeca","10":"product_cat-kovat-juustot-horeca","11":"product_tag-cheese","12":"product_shipping_class-viileat-pakaste","14":"first","15":"onbackorder","16":"taxable","17":"shipping-taxable","18":"product-type-simple"},"_links":{"self":[{"href":"https:\/\/monditaly.com\/kauppa\/wp-json\/wp\/v2\/product\/2155","targetHints":{"allow":["GET"]}}],"collection":[{"href":"https:\/\/monditaly.com\/kauppa\/wp-json\/wp\/v2\/product"}],"about":[{"href":"https:\/\/monditaly.com\/kauppa\/wp-json\/wp\/v2\/types\/product"}],"wp:featuredmedia":[{"embeddable":true,"href":"https:\/\/monditaly.com\/kauppa\/wp-json\/wp\/v2\/media\/2200"}],"wp:attachment":[{"href":"https:\/\/monditaly.com\/kauppa\/wp-json\/wp\/v2\/media?parent=2155"}],"wp:term":[{"taxonomy":"product_brand","embeddable":true,"href":"https:\/\/monditaly.com\/kauppa\/wp-json\/wp\/v2\/product_brand?post=2155"},{"taxonomy":"product_cat","embeddable":true,"href":"https:\/\/monditaly.com\/kauppa\/wp-json\/wp\/v2\/product_cat?post=2155"},{"taxonomy":"product_tag","embeddable":true,"href":"https:\/\/monditaly.com\/kauppa\/wp-json\/wp\/v2\/product_tag?post=2155"}],"curies":[{"name":"wp","href":"https:\/\/api.w.org\/{rel}","templated":true}]}}