{"id":2174,"date":"2021-10-27T14:21:01","date_gmt":"2021-10-27T11:21:01","guid":{"rendered":"https:\/\/monditaly.com\/kauppa\/?post_type=product&#038;p=2174"},"modified":"2024-08-09T19:52:22","modified_gmt":"2024-08-09T16:52:22","slug":"ibis-ventricina-salami-2800g","status":"publish","type":"product","link":"https:\/\/monditaly.com\/kauppa\/tuote\/ibis-ventricina-salami-2800g\/","title":{"rendered":"Ibis Ventricina salami n. 2,8kg"},"content":{"rendered":"<h3>Ainesosat:<\/h3>\n<p><span data-sheets-value=\"{&quot;1&quot;:2,&quot;2&quot;:&quot;sika, pippuri, suola, dekstroosi, mausteet, makuaineet, hapettumisenestoaine: natriumaskorbaatti (E301; 300ppm), s\u00e4il\u00f6nt\u00e4aineet: natriumnitriitti (E250; 150ppm), kaliumnitraatti (E252; 150ppm). &quot;}\" data-sheets-userformat=\"{&quot;2&quot;:5089,&quot;3&quot;:{&quot;1&quot;:0},&quot;8&quot;:{&quot;1&quot;:[{&quot;1&quot;:2,&quot;2&quot;:0,&quot;5&quot;:{&quot;1&quot;:0}},{&quot;1&quot;:0,&quot;2&quot;:0,&quot;3&quot;:3},{&quot;1&quot;:1,&quot;2&quot;:0,&quot;4&quot;:1}]},&quot;9&quot;:0,&quot;10&quot;:0,&quot;11&quot;:4,&quot;12&quot;:0,&quot;15&quot;:&quot;Arial&quot;}\">sika, pippuri, suola, dekstroosi, mausteet, makuaineet, hapettumisenestoaine: natriumaskorbaatti (E301; 300ppm), s\u00e4il\u00f6nt\u00e4aineet: natriumnitriitti (E250; 150ppm), kaliumnitraatti (E252; 150ppm). <\/span><\/p>\n<h3>Ravintoarvot per 100g:<\/h3>\n<p>Energia \/ Energi 1709kJ \/ 413kcal<br \/>\nRasva \/ Fett 36g josta tyydyttynytt\u00e4 \/ varav m\u00e4ttade 12,9g<br \/>\nHiilihydraatit \/ Kolhydrater 0,2g joista sokereita \/ varav sockerarter 0,2g<br \/>\nProteiini \/ Protein 22g<br \/>\nSuola \/ Salt 3,5g<\/p>\n","protected":false},"excerpt":{"rendered":"<p><span data-sheets-value=\"{&quot;1&quot;:2,&quot;2&quot;:&quot;Calabrian perinteiden mukaan valmistettu karkea ja mausteinen sianlihasalami. Lihaan sekoitetaan suolaa ja mausteita, jonka j\u00e4lkeen se laitetaan tyypilliseen pavun muotoiseen kuoreen ja sen annetaan kypsy\u00e4. Kypsytysajan j\u00e4lkeen tuote pest\u00e4\u00e4n ja laitetaan punaiseen verkkoon.&quot;}\" data-sheets-userformat=\"{&quot;2&quot;:4544,&quot;9&quot;:0,&quot;10&quot;:2,&quot;11&quot;:4,&quot;15&quot;:&quot;Arial&quot;}\">Calabrian perinteiden mukaan valmistettu karkea ja mausteinen sianlihasalami. Lihaan sekoitetaan suolaa ja mausteita, jonka j\u00e4lkeen se laitetaan\u00a0 pavun muotoiseen kuoreen ja sen annetaan kypsy\u00e4. Kypsytysajan j\u00e4lkeen tuote on pesty ja laitettu punaiseen verkkoon. Tuote on maidoton ja gluteeniton.<\/span><\/p>\n","protected":false},"featured_media":2360,"template":"","meta":[],"product_brand":[],"product_cat":[196,36,163,165,166],"product_tag":[192],"class_list":{"0":"post-2174","1":"product","2":"type-product","3":"status-publish","4":"has-post-thumbnail","6":"product_cat-kilokauppa","7":"product_cat-viileat","8":"product_cat-viileat-horeca","9":"product_cat-lihat-horeca","10":"product_cat-salamit-ja-kinkut-horeca","11":"product_tag-salame","12":"product_shipping_class-viileat-pakaste","14":"first","15":"outofstock","16":"taxable","17":"shipping-taxable","18":"product-type-simple"},"_links":{"self":[{"href":"https:\/\/monditaly.com\/kauppa\/wp-json\/wp\/v2\/product\/2174","targetHints":{"allow":["GET"]}}],"collection":[{"href":"https:\/\/monditaly.com\/kauppa\/wp-json\/wp\/v2\/product"}],"about":[{"href":"https:\/\/monditaly.com\/kauppa\/wp-json\/wp\/v2\/types\/product"}],"wp:featuredmedia":[{"embeddable":true,"href":"https:\/\/monditaly.com\/kauppa\/wp-json\/wp\/v2\/media\/2360"}],"wp:attachment":[{"href":"https:\/\/monditaly.com\/kauppa\/wp-json\/wp\/v2\/media?parent=2174"}],"wp:term":[{"taxonomy":"product_brand","embeddable":true,"href":"https:\/\/monditaly.com\/kauppa\/wp-json\/wp\/v2\/product_brand?post=2174"},{"taxonomy":"product_cat","embeddable":true,"href":"https:\/\/monditaly.com\/kauppa\/wp-json\/wp\/v2\/product_cat?post=2174"},{"taxonomy":"product_tag","embeddable":true,"href":"https:\/\/monditaly.com\/kauppa\/wp-json\/wp\/v2\/product_tag?post=2174"}],"curies":[{"name":"wp","href":"https:\/\/api.w.org\/{rel}","templated":true}]}}