{"id":2290,"date":"2021-11-22T12:01:49","date_gmt":"2021-11-22T10:01:49","guid":{"rendered":"https:\/\/monditaly.com\/kauppa\/?post_type=product&#038;p=2290"},"modified":"2026-01-02T10:12:53","modified_gmt":"2026-01-02T08:12:53","slug":"santome-raboso-parcel-912-1ltk-6x075l","status":"publish","type":"product","link":"https:\/\/monditaly.com\/kauppa\/tuote\/santome-raboso-parcel-912-1ltk-6x075l\/","title":{"rendered":"Santom\u00e8 Raboso Parcel #912 1ltk (6&#215;0,75l)"},"content":{"rendered":"<p>Maa: Italia<br \/>\nAlue: Veneto<br \/>\nViinityyppi: Punaviini<br \/>\nPullokoko: 0,75 l<br \/>\nRyp\u00e4leet: Raboso Piave<br \/>\nSokerit: 10,1 g\/l<br \/>\nHapot: 6,3 g\/l<br \/>\nAlkoholi: 14,5 %<\/p>\n<p>Tuoksu: Kyps\u00e4n kirsikkainen, nahkainen.<br \/>\nMaku: Hienostuneen t\u00e4ytel\u00e4inen, pehme\u00e4, harmoonisen hapokas.<br \/>\nVegaaninen.<\/p>\n<p>Intense, ripe. The Oriental spicy scent is prevailing together with nutmeg and pepper, followed by dry hay and leather. Still apparent is the cherry and with delicate mint and eucalyptus notes. Full, rich, presenting well\u2013balanced acidity, soft,<br \/>\nfull-bodied with dry final taste. Well persisting. It is excellent with game, red meat, grilled dishes and very mature cheese. Best served at 18\/20\u00b0C.<\/p>\n","protected":false},"excerpt":{"rendered":"<p>Ansaitsee lempinimen &#8220;super venetsialainen&#8221;.<\/p>\n","protected":false},"featured_media":2291,"template":"","meta":[],"product_brand":[],"product_cat":[23,294,352,353],"product_tag":[356,357,359],"class_list":{"0":"post-2290","1":"product","2":"type-product","3":"status-publish","4":"has-post-thumbnail","6":"product_cat-juomat","7":"product_cat-juomat-horeca","8":"product_cat-viinit","9":"product_cat-punaviinit","10":"product_tag-punaviini","11":"product_tag-red-wine","12":"product_tag-santome","13":"product_shipping_class-horeca","15":"first","16":"instock","17":"taxable","18":"shipping-taxable","19":"product-type-simple"},"_links":{"self":[{"href":"https:\/\/monditaly.com\/kauppa\/wp-json\/wp\/v2\/product\/2290","targetHints":{"allow":["GET"]}}],"collection":[{"href":"https:\/\/monditaly.com\/kauppa\/wp-json\/wp\/v2\/product"}],"about":[{"href":"https:\/\/monditaly.com\/kauppa\/wp-json\/wp\/v2\/types\/product"}],"wp:featuredmedia":[{"embeddable":true,"href":"https:\/\/monditaly.com\/kauppa\/wp-json\/wp\/v2\/media\/2291"}],"wp:attachment":[{"href":"https:\/\/monditaly.com\/kauppa\/wp-json\/wp\/v2\/media?parent=2290"}],"wp:term":[{"taxonomy":"product_brand","embeddable":true,"href":"https:\/\/monditaly.com\/kauppa\/wp-json\/wp\/v2\/product_brand?post=2290"},{"taxonomy":"product_cat","embeddable":true,"href":"https:\/\/monditaly.com\/kauppa\/wp-json\/wp\/v2\/product_cat?post=2290"},{"taxonomy":"product_tag","embeddable":true,"href":"https:\/\/monditaly.com\/kauppa\/wp-json\/wp\/v2\/product_tag?post=2290"}],"curies":[{"name":"wp","href":"https:\/\/api.w.org\/{rel}","templated":true}]}}